{"id":129,"date":"2020-08-13T16:25:06","date_gmt":"2020-08-13T16:25:06","guid":{"rendered":"https:\/\/roxxlyn.com\/?page_id=129"},"modified":"2024-11-14T17:45:38","modified_gmt":"2024-11-14T17:45:38","slug":"faq","status":"publish","type":"page","link":"https:\/\/roxxlyn.com\/da\/faq\/","title":{"rendered":"OFTE STILLEDE SP\u00d8RGSM\u00c5L"},"content":{"rendered":"<div data-elementor-type=\"wp-page\" data-elementor-id=\"129\" class=\"elementor elementor-129\" data-elementor-post-type=\"page\">\n\t\t\t\t\t\t<section class=\"elementor-section elementor-top-section elementor-element elementor-element-3564859 elementor-section-boxed elementor-section-height-default elementor-section-height-default\" data-id=\"3564859\" data-element_type=\"section\" data-e-type=\"section\">\n\t\t\t\t\t\t<div class=\"elementor-container elementor-column-gap-default\">\n\t\t\t\t\t<div class=\"elementor-column elementor-col-100 elementor-top-column elementor-element elementor-element-4998c23\" data-id=\"4998c23\" data-element_type=\"column\" data-e-type=\"column\">\n\t\t\t<div class=\"elementor-widget-wrap elementor-element-populated\">\n\t\t\t\t\t\t<div class=\"elementor-element elementor-element-07c9ff0 elementor-widget elementor-widget-text-editor\" data-id=\"07c9ff0\" data-element_type=\"widget\" data-e-type=\"widget\" data-widget_type=\"text-editor.default\">\n\t\t\t\t<div class=\"elementor-widget-container\">\n\t\t\t\t\t\t\t\t\t<p><strong>1. Er Roxxlyns produkter virkelig lavet af \u00e6gte sten?<\/strong><br \/>Ja, Roxxlyn bruger kun \u00e6gte natursten som f.eks. marmor og skifer. Hver sten er n\u00f8je udvalgt for at sikre den h\u00f8jeste kvalitet og for at fremvise den unikke struktur og sk\u00f8nhed, som kun autentiske sten kan tilbyde.<\/p><p><strong>2. Hvor fremstilles Roxxlyns produkter?<\/strong><br \/>Alle vores produkter er fremstillet i Tyskland. Ved at producere lokalt opretholder vi de h\u00f8jeste standarder for design, kvalitet og b\u00e6redygtighed. Hvert produkt er omhyggeligt og dygtigt h\u00e5ndlavet.<\/p><p><strong>3. Hvad g\u00f8r skifer s\u00e5 unik?<\/strong><br \/>Skifer har en karakteristisk lagdelt struktur med en subtilt ru overflade, der giver den et moderne, organisk udseende. Med tiden udvikler skifer en mat patina, der forst\u00e6rker dens naturlige charme. Vores skiferprodukter er lette, slidst\u00e6rke og har en behagelig taktil, gribende fornemmelse.<\/p><p><strong>4. Hvilke egenskaber har marmor, og hvordan \u00e6ndrer det sig over tid?<\/strong><br \/>Marmor har en poleret, h\u00f8jglansoverflade og karakteristiske \u00e5rer. Med tiden kan overfladen miste noget af sin glans p\u00e5 grund af slitage. Den oprindelige glans kan dog let genskabes med en simpel polering. Marmor er perfekt til dem, der s\u00e6tter pris p\u00e5 en luksuri\u00f8s, langtidsholdbar \u00e6stetik.<\/p><p><strong>5. Hvordan plejer jeg marmor og skifer?<\/strong><\/p><p><strong>Marmor:<\/strong> Du skal blot reng\u00f8re marmoroverfladen med en bl\u00f8d, fugtig klud. Hvis overfladen bliver mat, kan du bruge et polermiddel til at genskabe glansen. Vi tilbyder kompatible plejeprodukter og tilbeh\u00f8r i vores \"Instruktioner\"-sektion, som g\u00f8r det nemt at polere og vedligeholde.<br \/><strong>Skifer<\/strong>: Brug lidt glasrens og en bl\u00f8d klud til forsigtigt at t\u00f8rre overfladen af skifer. Denne enkle pleje bevarer den naturlige tekstur, og med tiden udvikler skifer en attraktiv patina.<\/p><p><strong>6. Er skifer og marmor modstandsdygtige over for ridser?<\/strong><br \/>Natursten som skifer og marmor er ikke helt modstandsdygtige over for ridser, s\u00e5 det er en god id\u00e9 at v\u00e6re lidt forsigtig. Skifer udvikler en naturlig patina med tiden, som hj\u00e6lper med at camouflere mindre m\u00e6rker. Marmor kan poleres efter behov for at fjerne lette ridser og genskabe den blanke overflade.<\/p><p><strong>7. Hvordan f\u00f8les skifer og marmor?<\/strong><br \/>Skifer har en naturlig struktureret, mat finish, der giver en moderne, jordn\u00e6r fornemmelse med et behageligt greb. Marmor er derimod glat, k\u00f8ligt og h\u00f8jglans - ideelt til dem, der foretr\u00e6kker et elegant, poleret udseende. Begge materialer giver en uovertruffen taktil oplevelse.<\/p><p><strong>8. \u00c6ndrer stenens farve sig over tid?<\/strong><br \/>Vores natursten bevarer deres farve og struktur i mange \u00e5r. Skifer udvikler en smuk, mat patina, mens marmorens glans kan bevares med lejlighedsvis polering. Begge materialer er UV-bestandige og falmer ikke selv ved regelm\u00e6ssig soleksponering.<\/p><p><strong>9. Er slate velegnet til tilbeh\u00f8r som f.eks. etuier?<\/strong><br \/>Helt sikkert! Takket v\u00e6re innovative forarbejdningsteknikker er vores skifer ultratynd og alligevel st\u00e6rk, hvilket g\u00f8r den ideel til tilbeh\u00f8r til daglig brug som f.eks. etuier til telefoner. Stenens unikke tekstur f\u00f8les sikker og behagelig i h\u00e5nden.<\/p><p><strong>10. Hvor f\u00e5r Roxxlyn sine sten fra?<\/strong><br \/>Vi f\u00e5r vores natursten fra b\u00e6redygtigt forvaltede stenbrud og prioriterer ansvarlig materialeindsamling. Hvert m\u00f8bel gennemg\u00e5r en grundig kvalitetskontrol for at leve op til vores h\u00f8jeste standarder, s\u00e5 stenens naturlige sk\u00f8nhed kan skinne igennem.<\/p>\t\t\t\t\t\t\t\t<\/div>\n\t\t\t\t<\/div>\n\t\t\t\t\t<\/div>\n\t\t<\/div>\n\t\t\t\t\t<\/div>\n\t\t<\/section>\n\t\t\t\t<\/div>","protected":false},"excerpt":{"rendered":"<p>1. Er Roxxlyns produkter virkelig lavet af \u00e6gte sten? Ja, Roxxlyn bruger kun \u00e6gte natursten som f.eks. marmor og skifer. Hver sten er n\u00f8je udvalgt for at sikre den h\u00f8jeste kvalitet...<\/p>","protected":false},"author":2904,"featured_media":0,"parent":0,"menu_order":0,"comment_status":"closed","ping_status":"closed","template":"","meta":{"inline_featured_image":false,"footnotes":""},"class_list":["post-129","page","type-page","status-publish","hentry"],"_links":{"self":[{"href":"https:\/\/roxxlyn.com\/da\/wp-json\/wp\/v2\/pages\/129","targetHints":{"allow":["GET"]}}],"collection":[{"href":"https:\/\/roxxlyn.com\/da\/wp-json\/wp\/v2\/pages"}],"about":[{"href":"https:\/\/roxxlyn.com\/da\/wp-json\/wp\/v2\/types\/page"}],"author":[{"embeddable":true,"href":"https:\/\/roxxlyn.com\/da\/wp-json\/wp\/v2\/users\/2904"}],"replies":[{"embeddable":true,"href":"https:\/\/roxxlyn.com\/da\/wp-json\/wp\/v2\/comments?post=129"}],"version-history":[{"count":0,"href":"https:\/\/roxxlyn.com\/da\/wp-json\/wp\/v2\/pages\/129\/revisions"}],"wp:attachment":[{"href":"https:\/\/roxxlyn.com\/da\/wp-json\/wp\/v2\/media?parent=129"}],"curies":[{"name":"wp","href":"https:\/\/api.w.org\/{rel}","templated":true}]}}