{"id":12302,"date":"2025-09-05T14:17:02","date_gmt":"2025-09-05T14:17:02","guid":{"rendered":"https:\/\/roxxlyn.com\/?page_id=12302"},"modified":"2025-10-15T11:24:51","modified_gmt":"2025-10-15T11:24:51","slug":"shipping-and-duties","status":"publish","type":"page","link":"https:\/\/roxxlyn.com\/da\/shipping-and-duties\/","title":{"rendered":"Gratis forsendelse over hele verden - enkelt. Gennemsigtig. Roxxlyn."},"content":{"rendered":"<div data-elementor-type=\"wp-page\" data-elementor-id=\"12302\" class=\"elementor elementor-12302\" data-elementor-post-type=\"page\">\n\t\t\t\t\t\t<section class=\"elementor-section elementor-top-section elementor-element elementor-element-06a08f9 elementor-section-boxed elementor-section-height-default elementor-section-height-default\" data-id=\"06a08f9\" data-element_type=\"section\" data-e-type=\"section\">\n\t\t\t\t\t\t<div class=\"elementor-container elementor-column-gap-default\">\n\t\t\t\t\t<div class=\"elementor-column elementor-col-100 elementor-top-column elementor-element elementor-element-90e7b84\" data-id=\"90e7b84\" data-element_type=\"column\" data-e-type=\"column\">\n\t\t\t<div class=\"elementor-widget-wrap elementor-element-populated\">\n\t\t\t\t\t\t<div class=\"elementor-element elementor-element-3e1c834 elementor-widget elementor-widget-text-editor\" data-id=\"3e1c834\" data-element_type=\"widget\" data-e-type=\"widget\" data-widget_type=\"text-editor.default\">\n\t\t\t\t<div class=\"elementor-widget-container\">\n\t\t\t\t\t\t\t\t\t<p data-start=\"494\" data-end=\"580\">Hos Roxxlyn tror vi p\u00e5 enkelhed og gennemsigtighed - ingen overraskelser, ingen skjulte omkostninger.<\/p><p data-start=\"582\" data-end=\"758\">Alle Roxxlyns produkter er h\u00e5ndlavede i Tyskland og sendes med skib. <strong data-start=\"640\" data-end=\"668\">gratis i hele verden<\/strong>.<br data-start=\"669\" data-end=\"672\" \/>Alle priser, du ser ved kassen, er <strong data-start=\"707\" data-end=\"730\">endelig og inkluderende<\/strong> - afh\u00e6ngigt af din region:<\/p><ul data-start=\"760\" data-end=\"1272\"><li data-start=\"760\" data-end=\"877\"><p data-start=\"762\" data-end=\"877\"><strong data-start=\"762\" data-end=\"781\">Den Europ\u00e6iske Union:<\/strong> Alle priser inkluderer allerede dit lands g\u00e6ldende moms. Ingen ekstra skatter eller importgebyrer.<\/p><\/li><li data-start=\"878\" data-end=\"1117\"><p data-start=\"880\" data-end=\"1117\"><strong data-start=\"880\" data-end=\"898\">De Forenede Stater:<\/strong> Hver ordre sendes <strong data-start=\"917\" data-end=\"948\">Leverede afgifter betalt (DDP)<\/strong>. Det betyder, at alle <strong data-start=\"965\" data-end=\"1019\">importafgifter, toldgebyrer og statslige salgsafgifter<\/strong> er fuldt d\u00e6kket af os. Du betaler intet ekstra ved levering - intet papirarbejde, ingen skjulte gebyrer.<\/p><\/li><li data-start=\"1118\" data-end=\"1272\"><p data-start=\"1120\" data-end=\"1272\"><strong data-start=\"1120\" data-end=\"1142\">Resten af verden:<\/strong> Vi tilbyder gratis forsendelse, men lokale toldafgifter eller skatter (hvis relevant) kan blive opkr\u00e6vet af dine lokale myndigheder ved import.<\/p><\/li><\/ul><p data-start=\"1274\" data-end=\"1392\">Vores m\u00e5l er at g\u00f8re enhver Roxxlyn-levering ubesv\u00e6ret, gennemsigtig og f\u00f8rsteklasses - lige s\u00e5 raffineret som v\u00e6rket indeni.<\/p>\t\t\t\t\t\t\t\t<\/div>\n\t\t\t\t<\/div>\n\t\t\t\t\t<\/div>\n\t\t<\/div>\n\t\t\t\t\t<\/div>\n\t\t<\/section>\n\t\t\t\t<\/div>","protected":false},"excerpt":{"rendered":"<p>Hos Roxxlyn tror vi p\u00e5 enkelhed og gennemsigtighed - ingen overraskelser, ingen skjulte omkostninger. Alle Roxxlyns smykker er h\u00e5ndlavede i Tyskland og sendes gratis til hele verden. Alle priser, du ser...<\/p>","protected":false},"author":2904,"featured_media":0,"parent":0,"menu_order":0,"comment_status":"closed","ping_status":"closed","template":"","meta":{"inline_featured_image":false,"footnotes":""},"class_list":["post-12302","page","type-page","status-publish","hentry"],"_links":{"self":[{"href":"https:\/\/roxxlyn.com\/da\/wp-json\/wp\/v2\/pages\/12302","targetHints":{"allow":["GET"]}}],"collection":[{"href":"https:\/\/roxxlyn.com\/da\/wp-json\/wp\/v2\/pages"}],"about":[{"href":"https:\/\/roxxlyn.com\/da\/wp-json\/wp\/v2\/types\/page"}],"author":[{"embeddable":true,"href":"https:\/\/roxxlyn.com\/da\/wp-json\/wp\/v2\/users\/2904"}],"replies":[{"embeddable":true,"href":"https:\/\/roxxlyn.com\/da\/wp-json\/wp\/v2\/comments?post=12302"}],"version-history":[{"count":0,"href":"https:\/\/roxxlyn.com\/da\/wp-json\/wp\/v2\/pages\/12302\/revisions"}],"wp:attachment":[{"href":"https:\/\/roxxlyn.com\/da\/wp-json\/wp\/v2\/media?parent=12302"}],"curies":[{"name":"wp","href":"https:\/\/api.w.org\/{rel}","templated":true}]}}