{"id":9610,"date":"2024-03-13T16:26:46","date_gmt":"2024-03-13T16:26:46","guid":{"rendered":"https:\/\/roxxlyn.com\/?post_type=product&#038;p=9610"},"modified":"2025-08-30T18:00:13","modified_gmt":"2025-08-30T18:00:13","slug":"marble-watch-nero-marquina-gold-metal","status":"publish","type":"product","link":"https:\/\/roxxlyn.com\/cs\/shop\/marble-watch-nero-marquina-gold-metal\/","title":{"rendered":"Mramorov\u00e9 hodinky - Nero Marquina - GOLD Metal"},"content":{"rendered":"","protected":false},"excerpt":{"rendered":"<p>Vylep\u0161ete svou hru na dopl\u0148ky s hodinkami The Marble Watch, mistrovsk\u00fdm d\u00edlem jedine\u010dn\u00e9 elegance a odolnosti. Hodinky jsou ru\u010dn\u011b vyr\u00e1b\u011bn\u00e9 v N\u011bmecku a maj\u00ed autentick\u00fd cifern\u00edk z \u010dern\u00e9ho mramoru z proslul\u00e9ho kamene Nero Marquina, kter\u00fd zaru\u010duje, \u017ee ka\u017ed\u00e9 hodinky budou jedine\u010dn\u00fdm projevem individuality. Jeho p\u0159\u00edrodn\u00ed vzory \u017eilkov\u00e1n\u00ed zaru\u010duj\u00ed, \u017ee \u017e\u00e1dn\u00e9 dvoje hodinky nejsou stejn\u00e9.<\/p>\n<p>Tyto hodinky nejsou jen o vzhledu, ale jsou vyrobeny tak, aby vydr\u017eely. Jsou zasazeny v odoln\u00e9 nerezov\u00e9 oceli a chr\u00e1n\u011bny saf\u00edrov\u00fdm sklem, tak\u017ee nab\u00edzej\u00ed bezkonkuren\u010dn\u00ed odolnost v\u016f\u010di n\u00e1raz\u016fm a n\u00e1strah\u00e1m ka\u017edodenn\u00edho \u017eivota. P\u0159esnost \u0161v\u00fdcarsk\u00e9ho strojku 762 Ronda vylep\u0161en\u00e1 o tlumi\u010de n\u00e1raz\u016f zaji\u0161\u0165uje spolehlivost p\u0159i ka\u017ed\u00e9m dobrodru\u017estv\u00ed.<\/p>\n<p>Hodinky The Marble Watch jsou navr\u017eeny pro v\u0161estrannost a styl, v\u00e1\u017e\u00ed pouh\u00fdch 90 gram\u016f a m\u011b\u0159\u00ed 40 mm v pr\u016fm\u011bru a 8 mm na tlou\u0161\u0165ku. Jejich minimalistick\u00fd design se hod\u00ed do jak\u00e9hokoli prost\u0159ed\u00ed, od form\u00e1ln\u00edch ud\u00e1lost\u00ed a\u017e po b\u011b\u017en\u00e9 vych\u00e1zky.<\/p>\n<p>Vyberte si hodinky The Stone Watch a z\u00edskejte jedine\u010dnou kombinaci osobit\u00e9ho stylu a robustn\u00ed funk\u010dnosti. Po\u0159i\u010fte si sv\u016fj jedine\u010dn\u00fd kousek je\u0161t\u011b dnes a vylep\u0161ete sv\u016fj styl.<\/p>","protected":false},"featured_media":9611,"template":"","meta":{"inline_featured_image":false},"product_brand":[],"product_cat":[155,127],"product_tag":[],"class_list":{"0":"post-9610","1":"product","2":"type-product","3":"status-publish","4":"has-post-thumbnail","6":"product_cat-marble-watch","7":"product_cat-watch","9":"first","10":"instock","11":"taxable","12":"shipping-taxable","13":"purchasable","14":"product-type-simple"},"exclude_global_add_ons":[],"addons":[],"_links":{"self":[{"href":"https:\/\/roxxlyn.com\/cs\/wp-json\/wp\/v2\/product\/9610","targetHints":{"allow":["GET"]}}],"collection":[{"href":"https:\/\/roxxlyn.com\/cs\/wp-json\/wp\/v2\/product"}],"about":[{"href":"https:\/\/roxxlyn.com\/cs\/wp-json\/wp\/v2\/types\/product"}],"version-history":[{"count":0,"href":"https:\/\/roxxlyn.com\/cs\/wp-json\/wp\/v2\/product\/9610\/revisions"}],"wp:featuredmedia":[{"embeddable":true,"href":"https:\/\/roxxlyn.com\/cs\/wp-json\/wp\/v2\/media\/9611"}],"wp:attachment":[{"href":"https:\/\/roxxlyn.com\/cs\/wp-json\/wp\/v2\/media?parent=9610"}],"wp:term":[{"taxonomy":"product_brand","embeddable":true,"href":"https:\/\/roxxlyn.com\/cs\/wp-json\/wp\/v2\/product_brand?post=9610"},{"taxonomy":"product_cat","embeddable":true,"href":"https:\/\/roxxlyn.com\/cs\/wp-json\/wp\/v2\/product_cat?post=9610"},{"taxonomy":"product_tag","embeddable":true,"href":"https:\/\/roxxlyn.com\/cs\/wp-json\/wp\/v2\/product_tag?post=9610"}],"curies":[{"name":"wp","href":"https:\/\/api.w.org\/{rel}","templated":true}]}}