{"id":9601,"date":"2024-03-13T16:13:14","date_gmt":"2024-03-13T16:13:14","guid":{"rendered":"https:\/\/roxxlyn.com\/?post_type=product&#038;p=9601"},"modified":"2025-08-30T18:00:05","modified_gmt":"2025-08-30T18:00:05","slug":"marble-watch-nero-marquina-silver-metal","status":"publish","type":"product","link":"https:\/\/roxxlyn.com\/cs\/shop\/marble-watch-nero-marquina-silver-metal\/","title":{"rendered":"Mramorov\u00e9 hodinky - Nero Marquina - St\u0159\u00edbrn\u00fd kov"},"content":{"rendered":"","protected":false},"excerpt":{"rendered":"<p>Hodinky Marble Watch, ve kter\u00fdch se jedine\u010dn\u00fd styl snoub\u00ed s odolnost\u00ed, v\u00e1m pomohou vylep\u0161it va\u0161i hru na z\u00e1p\u011bst\u00ed. Tyto v\u00fdrazn\u00e9 hodinky, vyroben\u00e9 v N\u011bmecku, maj\u00ed cifern\u00edk z prav\u00e9ho \u010dern\u00e9ho mramoru z presti\u017en\u00ed zna\u010dky Nero Marquina, d\u00edky \u010demu\u017e jsou ka\u017ed\u00e9 hodinky jedine\u010dn\u011b va\u0161e. Jeho v\u00fdrazn\u00e9 \u017eilkov\u00e1n\u00ed zaji\u0161\u0165uje, \u017ee \u017e\u00e1dn\u00e9 dva kusy nejsou stejn\u00e9.<\/p>\n<p>Krom\u011b poutav\u00e9ho vzhledu se hodinky The Marble Watch mohou pochlubit robustn\u00edm pouzdrem z nerezov\u00e9 oceli a saf\u00edrov\u00fdm sklem, kter\u00e9 nab\u00edz\u00ed bezkonkuren\u010dn\u00ed odolnost v\u016f\u010di n\u00e1raz\u016fm a nep\u0159\u00edzniv\u00fdm podm\u00ednk\u00e1m. Hodinky poh\u00e1n\u00ed spolehliv\u00fd \u0161v\u00fdcarsk\u00fd strojek 762 Ronda vybaven\u00fd tlumi\u010di n\u00e1raz\u016f a jsou ur\u010deny pro \u017eivotn\u00ed dobrodru\u017estv\u00ed.<\/p>\n<p>Elegantn\u00ed a lehk\u00e9 hodinky o pr\u016fm\u011bru 40 mm a tlou\u0161\u0165ce 8 mm v\u00e1\u017e\u00ed pouh\u00fdch 90 gram\u016f a sv\u00fdm minimalistick\u00fdm designem se hod\u00ed pro ka\u017edou p\u0159\u00edle\u017eitost. A\u0165 u\u017e jde o ve\u010dern\u00ed vych\u00e1zku nebo den v kancel\u00e1\u0159i, je to dokonal\u00fd dopln\u011bk.<\/p>\n<p>Vyberte si hodinky The Stone Watch, kter\u00e9 jsou kombinac\u00ed jedine\u010dn\u00e9ho stylu a dlouh\u00e9 \u017eivotnosti. Ud\u011blejte si z nich sv\u016fj v\u00fdrazn\u00fd kousek je\u0161t\u011b dnes a pozvedn\u011bte sv\u016fj styl bez n\u00e1mahy.<\/p>","protected":false},"featured_media":9602,"template":"","meta":{"inline_featured_image":false},"product_brand":[],"product_cat":[155,127],"product_tag":[],"class_list":{"0":"post-9601","1":"product","2":"type-product","3":"status-publish","4":"has-post-thumbnail","6":"product_cat-marble-watch","7":"product_cat-watch","9":"first","10":"instock","11":"taxable","12":"shipping-taxable","13":"purchasable","14":"product-type-simple"},"exclude_global_add_ons":[],"addons":[],"_links":{"self":[{"href":"https:\/\/roxxlyn.com\/cs\/wp-json\/wp\/v2\/product\/9601","targetHints":{"allow":["GET"]}}],"collection":[{"href":"https:\/\/roxxlyn.com\/cs\/wp-json\/wp\/v2\/product"}],"about":[{"href":"https:\/\/roxxlyn.com\/cs\/wp-json\/wp\/v2\/types\/product"}],"version-history":[{"count":0,"href":"https:\/\/roxxlyn.com\/cs\/wp-json\/wp\/v2\/product\/9601\/revisions"}],"wp:featuredmedia":[{"embeddable":true,"href":"https:\/\/roxxlyn.com\/cs\/wp-json\/wp\/v2\/media\/9602"}],"wp:attachment":[{"href":"https:\/\/roxxlyn.com\/cs\/wp-json\/wp\/v2\/media?parent=9601"}],"wp:term":[{"taxonomy":"product_brand","embeddable":true,"href":"https:\/\/roxxlyn.com\/cs\/wp-json\/wp\/v2\/product_brand?post=9601"},{"taxonomy":"product_cat","embeddable":true,"href":"https:\/\/roxxlyn.com\/cs\/wp-json\/wp\/v2\/product_cat?post=9601"},{"taxonomy":"product_tag","embeddable":true,"href":"https:\/\/roxxlyn.com\/cs\/wp-json\/wp\/v2\/product_tag?post=9601"}],"curies":[{"name":"wp","href":"https:\/\/api.w.org\/{rel}","templated":true}]}}