{"id":7552,"date":"2023-02-19T16:43:15","date_gmt":"2023-02-19T16:43:15","guid":{"rendered":"https:\/\/roxxlyn.com\/?post_type=product&#038;p=7552"},"modified":"2025-08-30T17:57:02","modified_gmt":"2025-08-30T17:57:02","slug":"marble-watch-nero-marquina-black-metal","status":"publish","type":"product","link":"https:\/\/roxxlyn.com\/cs\/shop\/marble-watch-nero-marquina-black-metal\/","title":{"rendered":"Mramorov\u00e9 hodinky - Nero Marquina - \u010dern\u00fd kov"},"content":{"rendered":"","protected":false},"excerpt":{"rendered":"<p>Pozvedn\u011bte sv\u016fj styl s hodinkami The Real Marble Watch - Nero Marquina - jedine\u010dn\u00fdmi hodinkami, kter\u00e9 oslavuj\u00ed individualitu. Hodinky jsou ru\u010dn\u011b vyr\u00e1b\u011bn\u00e9 v N\u011bmecku a maj\u00ed ultratenk\u00fd, lehk\u00fd mramorov\u00fd cifern\u00edk z vyhled\u00e1van\u00e9ho \u0161pan\u011blsk\u00e9ho kamene Nero Marquina, kter\u00fd zaru\u010duje, \u017ee \u017e\u00e1dn\u00e9 dvoje hodinky nejsou stejn\u00e9. Jeho p\u0159\u00edrodn\u00ed \u017eilkov\u00e1n\u00ed \u010din\u00ed z ka\u017ed\u00e9ho kusu jedine\u010dn\u00fd poklad.<\/p>\n<p>Hodinky The Stone Watch nejsou jen m\u00f3dn\u00ed z\u00e1le\u017eitost\u00ed, ale jsou vyrobeny tak, aby vydr\u017eely, a to d\u00edky pouzdru z nerezov\u00e9 oceli a saf\u00edrov\u00e9mu sklu, kter\u00e9 zaji\u0161\u0165uje vynikaj\u00edc\u00ed odolnost proti n\u00e1raz\u016fm a extr\u00e9mn\u00edm podm\u00ednk\u00e1m. Jsou poh\u00e1n\u011bny p\u0159esn\u00fdm \u0161v\u00fdcarsk\u00fdm strojkem 762 Ronda s tlumi\u010di n\u00e1raz\u016f, kter\u00fd je p\u0159ipraven na ka\u017ed\u00e9 dobrodru\u017estv\u00ed.<\/p>\n<p>D\u00edky elegantn\u00edmu pr\u016fm\u011bru 40 mm a tlou\u0161\u0165ce 8 mm a hmotnosti pouh\u00fdch 90 gram\u016f se minimalistick\u00fd design hod\u00ed pro jakoukoli p\u0159\u00edle\u017eitost a bez probl\u00e9m\u016f se hod\u00ed na ve\u010dern\u00ed proch\u00e1zku i na den v kancel\u00e1\u0159i.<\/p>\n<p>Investujte do hodinek, kter\u00e9 jsou stejn\u011b jedine\u010dn\u00e9 jako vy. Hodinky Stone Watch kombinuj\u00ed styl, odolnost a funk\u010dnost. Po\u0159i\u010fte si je je\u0161t\u011b dnes a okam\u017eit\u011b vylep\u0161ete sv\u016fj vzhled.<\/p>","protected":false},"featured_media":9593,"template":"","meta":{"inline_featured_image":false},"product_brand":[],"product_cat":[155,127],"product_tag":[],"class_list":{"0":"post-7552","1":"product","2":"type-product","3":"status-publish","4":"has-post-thumbnail","6":"product_cat-marble-watch","7":"product_cat-watch","9":"first","10":"instock","11":"taxable","12":"shipping-taxable","13":"purchasable","14":"product-type-simple"},"exclude_global_add_ons":[],"addons":[],"_links":{"self":[{"href":"https:\/\/roxxlyn.com\/cs\/wp-json\/wp\/v2\/product\/7552","targetHints":{"allow":["GET"]}}],"collection":[{"href":"https:\/\/roxxlyn.com\/cs\/wp-json\/wp\/v2\/product"}],"about":[{"href":"https:\/\/roxxlyn.com\/cs\/wp-json\/wp\/v2\/types\/product"}],"version-history":[{"count":0,"href":"https:\/\/roxxlyn.com\/cs\/wp-json\/wp\/v2\/product\/7552\/revisions"}],"wp:featuredmedia":[{"embeddable":true,"href":"https:\/\/roxxlyn.com\/cs\/wp-json\/wp\/v2\/media\/9593"}],"wp:attachment":[{"href":"https:\/\/roxxlyn.com\/cs\/wp-json\/wp\/v2\/media?parent=7552"}],"wp:term":[{"taxonomy":"product_brand","embeddable":true,"href":"https:\/\/roxxlyn.com\/cs\/wp-json\/wp\/v2\/product_brand?post=7552"},{"taxonomy":"product_cat","embeddable":true,"href":"https:\/\/roxxlyn.com\/cs\/wp-json\/wp\/v2\/product_cat?post=7552"},{"taxonomy":"product_tag","embeddable":true,"href":"https:\/\/roxxlyn.com\/cs\/wp-json\/wp\/v2\/product_tag?post=7552"}],"curies":[{"name":"wp","href":"https:\/\/api.w.org\/{rel}","templated":true}]}}