{"id":745,"date":"2020-10-07T10:05:21","date_gmt":"2020-10-07T10:05:21","guid":{"rendered":"https:\/\/roxxlyn.com\/?post_type=product&#038;p=745"},"modified":"2025-09-25T15:12:06","modified_gmt":"2025-09-25T15:12:06","slug":"the-iphone-marble-case-nero-marquina","status":"publish","type":"product","link":"https:\/\/roxxlyn.com\/cs\/shop\/the-iphone-marble-case-nero-marquina\/","title":{"rendered":"Mramorov\u00e9 pouzdro na iPhone Nero Marquina"},"content":{"rendered":"<div data-elementor-type=\"wp-post\" data-elementor-id=\"745\" class=\"elementor elementor-745\" data-elementor-post-type=\"product\">\n\t\t\t\t\t\t<section class=\"elementor-section elementor-top-section elementor-element elementor-element-4fad3d1 elementor-section-boxed elementor-section-height-default elementor-section-height-default\" data-id=\"4fad3d1\" data-element_type=\"section\" data-e-type=\"section\" data-settings=\"{&quot;background_background&quot;:&quot;classic&quot;}\">\n\t\t\t\t\t\t<div class=\"elementor-container elementor-column-gap-default\">\n\t\t\t\t\t<div class=\"elementor-column elementor-col-100 elementor-top-column elementor-element elementor-element-e551091\" data-id=\"e551091\" data-element_type=\"column\" data-e-type=\"column\">\n\t\t\t<div class=\"elementor-widget-wrap elementor-element-populated\">\n\t\t\t\t\t\t<section class=\"elementor-section elementor-inner-section elementor-element elementor-element-c18f3bd elementor-section-boxed elementor-section-height-default elementor-section-height-default\" data-id=\"c18f3bd\" data-element_type=\"section\" data-e-type=\"section\">\n\t\t\t\t\t\t<div class=\"elementor-container elementor-column-gap-default\">\n\t\t\t\t\t<div class=\"elementor-column elementor-col-50 elementor-inner-column elementor-element elementor-element-d3dd10c\" data-id=\"d3dd10c\" data-element_type=\"column\" data-e-type=\"column\">\n\t\t\t<div class=\"elementor-widget-wrap elementor-element-populated\">\n\t\t\t\t\t\t<div class=\"elementor-element elementor-element-32a74fe elementor-widget elementor-widget-text-editor\" data-id=\"32a74fe\" data-element_type=\"widget\" data-e-type=\"widget\" data-widget_type=\"text-editor.default\">\n\t\t\t\t<div class=\"elementor-widget-container\">\n\t\t\t\t\t\t\t\t\t<p>P\u0159edstavujeme pouzdro na iPhone Nero Marquina Real Black Marble, kter\u00e9 je vrcholem luxusu pro ty, kdo vy\u017eaduj\u00ed styl i obsah. Toto pouzdro, vyroben\u00e9 z prav\u00e9ho mramoru Nero Marquina poch\u00e1zej\u00edc\u00edho z presti\u017en\u00edch lom\u016f ve \u0161pan\u011blsk\u00e9 Marquin\u011b, nen\u00ed jen ochrann\u00fdm dopl\u0148kem, ale i v\u00fdjime\u010dn\u00fdm kouskem. Ka\u017ed\u00e9 pouzdro je jedine\u010dn\u00e9 a ukazuje p\u0159irozenou kr\u00e1su a slo\u017eit\u00e9 \u017eilkov\u00e1n\u00ed \u010dern\u00e9ho mramoru, kter\u00e9 je vyle\u0161t\u011bno k dokonalosti, aby umocnilo jeho luxusn\u00ed dojem.<\/p>\n<p>Toto pouzdro vyroben\u00e9 v N\u011bmecku kombinuje odolnost TPU s eleganc\u00ed prav\u00e9ho mramoru a nab\u00edz\u00ed iPhonu bezkonkuren\u010dn\u00ed ochranu, ani\u017e by to bylo na \u00fakor stylu. Navzdory robustn\u00ed ochran\u011b si pouzdro zachov\u00e1v\u00e1 mimo\u0159\u00e1dn\u011b tenk\u00fd profil, v\u00e1\u017e\u00ed p\u0159ibli\u017en\u011b 35 gram\u016f, co\u017e zaji\u0161\u0165uje, \u017ee va\u0161e za\u0159\u00edzen\u00ed z\u016fstane elegantn\u00ed a snadno se s n\u00edm manipuluje. Konstrukce zahrnuje vyv\u00fd\u0161enou oblast kolem \u010do\u010dek fotoapar\u00e1tu, kter\u00e1 je chr\u00e1n\u00ed p\u0159ed po\u0161kr\u00e1b\u00e1n\u00edm a n\u00e1razy.<\/p>\n<p>Pouzdro na iPhone Nero Marquina je zt\u011blesn\u011bn\u00edm sofistikovanosti a prom\u011bn\u00ed va\u0161e za\u0159\u00edzen\u00ed v luxusn\u00ed dopln\u011bk, kter\u00fd vynikne. Vychutnejte si dokonalou eleganci a ochranu s t\u00edmto n\u00e1dhern\u00fdm mistrovsk\u00fdm d\u00edlem vyroben\u00fdm v N\u011bmecku.<\/p>\t\t\t\t\t\t\t\t<\/div>\n\t\t\t\t<\/div>\n\t\t\t\t\t<\/div>\n\t\t<\/div>\n\t\t\t\t<div class=\"elementor-column elementor-col-50 elementor-inner-column elementor-element elementor-element-7c0f8d7\" data-id=\"7c0f8d7\" data-element_type=\"column\" data-e-type=\"column\">\n\t\t\t<div class=\"elementor-widget-wrap elementor-element-populated\">\n\t\t\t\t\t\t<div class=\"elementor-element elementor-element-91f1315 elementor-widget elementor-widget-video\" data-id=\"91f1315\" data-element_type=\"widget\" data-e-type=\"widget\" data-settings=\"{&quot;video_type&quot;:&quot;hosted&quot;,&quot;controls&quot;:&quot;yes&quot;}\" data-widget_type=\"video.default\">\n\t\t\t\t<div class=\"elementor-widget-container\">\n\t\t\t\t\t\t\t<div class=\"e-hosted-video elementor-wrapper elementor-open-inline\">\n\t\t\t\t\t<video class=\"elementor-video\" src=\"https:\/\/roxxlyn.com\/wp-content\/uploads\/2020\/11\/iPhone-Skin-inkl-Zubehor.66.mp4\" controls=\"\" preload=\"metadata\" controlslist=\"nodownload\"><\/video>\n\t\t\t\t<\/div>\n\t\t\t\t\t\t<\/div>\n\t\t\t\t<\/div>\n\t\t\t\t\t<\/div>\n\t\t<\/div>\n\t\t\t\t\t<\/div>\n\t\t<\/section>\n\t\t\t\t<div class=\"elementor-element elementor-element-56bab67 elementor-widget elementor-widget-video\" data-id=\"56bab67\" data-element_type=\"widget\" data-e-type=\"widget\" data-settings=\"{&quot;video_type&quot;:&quot;hosted&quot;,&quot;controls&quot;:&quot;yes&quot;}\" data-widget_type=\"video.default\">\n\t\t\t\t<div class=\"elementor-widget-container\">\n\t\t\t\t\t\t\t<div class=\"e-hosted-video elementor-wrapper elementor-open-inline\">\n\t\t\t\t\t<video class=\"elementor-video\" src=\"https:\/\/roxxlyn.com\/wp-content\/uploads\/2020\/11\/iPhone-Skin-inkl-Zubehor.61.mp4\" controls=\"\" preload=\"metadata\" controlslist=\"nodownload\"><\/video>\n\t\t\t\t<\/div>\n\t\t\t\t\t\t<\/div>\n\t\t\t\t<\/div>\n\t\t\t\t<section class=\"elementor-section elementor-inner-section elementor-element elementor-element-7afd2dd elementor-section-boxed elementor-section-height-default elementor-section-height-default\" data-id=\"7afd2dd\" data-element_type=\"section\" data-e-type=\"section\">\n\t\t\t\t\t\t<div class=\"elementor-container elementor-column-gap-default\">\n\t\t\t\t\t<div class=\"elementor-column elementor-col-50 elementor-inner-column elementor-element elementor-element-0465d3f\" data-id=\"0465d3f\" data-element_type=\"column\" data-e-type=\"column\">\n\t\t\t<div class=\"elementor-widget-wrap elementor-element-populated\">\n\t\t\t\t\t\t<div class=\"elementor-element elementor-element-217c79a elementor-widget elementor-widget-text-editor\" data-id=\"217c79a\" data-element_type=\"widget\" data-e-type=\"widget\" data-widget_type=\"text-editor.default\">\n\t\t\t\t<div class=\"elementor-widget-container\">\n\t\t\t\t\t\t\t\t\t<p>P\u0159edstavujeme mramor: Nero Marquina<\/p>\t\t\t\t\t\t\t\t<\/div>\n\t\t\t\t<\/div>\n\t\t\t\t<div class=\"elementor-element elementor-element-519a3f3 elementor-widget elementor-widget-text-editor\" data-id=\"519a3f3\" data-element_type=\"widget\" data-e-type=\"widget\" data-widget_type=\"text-editor.default\">\n\t\t\t\t<div class=\"elementor-widget-container\">\n\t\t\t\t\t\t\t\t\t<p>Nero Marquina je jedn\u00edm z nejvyhled\u00e1van\u011bj\u0161\u00edch p\u0159\u00edrodn\u00edch kamen\u016f ve \u0160pan\u011blsku. Materi\u00e1l, kter\u00fd v sob\u011b nese staletou historii um\u011bn\u00ed a architektury a kter\u00fd uspokojuje touhu po p\u0159irozenosti a jedine\u010dnosti. Tento \u010dern\u00fd mramor m\u016f\u017eete obdivovat ve stavb\u00e1ch po cel\u00e9m sv\u011bt\u011b. Nero Marquina se t\u011b\u017e\u00ed ve \u0161pan\u011blsk\u00fdch m\u011bstech Aulestia a Marquina. Elegantn\u00ed vzhled mramoru Nero Marquina se vyzna\u010duje jemnou pruhovitost\u00ed.<\/p>\t\t\t\t\t\t\t\t<\/div>\n\t\t\t\t<\/div>\n\t\t\t\t\t<\/div>\n\t\t<\/div>\n\t\t\t\t<div class=\"elementor-column elementor-col-50 elementor-inner-column elementor-element elementor-element-f3b5a6a\" data-id=\"f3b5a6a\" data-element_type=\"column\" data-e-type=\"column\">\n\t\t\t<div class=\"elementor-widget-wrap elementor-element-populated\">\n\t\t\t\t\t\t<div class=\"elementor-element elementor-element-589e589 elementor-widget elementor-widget-text-editor\" data-id=\"589e589\" data-element_type=\"widget\" data-e-type=\"widget\" data-widget_type=\"text-editor.default\">\n\t\t\t\t<div class=\"elementor-widget-container\">\n\t\t\t\t\t\t\t\t\tV pr\u016fb\u011bhu tis\u00edc\u016f let se z kombinace uhli\u010ditanu v\u00e1penat\u00e9ho a v\u00e1penat\u00fdch slo\u017eek vyvinul tvrd\u00fd p\u0159\u00edrodn\u00ed k\u00e1men. Zvl\u00e1\u0161tn\u00ed \u010dern\u00e9 zbarven\u00ed Nero Marquina je zp\u016fsobeno p\u0159irozen\u00fdm nahromad\u011bn\u00edm asfaltu. V hornin\u011b se n\u00e1sledn\u011b vytvo\u0159ily b\u00edl\u00e9 k\u0159emenn\u00e9 \u017e\u00edly. St\u00e1vaj\u00edc\u00ed trhliny v hornin\u011b byly \"zaceleny\" krystalizac\u00ed k\u0159emene a Nero Marquina z\u00edskala sv\u016fj dne\u0161n\u00ed vzhled.\t\t\t\t\t\t\t\t<\/div>\n\t\t\t\t<\/div>\n\t\t\t\t<div class=\"elementor-element elementor-element-5589e20 elementor-widget elementor-widget-text-editor\" data-id=\"5589e20\" data-element_type=\"widget\" data-e-type=\"widget\" data-widget_type=\"text-editor.default\">\n\t\t\t\t<div class=\"elementor-widget-container\">\n\t\t\t\t\t\t\t\t\tJemn\u00e9 b\u00edl\u00e9 \u017eilky v jinak \u010dern\u00e9 struktu\u0159e kamene \u010din\u00ed tento k\u00e1men obzvl\u00e1\u0161t\u011b atraktivn\u00edm. S le\u0161t\u011bn\u00fdm nebo brou\u0161en\u00fdm povrchem vytv\u00e1\u0159\u00ed exkluzivn\u00ed atmosf\u00e9ru a vyza\u0159uje luxus.\t\t\t\t\t\t\t\t<\/div>\n\t\t\t\t<\/div>\n\t\t\t\t\t<\/div>\n\t\t<\/div>\n\t\t\t\t\t<\/div>\n\t\t<\/section>\n\t\t\t\t<div class=\"elementor-element elementor-element-e7512c5 elementor-widget elementor-widget-video\" data-id=\"e7512c5\" data-element_type=\"widget\" data-e-type=\"widget\" data-settings=\"{&quot;video_type&quot;:&quot;vimeo&quot;}\" data-widget_type=\"video.default\">\n\t\t\t\t<div class=\"elementor-widget-container\">\n\t\t\t\t\t\t\t<div class=\"elementor-wrapper elementor-open-inline\">\n\t\t\t<iframe class=\"elementor-video-iframe\" allowfullscreen allow=\"clipboard-write\" title=\"Reproductor de v\u00eddeo vimeo\" src=\"https:\/\/player.vimeo.com\/video\/290503829?color&amp;autopause=0&amp;loop=0&amp;muted=0&amp;title=1&amp;portrait=1&amp;byline=1#t=\" data-no-translation-title=\"\"><\/iframe>\t\t<\/div>\n\t\t\t\t\t\t<\/div>\n\t\t\t\t<\/div>\n\t\t\t\t\t<\/div>\n\t\t<\/div>\n\t\t\t\t\t<\/div>\n\t\t<\/section>\n\t\t\t\t<\/div>","protected":false},"excerpt":{"rendered":"<p data-start=\"367\" data-end=\"697\">Vylep\u0161ete sv\u016fj nov\u00fd <strong data-start=\"384\" data-end=\"449\">iPhone 17, iPhone 17 Pro, iPhone 17 Pro Max nebo iPhone 17 Air<\/strong> s <strong data-start=\"459\" data-end=\"493\">Pouzdro z prav\u00e9ho mramoru Nero Marquina<\/strong>, odborn\u011b ru\u010dn\u011b vyroben\u00e9 z prav\u00e9ho \u010dern\u00e9ho mramoru poch\u00e1zej\u00edc\u00edho ze \u0161pan\u011blsk\u00e9 Marquiny. Ka\u017ed\u00e1 sk\u0159\u00ed\u0148ka je skute\u010dn\u011b jedine\u010dn\u00e1, s n\u00e1padn\u00fdm p\u0159\u00edrodn\u00edm b\u00edl\u00fdm \u017eilkov\u00e1n\u00edm. <strong data-start=\"637\" data-end=\"663\">vyle\u0161t\u011bn\u00e9 k dokonalosti<\/strong> pro nad\u010dasov\u00fd a luxusn\u00ed vzhled. Postaveno na <strong data-start=\"710\" data-end=\"736\">odoln\u00fd z\u00e1klad TPU<\/strong>, toto pouzdro poskytuje robustn\u00ed ochranu proti ka\u017edodenn\u00edmu opot\u0159eben\u00ed a z\u00e1rove\u0148 si zachov\u00e1v\u00e1 \u0161t\u00edhl\u00fd a elegantn\u00ed profil. Str\u00e1nka <strong data-start=\"839\" data-end=\"873\">zv\u00fd\u0161en\u00e9 okraje fotoapar\u00e1tu a obrazovky<\/strong> zaji\u0161\u0165uj\u00ed v\u011bt\u0161\u00ed bezpe\u010dnost, ani\u017e by to bylo na \u00fakor elegance. Hrd\u011b <strong data-start=\"938\" data-end=\"957\">Vyrobeno v N\u011bmecku<\/strong>, pouzdro Nero Marquina pro iPhone 17 je v\u00edc ne\u017e jen ochrana - je to <strong data-start=\"1030\" data-end=\"1064\">prohl\u00e1\u0161en\u00ed kus skute\u010dn\u00e9ho mramoru<\/strong>, kde se snoub\u00ed jedine\u010dn\u00e1 sofistikovanost s modern\u00ed funk\u010dnost\u00ed.<\/p>","protected":false},"featured_media":12780,"template":"","meta":{"inline_featured_image":false},"product_brand":[],"product_cat":[66],"product_tag":[153,152],"class_list":{"0":"post-745","1":"product","2":"type-product","3":"status-publish","4":"has-post-thumbnail","6":"product_cat-iphone-cases","7":"product_tag-iphone-marble-case","8":"product_tag-nero-marquina","10":"first","11":"instock","12":"featured","13":"taxable","14":"shipping-taxable","15":"purchasable","16":"product-type-variable","17":"has-default-attributes"},"exclude_global_add_ons":false,"addons":[{"name":"Zak\u00e1zkov\u00e9 krej\u010dovstv\u00ed","type":"checkbox","position":0,"required":false,"title_format":"label","default":"","description_enable":false,"description":"","placeholder_enable":false,"placeholder":"","display":"select","restrictions_type":"any_text","adjust_price":false,"price":"","price_type":"flat_fee","restrictions":false,"min":"0","max":"0","options":[{"label":"Upgrade your case with a super-strong N52 grade 1.55 mm MagSafe magnet for seamless attachment and faster, more stable wireless charging","price":"10","price_type":"flat_fee","image":0,"visibility":true},{"label":"Opt for a design featuring darker tones and minimal white veins for a sleek, uniform appearance.","price":"","price_type":"flat_fee","image":0,"visibility":true},{"label":"Opt for a design that emphasizes rich white veins for a touch of natural sophistication.","price":"15","price_type":"flat_fee","image":0,"visibility":true},{"label":"Reveal the iconic Apple logo with a precise cut-out on the stone surface, unveiling a sleek black satin-matte underside for a striking contrast and personal touch.","price":"15","price_type":"flat_fee","image":0,"visibility":true},{"label":"Enhance your device with a white engraved Apple logo, crafted over two days for elegance and sophistication.","price":"20","price_type":"flat_fee","image":0,"visibility":true},{"label":"Premium Liquid Care with dust-repellent, antistatic protection and a lasting matte effect. Specially designed to preserve and protect your case.","price":"5","price_type":"flat_fee","image":0,"visibility":false},{"label":"A premium marble liquid polish that enhances and protects the natural beauty of your marble surfaces, providing a lasting, brilliant shine.","price":"5","price_type":"flat_fee","image":0,"visibility":true},{"label":"Microfiber Polishing Cloth: A soft, high-quality microfiber cloth designed for polishing marble surfaces. It delivers a streak-free, brilliant shine without scratching, perfect for maintaining your marble's natural beauty.","price":"5","price_type":"flat_fee","image":0,"visibility":false}],"id":1757681666}],"_links":{"self":[{"href":"https:\/\/roxxlyn.com\/cs\/wp-json\/wp\/v2\/product\/745","targetHints":{"allow":["GET"]}}],"collection":[{"href":"https:\/\/roxxlyn.com\/cs\/wp-json\/wp\/v2\/product"}],"about":[{"href":"https:\/\/roxxlyn.com\/cs\/wp-json\/wp\/v2\/types\/product"}],"version-history":[{"count":0,"href":"https:\/\/roxxlyn.com\/cs\/wp-json\/wp\/v2\/product\/745\/revisions"}],"wp:featuredmedia":[{"embeddable":true,"href":"https:\/\/roxxlyn.com\/cs\/wp-json\/wp\/v2\/media\/12780"}],"wp:attachment":[{"href":"https:\/\/roxxlyn.com\/cs\/wp-json\/wp\/v2\/media?parent=745"}],"wp:term":[{"taxonomy":"product_brand","embeddable":true,"href":"https:\/\/roxxlyn.com\/cs\/wp-json\/wp\/v2\/product_brand?post=745"},{"taxonomy":"product_cat","embeddable":true,"href":"https:\/\/roxxlyn.com\/cs\/wp-json\/wp\/v2\/product_cat?post=745"},{"taxonomy":"product_tag","embeddable":true,"href":"https:\/\/roxxlyn.com\/cs\/wp-json\/wp\/v2\/product_tag?post=745"}],"curies":[{"name":"wp","href":"https:\/\/api.w.org\/{rel}","templated":true}]}}