{"id":66,"date":"2020-08-12T11:49:00","date_gmt":"2020-08-12T11:49:00","guid":{"rendered":"https:\/\/roxxlyn.com\/?post_type=product&#038;p=66"},"modified":"2026-03-04T16:12:55","modified_gmt":"2026-03-04T16:12:55","slug":"the-macbook-slate-skin-black-rock","status":"publish","type":"product","link":"https:\/\/roxxlyn.com\/cs\/shop\/the-macbook-slate-skin-black-rock\/","title":{"rendered":"MacBook Slate Skin Black Rock"},"content":{"rendered":"<div data-elementor-type=\"wp-post\" data-elementor-id=\"66\" class=\"elementor elementor-66\" data-elementor-post-type=\"product\">\n\t\t\t\t\t\t<section class=\"elementor-section elementor-top-section elementor-element elementor-element-415b4ae elementor-section-boxed elementor-section-height-default elementor-section-height-default\" data-id=\"415b4ae\" data-element_type=\"section\" data-e-type=\"section\" data-settings=\"{&quot;background_background&quot;:&quot;classic&quot;}\">\n\t\t\t\t\t\t<div class=\"elementor-container elementor-column-gap-default\">\n\t\t\t\t\t<div class=\"elementor-column elementor-col-100 elementor-top-column elementor-element elementor-element-597b156\" data-id=\"597b156\" data-element_type=\"column\" data-e-type=\"column\">\n\t\t\t<div class=\"elementor-widget-wrap elementor-element-populated\">\n\t\t\t\t\t\t<div class=\"elementor-element elementor-element-7be3c16 elementor-widget elementor-widget-video\" data-id=\"7be3c16\" data-element_type=\"widget\" data-e-type=\"widget\" data-settings=\"{&quot;video_type&quot;:&quot;vimeo&quot;,&quot;autoplay&quot;:&quot;yes&quot;,&quot;play_on_mobile&quot;:&quot;yes&quot;,&quot;mute&quot;:&quot;yes&quot;,&quot;loop&quot;:&quot;yes&quot;}\" data-widget_type=\"video.default\">\n\t\t\t\t<div class=\"elementor-widget-container\">\n\t\t\t\t\t\t\t<div class=\"elementor-wrapper elementor-open-inline\">\n\t\t\t<iframe class=\"elementor-video-iframe\" allowfullscreen allow=\"autoplay\" title=\"vimeo-videospelare\" src=\"https:\/\/player.vimeo.com\/video\/1017613452?autoplay=1&amp;playsinline=1&amp;color&amp;autopause=0&amp;loop=1&amp;muted=1&amp;title=1&amp;portrait=1&amp;byline=1#t=\" data-no-translation-title=\"\"><\/iframe>\t\t<\/div>\n\t\t\t\t\t\t<\/div>\n\t\t\t\t<\/div>\n\t\t\t\t<section class=\"elementor-section elementor-inner-section elementor-element elementor-element-d71c1e6 elementor-section-boxed elementor-section-height-default elementor-section-height-default\" data-id=\"d71c1e6\" data-element_type=\"section\" data-e-type=\"section\">\n\t\t\t\t\t\t<div class=\"elementor-container elementor-column-gap-default\">\n\t\t\t\t\t<div class=\"elementor-column elementor-col-100 elementor-inner-column elementor-element elementor-element-500ee0d\" data-id=\"500ee0d\" data-element_type=\"column\" data-e-type=\"column\">\n\t\t\t<div class=\"elementor-widget-wrap elementor-element-populated\">\n\t\t\t\t\t\t<div class=\"elementor-element elementor-element-9e0e074 elementor-widget elementor-widget-text-editor\" data-id=\"9e0e074\" data-element_type=\"widget\" data-e-type=\"widget\" data-widget_type=\"text-editor.default\">\n\t\t\t\t<div class=\"elementor-widget-container\">\n\t\t\t\t\t\t\t\t\t<p>Vylep\u0161ete sv\u016fj MacBook pomoc\u00ed <strong>B\u0159idlicov\u00e1 k\u016f\u017ee Black Rock<\/strong>, ru\u010dn\u011b vyroben\u00e9 mistrovsk\u00e9 d\u00edlo z prav\u00e9ho kamene, kter\u00e9 je navr\u017eeno tak, aby se p\u0159izp\u016fsobilo va\u0161emu za\u0159\u00edzen\u00ed jako druh\u00e1 k\u016f\u017ee. Ka\u017ed\u00e1 k\u016f\u017ee m\u00e1 p\u0159irozen\u00fd \u010derno\u0161ed\u00fd odst\u00edn a jedine\u010dnou kamennou strukturu, tak\u017ee v\u00e1\u0161 MacBook bude skute\u010dn\u011b jedine\u010dn\u00fd. Tato ultratenk\u00e1 k\u016f\u017ee, lehk\u00e1 jako p\u00edrko a tenk\u00e1 pouh\u00fdch 0,03 palce (1 mm), zachov\u00e1v\u00e1 elegantn\u00ed linie va\u0161eho za\u0159\u00edzen\u00ed a z\u00e1rove\u0148 poskytuje dlouhotrvaj\u00edc\u00ed ochranu proti po\u0161kr\u00e1b\u00e1n\u00ed a ne\u010distot\u00e1m.<\/p><p>D\u00edky na\u0161\u00ed speci\u00e1ln\u011b vyvinut\u00e9 oboustrann\u00e9 lepic\u00ed p\u00e1sce - vyroben\u00e9 v N\u011bmecku - m\u016f\u017eete k\u016f\u017ei nan\u00e1\u0161et a odstra\u0148ovat bez n\u00e1mahy, ani\u017e by na n\u00ed z\u016fstaly lepkav\u00e9 stopy. S hmotnost\u00ed pouh\u00fdch 35 gram\u016f rozd\u00edl t\u00e9m\u011b\u0159 nepoc\u00edt\u00edte, ale v\u00e1\u0161 MacBook bude vynikat v ka\u017ed\u00e9m ohledu. Je to v\u00edc ne\u017e ochrana - je to um\u011bleck\u00e9 vylep\u0161en\u00ed, kter\u00e9 va\u0161emu za\u0159\u00edzen\u00ed p\u0159in\u00e1\u0161\u00ed p\u0159irozenou kr\u00e1su a bezkonkuren\u010dn\u00ed \u0159emesln\u00e9 zpracov\u00e1n\u00ed.<\/p><p><span style=\"text-decoration: underline;\"><strong>Pro\u010d si vybrat b\u0159idlicovou k\u016f\u017ei Black Rock?<\/strong><\/span><\/p><ul><li><strong>Skute\u010dn\u00fd k\u00e1men, skute\u010dn\u00fd dopad<\/strong>: Ka\u017ed\u00e1 k\u016f\u017ee je ru\u010dn\u011b vyrobena z prav\u00e9ho b\u0159idlicov\u00e9ho kamene a m\u00e1 p\u0159irozenou strukturu a strukturu, kter\u00e1 je stejn\u011b jedine\u010dn\u00e1 jako vy.<\/li><li><strong>Lehk\u00e9 a velmi tenk\u00e9<\/strong>: K\u016f\u017ee v\u00e1\u017e\u00ed pouh\u00fdch 35 gram\u016f a m\u00e1 tlou\u0161\u0165ku 1 mm, tak\u017ee poskytuje ochranu bez velk\u00e9ho objemu.<\/li><li><strong>Snadn\u00e1 aplikace, bez zbytk\u016f<\/strong>: D\u00edky vlastn\u00ed oboustrann\u00e9 lepic\u00ed p\u00e1sce vyroben\u00e9 v N\u011bmecku se snadno aplikuje a odstra\u0148uje, ani\u017e by za sebou zanech\u00e1vala lepiv\u00fd nepo\u0159\u00e1dek.<\/li><li><strong>Ru\u010dn\u00ed v\u00fdroba v Berl\u00edn\u011b<\/strong>: Ka\u017ed\u00e1 k\u016f\u017ee je pe\u010dliv\u011b a precizn\u011b vyrobena v Berl\u00edn\u011b, co\u017e zaru\u010duje vysoce kvalitn\u00ed \u0159emesln\u00e9 zpracov\u00e1n\u00ed.<\/li><\/ul><p>Tato b\u0159idlicov\u00e1 k\u016f\u017ee nen\u00ed pouh\u00fdm obalem - je to vyj\u00e1d\u0159en\u00ed stylu, individuality a elegance. Chra\u0148te sv\u016fj MacBook a z\u00e1rove\u0148 ho prom\u011b\u0148te v opravdovou ozdobu. <em>Upozorn\u011bn\u00ed: nejsem p\u0159\u00edpad!<\/em><\/p>\t\t\t\t\t\t\t\t<\/div>\n\t\t\t\t<\/div>\n\t\t\t\t<div class=\"elementor-element elementor-element-9a45c83 elementor-widget elementor-widget-text-editor\" data-id=\"9a45c83\" data-element_type=\"widget\" data-e-type=\"widget\" data-widget_type=\"text-editor.default\">\n\t\t\t\t<div class=\"elementor-widget-container\">\n\t\t\t\t\t\t\t\t\t<p><blockquote class=\"wp-embedded-content\" data-secret=\"YXrDvgatY1\"><a href=\"https:\/\/roxxlyn.com\/cs\/instructions\/\">Pokyny<\/a><\/blockquote><iframe class=\"wp-embedded-content\" sandbox=\"allow-scripts\" security=\"restricted\" style=\"position: absolute; visibility: hidden;\" title=\"&quot;Instrukce&quot; - ROXXLYN\" src=\"https:\/\/roxxlyn.com\/instructions\/embed\/#?secret=qe5rNxBNvu#?secret=YXrDvgatY1\" data-secret=\"YXrDvgatY1\" width=\"600\" height=\"338\" frameborder=\"0\" marginwidth=\"0\" marginheight=\"0\" scrolling=\"no\"><\/iframe><\/p>\t\t\t\t\t\t\t\t<\/div>\n\t\t\t\t<\/div>\n\t\t\t\t\t<\/div>\n\t\t<\/div>\n\t\t\t\t\t<\/div>\n\t\t<\/section>\n\t\t\t\t<div class=\"elementor-element elementor-element-396757a elementor-widget elementor-widget-video\" data-id=\"396757a\" data-element_type=\"widget\" data-e-type=\"widget\" data-settings=\"{&quot;video_type&quot;:&quot;vimeo&quot;}\" data-widget_type=\"video.default\">\n\t\t\t\t<div class=\"elementor-widget-container\">\n\t\t\t\t\t\t\t<div class=\"elementor-wrapper elementor-open-inline\">\n\t\t\t<iframe class=\"elementor-video-iframe\" allowfullscreen allow=\"clipboard-write\" title=\"vimeo-videospelare\" src=\"https:\/\/player.vimeo.com\/video\/135730659?color&amp;autopause=0&amp;loop=0&amp;muted=0&amp;title=1&amp;portrait=1&amp;byline=1#t=\" data-no-translation-title=\"\"><\/iframe>\t\t<\/div>\n\t\t\t\t\t\t<\/div>\n\t\t\t\t<\/div>\n\t\t\t\t<div class=\"elementor-element elementor-element-61b67c9 elementor-widget elementor-widget-video\" data-id=\"61b67c9\" data-element_type=\"widget\" data-e-type=\"widget\" data-settings=\"{&quot;video_type&quot;:&quot;vimeo&quot;}\" data-widget_type=\"video.default\">\n\t\t\t\t<div class=\"elementor-widget-container\">\n\t\t\t\t\t\t\t<div class=\"elementor-wrapper elementor-open-inline\">\n\t\t\t<iframe class=\"elementor-video-iframe\" allowfullscreen allow=\"clipboard-write\" title=\"vimeo-videospelare\" src=\"https:\/\/player.vimeo.com\/video\/290503829?color&amp;autopause=0&amp;loop=0&amp;muted=0&amp;title=1&amp;portrait=1&amp;byline=1#t=\" data-no-translation-title=\"\"><\/iframe>\t\t<\/div>\n\t\t\t\t\t\t<\/div>\n\t\t\t\t<\/div>\n\t\t\t\t\t<\/div>\n\t\t<\/div>\n\t\t\t\t\t<\/div>\n\t\t<\/section>\n\t\t\t\t<\/div>","protected":false},"excerpt":{"rendered":"<p>Prom\u011b\u0148te sv\u016fj MacBook pomoc\u00ed <strong>B\u0159idlicov\u00e1 k\u016f\u017ee Black Rock<\/strong>-ru\u010dn\u011b vyroben\u00e1, velmi tenk\u00e1 (1 mm) a lehk\u00e1 (35 g) k\u016f\u017ee z prav\u00e9ho kamene. D\u00edky jedine\u010dn\u00e9 \u010derno\u0161ed\u00e9 struktu\u0159e kamene a n\u011bmeck\u00e9mu lepidlu nab\u00edz\u00ed snadnou aplikaci, ochranu a styl bez zanech\u00e1n\u00ed zbytk\u016f. <em>Nejedn\u00e1 se o pouzdro, ale o \u010dist\u00e9 \u0159emesln\u00e9 zpracov\u00e1n\u00ed.<\/em><\/p>","protected":false},"featured_media":10382,"template":"","meta":{"inline_featured_image":false},"product_brand":[],"product_cat":[48],"product_tag":[],"class_list":{"0":"post-66","1":"product","2":"type-product","3":"status-publish","4":"has-post-thumbnail","6":"product_cat-macbook","8":"first","9":"instock","10":"featured","11":"taxable","12":"shipping-taxable","13":"purchasable","14":"product-type-variable","15":"has-default-attributes"},"exclude_global_add_ons":false,"addons":[{"name":"Zak\u00e1zkov\u00e9 krej\u010dovstv\u00ed","type":"checkbox","position":0,"required":false,"title_format":"heading","default":"","description_enable":false,"description":"","placeholder_enable":false,"placeholder":"","display":"radiobutton","restrictions_type":"any_text","adjust_price":false,"price":"","price_type":"flat_fee","restrictions":false,"min":"0","max":"0","options":[{"label":"Bottom Skin - you like to get a more 360 look and have an additional Slate Skin for the bottom of your device","price":"22","price_type":"flat_fee","image":1296,"visibility":true},{"label":"No Apple Logo","price":"","price_type":"flat_fee","image":0,"visibility":true},{"label":"Heavy Texture - You want thicker pieces of stone with extra tactile feedback, this is the one for you.","price":"20","price_type":"flat_fee","image":0,"visibility":true},{"label":"Stone surface as dark as possible","price":"","price_type":"flat_fee","image":0,"visibility":true},{"label":"Apple Logo Guard Film - Highly transparent glossy polyurethane film with outstanding UV-resistance, excellent tear strength, and self-healing surface. That means light scratches on the surface (e.g. originating from squeegees, cleaning brushes) can be removed easily by applying heat (e.g. solar radiation, heat gun)","price":"5","price_type":"flat_fee","image":0,"visibility":true},{"label":"100% Easy Removal Layer, we developed an additional layer for an even more convenient removal anytime you decide to remove your slate skin in the future. Zero adhesive residues","price":"5","price_type":"flat_fee","image":0,"visibility":true}],"id":1687279607}],"_links":{"self":[{"href":"https:\/\/roxxlyn.com\/cs\/wp-json\/wp\/v2\/product\/66","targetHints":{"allow":["GET"]}}],"collection":[{"href":"https:\/\/roxxlyn.com\/cs\/wp-json\/wp\/v2\/product"}],"about":[{"href":"https:\/\/roxxlyn.com\/cs\/wp-json\/wp\/v2\/types\/product"}],"version-history":[{"count":1,"href":"https:\/\/roxxlyn.com\/cs\/wp-json\/wp\/v2\/product\/66\/revisions"}],"predecessor-version":[{"id":14894,"href":"https:\/\/roxxlyn.com\/cs\/wp-json\/wp\/v2\/product\/66\/revisions\/14894"}],"wp:featuredmedia":[{"embeddable":true,"href":"https:\/\/roxxlyn.com\/cs\/wp-json\/wp\/v2\/media\/10382"}],"wp:attachment":[{"href":"https:\/\/roxxlyn.com\/cs\/wp-json\/wp\/v2\/media?parent=66"}],"wp:term":[{"taxonomy":"product_brand","embeddable":true,"href":"https:\/\/roxxlyn.com\/cs\/wp-json\/wp\/v2\/product_brand?post=66"},{"taxonomy":"product_cat","embeddable":true,"href":"https:\/\/roxxlyn.com\/cs\/wp-json\/wp\/v2\/product_cat?post=66"},{"taxonomy":"product_tag","embeddable":true,"href":"https:\/\/roxxlyn.com\/cs\/wp-json\/wp\/v2\/product_tag?post=66"}],"curies":[{"name":"wp","href":"https:\/\/api.w.org\/{rel}","templated":true}]}}