{"id":6408,"date":"2022-09-07T12:02:39","date_gmt":"2022-09-07T12:02:39","guid":{"rendered":"https:\/\/roxxlyn.com\/?post_type=product&#038;p=6408"},"modified":"2025-09-24T07:08:23","modified_gmt":"2025-09-24T07:08:23","slug":"the-iphone-slate-case-transocean","status":"publish","type":"product","link":"https:\/\/roxxlyn.com\/cs\/shop\/the-iphone-slate-case-transocean\/","title":{"rendered":"Pouzdro na iPhone Slate Transocean"},"content":{"rendered":"<div data-elementor-type=\"wp-post\" data-elementor-id=\"6408\" class=\"elementor elementor-6408\" data-elementor-post-type=\"product\">\n\t\t\t\t\t\t<section class=\"elementor-section elementor-top-section elementor-element elementor-element-85c5581 elementor-section-boxed elementor-section-height-default elementor-section-height-default\" data-id=\"85c5581\" data-element_type=\"section\" data-e-type=\"section\">\n\t\t\t\t\t\t<div class=\"elementor-container elementor-column-gap-default\">\n\t\t\t\t\t<div class=\"elementor-column elementor-col-100 elementor-top-column elementor-element elementor-element-28fc111\" data-id=\"28fc111\" data-element_type=\"column\" data-e-type=\"column\">\n\t\t\t<div class=\"elementor-widget-wrap\">\n\t\t\t\t\t\t\t<\/div>\n\t\t<\/div>\n\t\t\t\t\t<\/div>\n\t\t<\/section>\n\t\t\t\t<section class=\"elementor-section elementor-top-section elementor-element elementor-element-f0f24e1 elementor-section-boxed elementor-section-height-default elementor-section-height-default\" data-id=\"f0f24e1\" data-element_type=\"section\" data-e-type=\"section\" data-settings=\"{&quot;background_background&quot;:&quot;classic&quot;}\">\n\t\t\t\t\t\t<div class=\"elementor-container elementor-column-gap-default\">\n\t\t\t\t\t<div class=\"elementor-column elementor-col-100 elementor-top-column elementor-element elementor-element-611b1ee\" data-id=\"611b1ee\" data-element_type=\"column\" data-e-type=\"column\">\n\t\t\t<div class=\"elementor-widget-wrap elementor-element-populated\">\n\t\t\t\t\t\t<div class=\"elementor-element elementor-element-3b15875 elementor-widget elementor-widget-video\" data-id=\"3b15875\" data-element_type=\"widget\" data-e-type=\"widget\" data-settings=\"{&quot;video_type&quot;:&quot;hosted&quot;,&quot;controls&quot;:&quot;yes&quot;}\" data-widget_type=\"video.default\">\n\t\t\t\t<div class=\"elementor-widget-container\">\n\t\t\t\t\t\t\t<div class=\"e-hosted-video elementor-wrapper elementor-open-inline\">\n\t\t\t\t\t<video class=\"elementor-video\" src=\"https:\/\/roxxlyn.com\/wp-content\/uploads\/2020\/11\/iPhone-Skin-inkl-Zubehor.66.mp4\" controls=\"\" preload=\"metadata\" controlslist=\"nodownload\"><\/video>\n\t\t\t\t<\/div>\n\t\t\t\t\t\t<\/div>\n\t\t\t\t<\/div>\n\t\t\t\t<section class=\"elementor-section elementor-inner-section elementor-element elementor-element-64c9f28 elementor-section-boxed elementor-section-height-default elementor-section-height-default\" data-id=\"64c9f28\" data-element_type=\"section\" data-e-type=\"section\">\n\t\t\t\t\t\t<div class=\"elementor-container elementor-column-gap-default\">\n\t\t\t\t\t<div class=\"elementor-column elementor-col-100 elementor-inner-column elementor-element elementor-element-53f4098\" data-id=\"53f4098\" data-element_type=\"column\" data-e-type=\"column\">\n\t\t\t<div class=\"elementor-widget-wrap elementor-element-populated\">\n\t\t\t\t\t\t<div class=\"elementor-element elementor-element-063f3cb elementor-widget elementor-widget-text-editor\" data-id=\"063f3cb\" data-element_type=\"widget\" data-e-type=\"widget\" data-widget_type=\"text-editor.default\">\n\t\t\t\t<div class=\"elementor-widget-container\">\n\t\t\t\t\t\t\t\t\tSkute\u010dn\u00e9 pouzdro Slate Case Black Impact Case je klasick\u00e9 a diskr\u00e9tn\u00ed. Je ru\u010dn\u011b vyrobeno v Berl\u00edn\u011b z prav\u00e9 b\u0159idlice a pod\u0161ito nejjemn\u011bj\u0161\u00ed Alcantarou, kter\u00e1 va\u0161emu iPhonu poskytne optim\u00e1ln\u00ed ochranu p\u0159i ka\u017edodenn\u00edm cestov\u00e1n\u00ed. V kombinaci s kvalitn\u00edm r\u00e1me\u010dkem v\u00e1\u017e\u00ed toto mistrovsk\u00e9 d\u00edlo pouh\u00fdch 35 gram\u016f. Jeho syt\u011b \u0161edo\u010dern\u00e1 textura m\u00e1 d\u00edky prom\u011bnliv\u00e9 struktu\u0159e kamene senza\u010dn\u00ed povrch, kter\u00fd je \u017eiv\u00fd a v\u00fdjime\u010dn\u00fd, tak\u017ee ka\u017ed\u00fd jednotliv\u00fd v\u00fdrobek je skute\u010dn\u011b jedine\u010dn\u00fd.\n\t\t\t\t\t\t\t\t<\/div>\n\t\t\t\t<\/div>\n\t\t\t\t<div class=\"elementor-element elementor-element-f4a6dab elementor-widget elementor-widget-text-editor\" data-id=\"f4a6dab\" data-element_type=\"widget\" data-e-type=\"widget\" data-widget_type=\"text-editor.default\">\n\t\t\t\t<div class=\"elementor-widget-container\">\n\t\t\t\t\t\t\t\t\t<p>Bezdr\u00e1tov\u00e9 nab\u00edjen\u00ed stejn\u011b jako ostatn\u00ed frekvence jsou pln\u011b podporov\u00e1ny bez kompromis\u016f.<\/p>\t\t\t\t\t\t\t\t<\/div>\n\t\t\t\t<\/div>\n\t\t\t\t<div class=\"elementor-element elementor-element-8c52388 elementor-widget elementor-widget-text-editor\" data-id=\"8c52388\" data-element_type=\"widget\" data-e-type=\"widget\" data-widget_type=\"text-editor.default\">\n\t\t\t\t<div class=\"elementor-widget-container\">\n\t\t\t\t\t\t\t\t\t<p>Samotn\u00e9 pouzdro je vyrobeno z termoplastick\u00e9ho polyuretanu a polykarbon\u00e1tu a je k dispozici v r\u016fzn\u00fdch povrchov\u00fdch \u00faprav\u00e1ch a barv\u00e1ch. Celkov\u00e1 hmotnost v\u00fdrobku je pouh\u00fdch 35 a\u017e 45 gram\u016f v z\u00e1vislosti na velikosti pouzdra. Stejn\u011b jako v\u0161echny na\u0161e v\u00fdrobky je i toto pouzdro jedine\u010dn\u00fdm kusem, kter\u00fd se li\u0161\u00ed svou unik\u00e1tn\u00ed strukturou horniny a zbarven\u00edm, ka\u017ed\u00e9 je jedine\u010dn\u00fdm kouskem p\u0159\u00edrody. \u00a0<\/p>\t\t\t\t\t\t\t\t<\/div>\n\t\t\t\t<\/div>\n\t\t\t\t\t<\/div>\n\t\t<\/div>\n\t\t\t\t\t<\/div>\n\t\t<\/section>\n\t\t\t\t<div class=\"elementor-element elementor-element-956b714 elementor-widget elementor-widget-video\" data-id=\"956b714\" data-element_type=\"widget\" data-e-type=\"widget\" data-settings=\"{&quot;video_type&quot;:&quot;vimeo&quot;}\" data-widget_type=\"video.default\">\n\t\t\t\t<div class=\"elementor-widget-container\">\n\t\t\t\t\t\t\t<div class=\"elementor-wrapper elementor-open-inline\">\n\t\t\t<iframe class=\"elementor-video-iframe\" allowfullscreen allow=\"clipboard-write\" title=\"vimeo Video Oynat\u0131c\u0131\" src=\"https:\/\/player.vimeo.com\/video\/290503829?color&amp;autopause=0&amp;loop=0&amp;muted=0&amp;title=1&amp;portrait=1&amp;byline=1#t=\" data-no-translation-title=\"\"><\/iframe>\t\t<\/div>\n\t\t\t\t\t\t<\/div>\n\t\t\t\t<\/div>\n\t\t\t\t\t<\/div>\n\t\t<\/div>\n\t\t\t\t\t<\/div>\n\t\t<\/section>\n\t\t\t\t<\/div>","protected":false},"excerpt":{"rendered":"<p data-start=\"325\" data-end=\"739\">Vylep\u0161ete sv\u016fj nov\u00fd <strong data-start=\"342\" data-end=\"407\">iPhone 17, iPhone 17 Pro, iPhone 17 Pro Max nebo iPhone 17 Air<\/strong> s nep\u0159ekonatelnou kr\u00e1sou a trvanlivost\u00ed na\u0161ich <strong data-start=\"456\" data-end=\"482\">Pouzdro na iPhone Real Slate<\/strong>. Toto pouzdro je ru\u010dn\u011b a precizn\u011b vyrobeno v N\u011bmecku. <strong data-start=\"556\" data-end=\"576\">B\u0159idlice spole\u010dnosti Transocean<\/strong>, kter\u00e1 se vyzna\u010duje podmaniv\u00fdmi modro\u0161ed\u00fdmi odst\u00edny s p\u0159\u00edrodn\u00edmi akcenty \u017elut\u00e9, oran\u017eov\u00e9 a zlat\u00e9 barvy. Ka\u017ed\u00e9 pouzdro je jedine\u010dn\u00e9 sv\u00e9ho druhu a odr\u00e1\u017e\u00ed skute\u010dn\u00fd p\u016fvab p\u0159\u00edrodn\u00edho kamene. Str\u00e1nky <strong data-start=\"745\" data-end=\"765\">robustn\u00ed r\u00e1m z TPU<\/strong> zaji\u0161\u0165uje spolehlivou ochranu proti p\u00e1d\u016fm a po\u0161kr\u00e1b\u00e1n\u00ed, p\u0159i\u010dem\u017e <strong data-start=\"833\" data-end=\"858\">m\u011bkk\u00e1 pod\u0161\u00edvka z Alcantary<\/strong> poskytuje luxusn\u00ed pocit a tlum\u00ed n\u00e1razy. Tenk\u00e9, lehk\u00e9 a pln\u011b <strong data-start=\"942\" data-end=\"991\">kompatibiln\u00ed s MagSafe a bezdr\u00e1tov\u00fdm nab\u00edjen\u00edm<\/strong>, nab\u00edz\u00ed modern\u00ed funk\u010dnost i nad\u010dasovou eleganci. Hrd\u011b <strong data-start=\"1063\" data-end=\"1082\">Vyrobeno v N\u011bmecku<\/strong>, pouzdro Real Slate pro iPhone 17 je zt\u011blesn\u011bn\u00edm kvality, stylu a exkluzivity - ide\u00e1ln\u00ed pro ty, kte\u0159\u00ed oce\u0148uj\u00ed origin\u00e1ln\u00ed materi\u00e1ly a prvot\u0159\u00eddn\u00ed \u0159emesln\u00e9 zpracov\u00e1n\u00ed.<\/p>","protected":false},"featured_media":13053,"template":"","meta":{"inline_featured_image":false},"product_brand":[],"product_cat":[66],"product_tag":[90,89,91],"class_list":{"0":"post-6408","1":"product","2":"type-product","3":"status-publish","4":"has-post-thumbnail","6":"product_cat-iphone-cases","7":"product_tag-iphone-real-slate-case","8":"product_tag-slate-case","9":"product_tag-slate-case-by-roxxlyn","11":"first","12":"instock","13":"featured","14":"taxable","15":"shipping-taxable","16":"purchasable","17":"product-type-variable","18":"has-default-attributes"},"exclude_global_add_ons":true,"addons":[{"name":"Zak\u00e1zkov\u00e9 krej\u010dovstv\u00ed","type":"checkbox","position":0,"required":false,"title_format":"label","default":"","description_enable":false,"description":"","placeholder_enable":false,"placeholder":"","display":"select","restrictions_type":"any_text","adjust_price":false,"price":"","price_type":"flat_fee","restrictions":false,"min":"0","max":"0","options":[{"label":"Upgrade your case with a super-strong N52 grade 1.55 mm MagSafe magnet for seamless attachment and faster, more stable wireless charging","price":"10","price_type":"flat_fee","image":0,"visibility":true},{"label":"Opt for the most radiant and lively slate colors we have in stock, ensuring your case shines with unparalleled vibrancy.","price":"","price_type":"flat_fee","image":0,"visibility":true},{"label":"Embrace the raw beauty of nature with a heavy stone texture, adding a bold, tactile feel to your case.","price":"15","price_type":"flat_fee","image":0,"visibility":true},{"label":"Opt for a finer, smoother stone texture for a sleek touch and elegant appearance.","price":"","price_type":"flat_fee","image":0,"visibility":true},{"label":"Feature the iconic Apple logo with a precise cut-out on the stone surface, revealing the case's sleek, black satin-matte underside for a striking contrast and personalized touch.","price":"10","price_type":"flat_fee","image":0,"visibility":true},{"label":"Upgrade with a matching slate skin for the lens, cut from the same slate for perfect uniformity and enhanced protection.","price":"10","price_type":"flat_fee","image":0,"visibility":true},{"label":"Premium Liquid Care with dust-repellent, antistatic protection and a lasting matte effect. Specially designed to preserve and protect your case.","price":"5","price_type":"flat_fee","image":0,"visibility":true},{"label":"Premium Stone Cleaner & Care with antibacterial protection. Gently cleans and preserves the natural beauty of real slate for lasting elegance","price":"5","price_type":"flat_fee","image":0,"visibility":true}],"id":1757681370}],"_links":{"self":[{"href":"https:\/\/roxxlyn.com\/cs\/wp-json\/wp\/v2\/product\/6408","targetHints":{"allow":["GET"]}}],"collection":[{"href":"https:\/\/roxxlyn.com\/cs\/wp-json\/wp\/v2\/product"}],"about":[{"href":"https:\/\/roxxlyn.com\/cs\/wp-json\/wp\/v2\/types\/product"}],"version-history":[{"count":0,"href":"https:\/\/roxxlyn.com\/cs\/wp-json\/wp\/v2\/product\/6408\/revisions"}],"wp:featuredmedia":[{"embeddable":true,"href":"https:\/\/roxxlyn.com\/cs\/wp-json\/wp\/v2\/media\/13053"}],"wp:attachment":[{"href":"https:\/\/roxxlyn.com\/cs\/wp-json\/wp\/v2\/media?parent=6408"}],"wp:term":[{"taxonomy":"product_brand","embeddable":true,"href":"https:\/\/roxxlyn.com\/cs\/wp-json\/wp\/v2\/product_brand?post=6408"},{"taxonomy":"product_cat","embeddable":true,"href":"https:\/\/roxxlyn.com\/cs\/wp-json\/wp\/v2\/product_cat?post=6408"},{"taxonomy":"product_tag","embeddable":true,"href":"https:\/\/roxxlyn.com\/cs\/wp-json\/wp\/v2\/product_tag?post=6408"}],"curies":[{"name":"wp","href":"https:\/\/api.w.org\/{rel}","templated":true}]}}