{"id":3541,"date":"2021-05-21T13:02:50","date_gmt":"2021-05-21T13:02:50","guid":{"rendered":"https:\/\/roxxlyn.com\/?post_type=product&#038;p=3541"},"modified":"2025-09-24T07:08:30","modified_gmt":"2025-09-24T07:08:30","slug":"the-iphone-slate-case-black-rock","status":"publish","type":"product","link":"https:\/\/roxxlyn.com\/cs\/shop\/the-iphone-slate-case-black-rock\/","title":{"rendered":"Pouzdro iPhone Slate Black Rock"},"content":{"rendered":"<div data-elementor-type=\"wp-post\" data-elementor-id=\"3541\" class=\"elementor elementor-3541\" data-elementor-post-type=\"product\">\n\t\t\t\t\t\t<section class=\"elementor-section elementor-top-section elementor-element elementor-element-85c5581 elementor-section-boxed elementor-section-height-default elementor-section-height-default\" data-id=\"85c5581\" data-element_type=\"section\" data-e-type=\"section\">\n\t\t\t\t\t\t<div class=\"elementor-container elementor-column-gap-default\">\n\t\t\t\t\t<div class=\"elementor-column elementor-col-100 elementor-top-column elementor-element elementor-element-28fc111\" data-id=\"28fc111\" data-element_type=\"column\" data-e-type=\"column\">\n\t\t\t<div class=\"elementor-widget-wrap\">\n\t\t\t\t\t\t\t<\/div>\n\t\t<\/div>\n\t\t\t\t\t<\/div>\n\t\t<\/section>\n\t\t\t\t<section class=\"elementor-section elementor-top-section elementor-element elementor-element-f0f24e1 elementor-section-boxed elementor-section-height-default elementor-section-height-default\" data-id=\"f0f24e1\" data-element_type=\"section\" data-e-type=\"section\" data-settings=\"{&quot;background_background&quot;:&quot;classic&quot;}\">\n\t\t\t\t\t\t<div class=\"elementor-container elementor-column-gap-default\">\n\t\t\t\t\t<div class=\"elementor-column elementor-col-100 elementor-top-column elementor-element elementor-element-611b1ee\" data-id=\"611b1ee\" data-element_type=\"column\" data-e-type=\"column\">\n\t\t\t<div class=\"elementor-widget-wrap elementor-element-populated\">\n\t\t\t\t\t\t<div class=\"elementor-element elementor-element-3b15875 elementor-widget elementor-widget-video\" data-id=\"3b15875\" data-element_type=\"widget\" data-e-type=\"widget\" data-settings=\"{&quot;video_type&quot;:&quot;hosted&quot;,&quot;controls&quot;:&quot;yes&quot;}\" data-widget_type=\"video.default\">\n\t\t\t\t<div class=\"elementor-widget-container\">\n\t\t\t\t\t\t\t<div class=\"e-hosted-video elementor-wrapper elementor-open-inline\">\n\t\t\t\t\t<video class=\"elementor-video\" src=\"https:\/\/roxxlyn.com\/wp-content\/uploads\/2020\/11\/iPhone-Skin-inkl-Zubehor.66.mp4\" controls=\"\" preload=\"metadata\" controlslist=\"nodownload\"><\/video>\n\t\t\t\t<\/div>\n\t\t\t\t\t\t<\/div>\n\t\t\t\t<\/div>\n\t\t\t\t<section class=\"elementor-section elementor-inner-section elementor-element elementor-element-64c9f28 elementor-section-boxed elementor-section-height-default elementor-section-height-default\" data-id=\"64c9f28\" data-element_type=\"section\" data-e-type=\"section\">\n\t\t\t\t\t\t<div class=\"elementor-container elementor-column-gap-default\">\n\t\t\t\t\t<div class=\"elementor-column elementor-col-100 elementor-inner-column elementor-element elementor-element-53f4098\" data-id=\"53f4098\" data-element_type=\"column\" data-e-type=\"column\">\n\t\t\t<div class=\"elementor-widget-wrap elementor-element-populated\">\n\t\t\t\t\t\t<div class=\"elementor-element elementor-element-063f3cb elementor-widget elementor-widget-text-editor\" data-id=\"063f3cb\" data-element_type=\"widget\" data-e-type=\"widget\" data-widget_type=\"text-editor.default\">\n\t\t\t\t<div class=\"elementor-widget-container\">\n\t\t\t\t\t\t\t\t\t<p>Skute\u010dn\u00e9 pouzdro Slate Case Black Rock je klasick\u00e9 a diskr\u00e9tn\u00ed. Je ru\u010dn\u011b vyrobeno v Berl\u00edn\u011b z prav\u00e9 b\u0159idlice a pod\u0161ito nejjemn\u011bj\u0161\u00ed Alcantarou, kter\u00e1 va\u0161emu iPhonu poskytne optim\u00e1ln\u00ed ochranu p\u0159i ka\u017edodenn\u00edm cestov\u00e1n\u00ed. V kombinaci s kvalitn\u00edm r\u00e1me\u010dkem v\u00e1\u017e\u00ed toto mistrovsk\u00e9 d\u00edlo pouh\u00fdch 35 gram\u016f. Jeho syt\u011b \u0161edo\u010dern\u00e1 textura m\u00e1 d\u00edky prom\u011bnliv\u00e9 struktu\u0159e kamene senza\u010dn\u00ed povrch, kter\u00fd je \u017eiv\u00fd a v\u00fdjime\u010dn\u00fd, tak\u017ee ka\u017ed\u00fd jednotliv\u00fd v\u00fdrobek je skute\u010dn\u011b jedine\u010dn\u00fd.<\/p>\t\t\t\t\t\t\t\t<\/div>\n\t\t\t\t<\/div>\n\t\t\t\t<div class=\"elementor-element elementor-element-f4a6dab elementor-widget elementor-widget-text-editor\" data-id=\"f4a6dab\" data-element_type=\"widget\" data-e-type=\"widget\" data-widget_type=\"text-editor.default\">\n\t\t\t\t<div class=\"elementor-widget-container\">\n\t\t\t\t\t\t\t\t\t<p>Bezdr\u00e1tov\u00e9 nab\u00edjen\u00ed stejn\u011b jako ostatn\u00ed frekvence jsou pln\u011b podporov\u00e1ny bez kompromis\u016f.<\/p>\t\t\t\t\t\t\t\t<\/div>\n\t\t\t\t<\/div>\n\t\t\t\t<div class=\"elementor-element elementor-element-8c52388 elementor-widget elementor-widget-text-editor\" data-id=\"8c52388\" data-element_type=\"widget\" data-e-type=\"widget\" data-widget_type=\"text-editor.default\">\n\t\t\t\t<div class=\"elementor-widget-container\">\n\t\t\t\t\t\t\t\t\t<p>Samotn\u00e9 pouzdro je vyrobeno z termoplastick\u00e9ho polyuretanu a polykarbon\u00e1tu a je k dispozici v r\u016fzn\u00fdch povrchov\u00fdch \u00faprav\u00e1ch a barv\u00e1ch. Celkov\u00e1 hmotnost v\u00fdrobku je pouh\u00fdch 35 a\u017e 45 gram\u016f v z\u00e1vislosti na velikosti pouzdra. Stejn\u011b jako v\u0161echny na\u0161e v\u00fdrobky je i toto pouzdro jedine\u010dn\u00fdm kusem, kter\u00fd se li\u0161\u00ed svou unik\u00e1tn\u00ed strukturou horniny a zbarven\u00edm, ka\u017ed\u00e9 je jedine\u010dn\u00fdm kouskem p\u0159\u00edrody. \u00a0<\/p>\t\t\t\t\t\t\t\t<\/div>\n\t\t\t\t<\/div>\n\t\t\t\t\t<\/div>\n\t\t<\/div>\n\t\t\t\t\t<\/div>\n\t\t<\/section>\n\t\t\t\t<div class=\"elementor-element elementor-element-956b714 elementor-widget elementor-widget-video\" data-id=\"956b714\" data-element_type=\"widget\" data-e-type=\"widget\" data-settings=\"{&quot;video_type&quot;:&quot;vimeo&quot;}\" data-widget_type=\"video.default\">\n\t\t\t\t<div class=\"elementor-widget-container\">\n\t\t\t\t\t\t\t<div class=\"elementor-wrapper elementor-open-inline\">\n\t\t\t<iframe class=\"elementor-video-iframe\" allowfullscreen allow=\"clipboard-write\" title=\"vimeo \u0645\u0634\u063a\u0644 \u0641\u064a\u062f\u064a\u0648\" src=\"https:\/\/player.vimeo.com\/video\/290503829?color&amp;autopause=0&amp;loop=0&amp;muted=0&amp;title=1&amp;portrait=1&amp;byline=1#t=\" data-no-translation-title=\"\"><\/iframe>\t\t<\/div>\n\t\t\t\t\t\t<\/div>\n\t\t\t\t<\/div>\n\t\t\t\t\t<\/div>\n\t\t<\/div>\n\t\t\t\t\t<\/div>\n\t\t<\/section>\n\t\t\t\t<\/div>","protected":false},"excerpt":{"rendered":"<p data-start=\"380\" data-end=\"738\">Objevte dokonalou ochranu pro nov\u00e9 <strong data-start=\"425\" data-end=\"491\">iPhone 17, iPhone 17 Pro, iPhone 17 Pro Max a iPhone 17 Air<\/strong> s na\u0161\u00edm <strong data-start=\"501\" data-end=\"535\">Pr\u00e9miov\u00e9 pouzdro na iPhone Real Slate<\/strong> - mistrovsk\u00e9 d\u00edlo z p\u0159\u00edrodn\u00edho kamene a modern\u00edho in\u017een\u00fdrstv\u00ed. Ka\u017ed\u00e1 sk\u0159\u00ed\u0148 je ru\u010dn\u011b vyrobena z prav\u00e9 b\u0159idlice poch\u00e1zej\u00edc\u00ed z historick\u00fdch n\u011bmeck\u00fdch lom\u016f, tak\u017ee ka\u017ed\u00fd kus m\u00e1 jedine\u010dnou strukturu a nad\u010dasov\u00fd design. Vyrobeno s <strong data-start=\"751\" data-end=\"794\">vysoce v\u00fdkonn\u00fd TPU od spole\u010dnosti Bayer N\u011bmecko<\/strong>, pouzdro poskytuje robustn\u00ed ochranu proti p\u00e1d\u016fm, po\u0161kr\u00e1b\u00e1n\u00ed a ka\u017edodenn\u00edmu opot\u0159eben\u00ed, p\u0159i\u010dem\u017e si zachov\u00e1v\u00e1 tenk\u00fd a elegantn\u00ed profil. Uvnit\u0159 je pouzdro vylo\u017eeno m\u011bkkou Alcantarou pro luxusn\u00ed dotek, lep\u0161\u00ed p\u0159ilnavost a dodate\u010dnou ochranu. S <strong data-start=\"1034\" data-end=\"1079\">zv\u00fd\u0161en\u00e9 okraje kolem obrazovky a fotoapar\u00e1tu<\/strong>, je va\u0161e za\u0159\u00edzen\u00ed iPhone \u0159ady 17 chr\u00e1n\u011bno, ani\u017e by to bylo na \u00fakor stylu. A\u0165 u\u017e p\u0159i ka\u017edodenn\u00edm pou\u017e\u00edv\u00e1n\u00ed nebo na cest\u00e1ch, toto kamenn\u00e9 pouzdro na iPhone kombinuje <strong data-start=\"1222\" data-end=\"1263\">p\u0159\u00edroda, \u0159emeslo a technologie<\/strong> aby bylo va\u0161e za\u0159\u00edzen\u00ed v bezpe\u010d\u00ed, stylov\u00e9 a zabezpe\u010den\u00e9. Hrd\u011b <strong data-start=\"1319\" data-end=\"1338\">Vyrobeno v N\u011bmecku<\/strong>.<\/p>","protected":false},"featured_media":12895,"template":"","meta":{"inline_featured_image":false},"product_brand":[],"product_cat":[66],"product_tag":[90,89,91],"class_list":{"0":"post-3541","1":"product","2":"type-product","3":"status-publish","4":"has-post-thumbnail","6":"product_cat-iphone-cases","7":"product_tag-iphone-real-slate-case","8":"product_tag-slate-case","9":"product_tag-slate-case-by-roxxlyn","11":"first","12":"instock","13":"featured","14":"taxable","15":"shipping-taxable","16":"purchasable","17":"product-type-variable","18":"has-default-attributes"},"exclude_global_add_ons":false,"addons":[{"name":"Zak\u00e1zkov\u00e9 krej\u010dovstv\u00ed","type":"checkbox","position":0,"required":false,"title_format":"label","default":"","description_enable":false,"description":"","placeholder_enable":false,"placeholder":"","display":"select","restrictions_type":"any_text","adjust_price":false,"price":"","price_type":"flat_fee","restrictions":false,"min":"0","max":"0","options":[{"label":"Upgrade your case with a super-strong N52 grade 1.55 mm MagSafe magnet for seamless attachment and faster, more stable wireless charging","price":"10","price_type":"flat_fee","image":0,"visibility":true},{"label":"Achieve the darkest (possible) hue on your stone surface for a sleek, sophisticated look.","price":"","price_type":"flat_fee","image":0,"visibility":true},{"label":"Embrace the raw beauty of nature with a heavy stone texture, adding a bold, tactile feel to your case.","price":"15","price_type":"flat_fee","image":0,"visibility":true},{"label":"Opt for a finer, smoother stone texture for a sleek touch and elegant appearance.","price":"","price_type":"flat_fee","image":0,"visibility":true},{"label":"Feature the iconic Apple logo with a precise cut-out on the stone surface, revealing the case's sleek, black satin-matte underside for a striking contrast and personalized touch.","price":"10","price_type":"flat_fee","image":0,"visibility":true},{"label":"Upgrade with a matching slate skin for the lens, cut from the same slate for perfect uniformity and enhanced protection.","price":"10","price_type":"flat_fee","image":0,"visibility":true},{"label":"Premium Liquid Care with dust-repellent, antistatic protection and a lasting matte effect. Specially designed to preserve and protect your case.","price":"5","price_type":"flat_fee","image":0,"visibility":true},{"label":"Premium Stone Cleaner & Care with antibacterial protection. Gently cleans and preserves the natural beauty of real slate for lasting elegance","price":"5","price_type":"flat_fee","image":0,"visibility":true}],"id":1709884294}],"_links":{"self":[{"href":"https:\/\/roxxlyn.com\/cs\/wp-json\/wp\/v2\/product\/3541","targetHints":{"allow":["GET"]}}],"collection":[{"href":"https:\/\/roxxlyn.com\/cs\/wp-json\/wp\/v2\/product"}],"about":[{"href":"https:\/\/roxxlyn.com\/cs\/wp-json\/wp\/v2\/types\/product"}],"version-history":[{"count":0,"href":"https:\/\/roxxlyn.com\/cs\/wp-json\/wp\/v2\/product\/3541\/revisions"}],"wp:featuredmedia":[{"embeddable":true,"href":"https:\/\/roxxlyn.com\/cs\/wp-json\/wp\/v2\/media\/12895"}],"wp:attachment":[{"href":"https:\/\/roxxlyn.com\/cs\/wp-json\/wp\/v2\/media?parent=3541"}],"wp:term":[{"taxonomy":"product_brand","embeddable":true,"href":"https:\/\/roxxlyn.com\/cs\/wp-json\/wp\/v2\/product_brand?post=3541"},{"taxonomy":"product_cat","embeddable":true,"href":"https:\/\/roxxlyn.com\/cs\/wp-json\/wp\/v2\/product_cat?post=3541"},{"taxonomy":"product_tag","embeddable":true,"href":"https:\/\/roxxlyn.com\/cs\/wp-json\/wp\/v2\/product_tag?post=3541"}],"curies":[{"name":"wp","href":"https:\/\/api.w.org\/{rel}","templated":true}]}}