{"id":3039,"date":"2021-01-13T16:49:21","date_gmt":"2021-01-13T16:49:21","guid":{"rendered":"https:\/\/roxxlyn.com\/?post_type=product&#038;p=3039"},"modified":"2026-03-04T16:09:48","modified_gmt":"2026-03-04T16:09:48","slug":"the-iphone-slate-skin-black-rock","status":"publish","type":"product","link":"https:\/\/roxxlyn.com\/cs\/shop\/the-iphone-slate-skin-black-rock\/","title":{"rendered":"B\u0159idlicov\u00e1 k\u016f\u017ee pro iPhone Black Rock"},"content":{"rendered":"<div data-elementor-type=\"wp-post\" data-elementor-id=\"3039\" class=\"elementor elementor-3039\" data-elementor-post-type=\"product\">\n\t\t\t\t\t\t<section class=\"elementor-section elementor-top-section elementor-element elementor-element-00f9663 elementor-section-boxed elementor-section-height-default elementor-section-height-default\" data-id=\"00f9663\" data-element_type=\"section\" data-e-type=\"section\">\n\t\t\t\t\t\t<div class=\"elementor-container elementor-column-gap-default\">\n\t\t\t\t\t<div class=\"elementor-column elementor-col-33 elementor-top-column elementor-element elementor-element-9dfa94f\" data-id=\"9dfa94f\" data-element_type=\"column\" data-e-type=\"column\">\n\t\t\t<div class=\"elementor-widget-wrap elementor-element-populated\">\n\t\t\t\t\t\t<div class=\"elementor-element elementor-element-ed5fd35 elementor-widget elementor-widget-heading\" data-id=\"ed5fd35\" data-element_type=\"widget\" data-e-type=\"widget\" data-widget_type=\"heading.default\">\n\t\t\t\t<div class=\"elementor-widget-container\">\n\t\t\t\t\t<h2 class=\"elementor-heading-title elementor-size-default\">B\u0159idlicov\u00e1 k\u016f\u017ee pro iPhone Black Rock<\/h2>\t\t\t\t<\/div>\n\t\t\t\t<\/div>\n\t\t\t\t\t<\/div>\n\t\t<\/div>\n\t\t\t\t<div class=\"elementor-column elementor-col-33 elementor-top-column elementor-element elementor-element-f699efe\" data-id=\"f699efe\" data-element_type=\"column\" data-e-type=\"column\">\n\t\t\t<div class=\"elementor-widget-wrap elementor-element-populated\">\n\t\t\t\t\t\t<div class=\"elementor-element elementor-element-46d3387 elementor-widget elementor-widget-text-editor\" data-id=\"46d3387\" data-element_type=\"widget\" data-e-type=\"widget\" data-widget_type=\"text-editor.default\">\n\t\t\t\t<div class=\"elementor-widget-container\">\n\t\t\t\t\t\t\t\t\t<p>Dodejte sv\u00e9mu iPhonu jedine\u010dn\u00fd, nad\u010dasov\u00fd upgrade s k\u016f\u017e\u00ed Real Slate Skin Black Rock.<\/p><p>Tato ultratenk\u00e1 k\u016f\u017ee z prav\u00e9 b\u0159idlice, ru\u010dn\u011b vyroben\u00e1 v N\u011bmecku, v sob\u011b spojuje eleganci a odolnost a d\u00edky tmav\u011b \u0161ed\u00fdm t\u00f3n\u016fm a struktu\u0159e p\u0159\u00edrodn\u00edho kamene va\u0161e za\u0159\u00edzen\u00ed odli\u0161\u00ed.<\/p><p>Na rozd\u00edl od objemn\u00fdch pouzder nab\u00edz\u00ed tento skin elegantn\u00ed, minimalistick\u00fd design, kter\u00fd chr\u00e1n\u00ed sklen\u011bn\u00e1 z\u00e1da iPhonu p\u0159ed po\u0161kr\u00e1b\u00e1n\u00edm a ne\u010distotami a z\u00e1rove\u0148 zachov\u00e1v\u00e1 jeho p\u016fvodn\u00ed profil.<\/p><p>Na\u0161e k\u016f\u017ee Real Slate Skin Black Rock je navr\u017eena tak, aby bezvadn\u011b sed\u011bla na v\u0161ech modelech iPhonu, a obsahuje nov\u00fd vlastn\u00ed st\u0159ih pro iPhone 16 Pro a 16 Pro Max, kter\u00fd se p\u0159izp\u016fsob\u00ed u\u017e\u0161\u00edmu prostoru lev\u00e9ho objektivu a zajist\u00ed styl i stabilitu.<\/p><p>\u00a0<\/p>\t\t\t\t\t\t\t\t<\/div>\n\t\t\t\t<\/div>\n\t\t\t\t\t<\/div>\n\t\t<\/div>\n\t\t\t\t<div class=\"elementor-column elementor-col-33 elementor-top-column elementor-element elementor-element-602b0ef\" data-id=\"602b0ef\" data-element_type=\"column\" data-e-type=\"column\">\n\t\t\t<div class=\"elementor-widget-wrap elementor-element-populated\">\n\t\t\t\t\t\t<div class=\"elementor-element elementor-element-bce3332 elementor-widget elementor-widget-text-editor\" data-id=\"bce3332\" data-element_type=\"widget\" data-e-type=\"widget\" data-widget_type=\"text-editor.default\">\n\t\t\t\t<div class=\"elementor-widget-container\">\n\t\t\t\t\t\t\t\t\t<p><span style=\"background-color: transparent; font-size: 1rem;\">Tato k\u016f\u017ee se vyr\u00e1b\u00ed na zak\u00e1zku, aby p\u0159esn\u011b sed\u011bla, snadno se nan\u00e1\u0161\u00ed a po odstran\u011bn\u00ed nezanech\u00e1v\u00e1 lepkav\u00e9 zbytky. Ka\u017ed\u00fd kus je vyroben z prav\u00e9 b\u0159idlice \"Black Rock\", kter\u00e1 poch\u00e1z\u00ed z indick\u00e9ho D\u017eajpuru, a dod\u00e1v\u00e1 ka\u017ed\u00e9 k\u016f\u017ei jedine\u010dn\u00fd vzhled.<\/span><\/p><p><span style=\"background-color: transparent; font-size: 1rem;\">Db\u00e1me na kvalitu, pou\u017e\u00edv\u00e1me prvot\u0159\u00eddn\u00ed materi\u00e1ly a vyb\u00edr\u00e1me jen ty nejlep\u0161\u00ed kamenn\u00e9 desky, abychom vytvo\u0159ili k\u016f\u017ei, kter\u00e1 je stejn\u011b jedine\u010dn\u00e1 jako vy. Lehk\u00e1 k\u016f\u017ee Real Slate Skin Black Rock v\u00e1\u017e\u00ed pouh\u00fdch 8 gram\u016f a dod\u00e1v\u00e1 j\u00ed sofistikovan\u00fd a z\u00e1rove\u0148 p\u0159irozen\u00fd n\u00e1dech, ani\u017e by zvy\u0161ovala jej\u00ed hmotnost. Mezin\u00e1rodn\u00ed z\u00e1kazn\u00edky mimo EU upozor\u0148ujeme, \u017ee se na n\u011b mohou vztahovat m\u00edstn\u00ed dan\u011b a celn\u00ed poplatky.<\/span><\/p><p>Za\u017eijte opravdovou eleganci s kamenem Real Slate Skin Black Rock - ochranu, styl a osobit\u00fd vzhled, kter\u00fd dok\u00e1\u017ee poskytnout pouze prav\u00fd k\u00e1men.<\/p>\t\t\t\t\t\t\t\t<\/div>\n\t\t\t\t<\/div>\n\t\t\t\t\t<\/div>\n\t\t<\/div>\n\t\t\t\t\t<\/div>\n\t\t<\/section>\n\t\t\t\t<section class=\"elementor-section elementor-top-section elementor-element elementor-element-eee3027 elementor-section-boxed elementor-section-height-default elementor-section-height-default\" data-id=\"eee3027\" data-element_type=\"section\" data-e-type=\"section\" data-settings=\"{&quot;background_background&quot;:&quot;classic&quot;}\">\n\t\t\t\t\t\t<div class=\"elementor-container elementor-column-gap-default\">\n\t\t\t\t\t<div class=\"elementor-column elementor-col-100 elementor-top-column elementor-element elementor-element-833149b\" data-id=\"833149b\" data-element_type=\"column\" data-e-type=\"column\">\n\t\t\t<div class=\"elementor-widget-wrap elementor-element-populated\">\n\t\t\t\t\t\t<div class=\"elementor-element elementor-element-f8693f2 elementor-widget elementor-widget-video\" data-id=\"f8693f2\" data-element_type=\"widget\" data-e-type=\"widget\" data-settings=\"{&quot;video_type&quot;:&quot;hosted&quot;,&quot;play_on_mobile&quot;:&quot;yes&quot;,&quot;autoplay&quot;:&quot;yes&quot;,&quot;mute&quot;:&quot;yes&quot;,&quot;loop&quot;:&quot;yes&quot;}\" data-widget_type=\"video.default\">\n\t\t\t\t<div class=\"elementor-widget-container\">\n\t\t\t\t\t\t\t<div class=\"e-hosted-video elementor-wrapper elementor-open-inline\">\n\t\t\t\t\t<video class=\"elementor-video\" src=\"https:\/\/roxxlyn.com\/wp-content\/uploads\/2024\/11\/16-pro-max-skin.553.mp4\" autoplay=\"\" loop=\"\" muted=\"muted\" playsinline=\"\" controlslist=\"nodownload\"><\/video>\n\t\t\t\t<\/div>\n\t\t\t\t\t\t<\/div>\n\t\t\t\t<\/div>\n\t\t\t\t\t<\/div>\n\t\t<\/div>\n\t\t\t\t\t<\/div>\n\t\t<\/section>\n\t\t\t\t<section class=\"elementor-section elementor-top-section elementor-element elementor-element-f0f24e1 elementor-section-boxed elementor-section-height-default elementor-section-height-default\" data-id=\"f0f24e1\" data-element_type=\"section\" data-e-type=\"section\" data-settings=\"{&quot;background_background&quot;:&quot;classic&quot;}\">\n\t\t\t\t\t\t<div class=\"elementor-container elementor-column-gap-default\">\n\t\t\t\t\t<div class=\"elementor-column elementor-col-100 elementor-top-column elementor-element elementor-element-611b1ee\" data-id=\"611b1ee\" data-element_type=\"column\" data-e-type=\"column\">\n\t\t\t<div class=\"elementor-widget-wrap elementor-element-populated\">\n\t\t\t\t\t\t<div class=\"elementor-element elementor-element-956b714 elementor-widget elementor-widget-video\" data-id=\"956b714\" data-element_type=\"widget\" data-e-type=\"widget\" data-settings=\"{&quot;video_type&quot;:&quot;vimeo&quot;}\" data-widget_type=\"video.default\">\n\t\t\t\t<div class=\"elementor-widget-container\">\n\t\t\t\t\t\t\t<div class=\"elementor-wrapper elementor-open-inline\">\n\t\t\t<iframe class=\"elementor-video-iframe\" allowfullscreen allow=\"clipboard-write\" title=\"P\u0159ehr\u00e1va\u010d videa vimeo\" src=\"https:\/\/player.vimeo.com\/video\/290503829?color&amp;autopause=0&amp;loop=0&amp;muted=0&amp;title=1&amp;portrait=1&amp;byline=1#t=\"><\/iframe>\t\t<\/div>\n\t\t\t\t\t\t<\/div>\n\t\t\t\t<\/div>\n\t\t\t\t\t<\/div>\n\t\t<\/div>\n\t\t\t\t\t<\/div>\n\t\t<\/section>\n\t\t\t\t<section class=\"elementor-section elementor-top-section elementor-element elementor-element-116d343 elementor-section-boxed elementor-section-height-default elementor-section-height-default\" data-id=\"116d343\" data-element_type=\"section\" data-e-type=\"section\">\n\t\t\t\t\t\t<div class=\"elementor-container elementor-column-gap-default\">\n\t\t\t\t\t<div class=\"elementor-column elementor-col-100 elementor-top-column elementor-element elementor-element-58aea76\" data-id=\"58aea76\" data-element_type=\"column\" data-e-type=\"column\">\n\t\t\t<div class=\"elementor-widget-wrap\">\n\t\t\t\t\t\t\t<\/div>\n\t\t<\/div>\n\t\t\t\t\t<\/div>\n\t\t<\/section>\n\t\t\t\t<\/div>","protected":false},"excerpt":{"rendered":"<p data-start=\"147\" data-end=\"200\"><strong data-start=\"147\" data-end=\"198\">Real Slate Skin Black Rock pro iPhone 17 Series<\/strong><\/p>\n<p data-start=\"202\" data-end=\"459\">Dodejte sv\u00e9mu iPhonu 17, iPhonu 17 Pro, iPhonu 17 Pro Max nebo iPhonu 17 Air nad\u010dasov\u00fd a p\u0159irozen\u00fd vzhled s k\u016f\u017e\u00ed Real Slate Skin Black Rock. Tato ultratenk\u00e1 kamenn\u00e1 k\u016f\u017ee, ru\u010dn\u011b vyroben\u00e1 v N\u011bmecku, kombinuje minimalistick\u00fd design s autentickou b\u0159idlic\u00ed a vytv\u00e1\u0159\u00ed tak jedine\u010dn\u00fd povrch.<\/p>\n<ul data-start=\"461\" data-end=\"783\">\n<li data-start=\"461\" data-end=\"537\">\n<p data-start=\"463\" data-end=\"537\">Kompatibiln\u00ed s iPhone 17, 17 Pro, 17 Pro Max, 17 Air a star\u0161\u00edmi modely<\/p>\n<\/li>\n<li data-start=\"461\" data-end=\"537\">\n<p data-start=\"463\" data-end=\"537\">Ru\u010dn\u011b vyrobeno z prav\u00e9 b\u0159idlice Black Rock<\/p>\n<\/li>\n<li data-start=\"584\" data-end=\"626\">\n<p data-start=\"586\" data-end=\"626\">Ultra tenk\u00fd: cca 1 mm a pouze 8 gram\u016f<\/p>\n<\/li>\n<li data-start=\"627\" data-end=\"682\">\n<p data-start=\"629\" data-end=\"682\">Prvot\u0159\u00eddn\u00ed lepidlo, bezpe\u010dn\u00e9 dr\u017een\u00ed, odstran\u011bn\u00ed beze zbytk\u016f<\/p>\n<\/li>\n<li data-start=\"683\" data-end=\"734\">\n<p data-start=\"685\" data-end=\"734\">Chr\u00e1n\u00ed sklen\u011bnou zadn\u00ed stranu p\u0159ed po\u0161kr\u00e1b\u00e1n\u00edm a zne\u010di\u0161t\u011bn\u00edm<\/p>\n<\/li>\n<li data-start=\"735\" data-end=\"783\">\n<p data-start=\"737\" data-end=\"783\">Ka\u017ed\u00e1 k\u016f\u017ee m\u00e1 jedine\u010dnou strukturu p\u0159\u00edrodn\u00edho kamene<\/p>\n<\/li>\n<\/ul>\n<p data-start=\"785\" data-end=\"903\">Lehk\u00fd, odoln\u00fd proti po\u0161kr\u00e1b\u00e1n\u00ed a jedine\u010dn\u00fd - Black Rock Slate Skin p\u0159in\u00e1\u0161\u00ed iPhonu p\u0159irozenou eleganci.<\/p>","protected":false},"featured_media":12860,"template":"","meta":{"inline_featured_image":false},"product_brand":[],"product_cat":[66],"product_tag":[],"class_list":{"0":"post-3039","1":"product","2":"type-product","3":"status-publish","4":"has-post-thumbnail","6":"product_cat-iphone-cases","8":"first","9":"instock","10":"taxable","11":"shipping-taxable","12":"purchasable","13":"product-type-variable","14":"has-default-attributes"},"exclude_global_add_ons":true,"addons":[{"name":"Vlastn\u00ed","type":"checkbox","position":0,"required":false,"title_format":"heading","default":"","description_enable":false,"description":"","placeholder_enable":false,"placeholder":"","display":"radiobutton","restrictions_type":"any_text","adjust_price":false,"price":"","price_type":"flat_fee","restrictions":false,"min":"0","max":"0","options":[{"label":"Centered Apple Logo \u2013 We realign the logo to sit exactly in the middle of your iPhone. Comes with a matching vinyl insert. Only for iP17 Pro and 17Pro Max","price":"","price_type":"flat_fee","image":0,"visibility":true},{"label":"Original Apple Logo (2\/3 Position \u2013 iPhone 17 Pro & 17 Pro Max)","price":"","price_type":"flat_fee","image":0,"visibility":true},{"label":"No Apple Logo Cutout \u2013 A seamless full-stone back without any logo opening","price":"","price_type":"flat_fee","image":0,"visibility":true},{"label":"Dark Stone Finish \u2013 Enhanced for the deepest possible tone","price":"","price_type":"flat_fee","image":0,"visibility":true},{"label":"Apple Logo Guard Film \u2013 Highly transparent glossy polyurethane film with outstanding UV-resistance, excellent tear strength, and self-healing surface. That means light scratches on the surface (e.g. originating from squeegees, cleaning brushes) can be removed easily by applying heat (e.g. solar radiation, heat gun)","price":"5","price_type":"flat_fee","image":0,"visibility":true},{"label":"Stone Texture Smooth \u2013 A flatter, more even stone surface with reduced depth and texture.","price":"","price_type":"flat_fee","image":0,"visibility":true},{"label":"Heavy Stone Texture \u2013 Enhanced natural highs and lows, offering a more rugged, tactile stone finish","price":"15","price_type":"flat_fee","image":0,"visibility":true}],"id":1702754809}],"_links":{"self":[{"href":"https:\/\/roxxlyn.com\/cs\/wp-json\/wp\/v2\/product\/3039","targetHints":{"allow":["GET"]}}],"collection":[{"href":"https:\/\/roxxlyn.com\/cs\/wp-json\/wp\/v2\/product"}],"about":[{"href":"https:\/\/roxxlyn.com\/cs\/wp-json\/wp\/v2\/types\/product"}],"version-history":[{"count":1,"href":"https:\/\/roxxlyn.com\/cs\/wp-json\/wp\/v2\/product\/3039\/revisions"}],"predecessor-version":[{"id":14837,"href":"https:\/\/roxxlyn.com\/cs\/wp-json\/wp\/v2\/product\/3039\/revisions\/14837"}],"wp:featuredmedia":[{"embeddable":true,"href":"https:\/\/roxxlyn.com\/cs\/wp-json\/wp\/v2\/media\/12860"}],"wp:attachment":[{"href":"https:\/\/roxxlyn.com\/cs\/wp-json\/wp\/v2\/media?parent=3039"}],"wp:term":[{"taxonomy":"product_brand","embeddable":true,"href":"https:\/\/roxxlyn.com\/cs\/wp-json\/wp\/v2\/product_brand?post=3039"},{"taxonomy":"product_cat","embeddable":true,"href":"https:\/\/roxxlyn.com\/cs\/wp-json\/wp\/v2\/product_cat?post=3039"},{"taxonomy":"product_tag","embeddable":true,"href":"https:\/\/roxxlyn.com\/cs\/wp-json\/wp\/v2\/product_tag?post=3039"}],"curies":[{"name":"wp","href":"https:\/\/api.w.org\/{rel}","templated":true}]}}