{"id":2984,"date":"2021-01-13T16:09:51","date_gmt":"2021-01-13T16:09:51","guid":{"rendered":"https:\/\/roxxlyn.com\/?post_type=product&#038;p=2984"},"modified":"2025-09-23T13:22:08","modified_gmt":"2025-09-23T13:22:08","slug":"the-iphone-granite-case-lapis-lazuli","status":"publish","type":"product","link":"https:\/\/roxxlyn.com\/cs\/shop\/the-iphone-granite-case-lapis-lazuli\/","title":{"rendered":"Pouzdro iPhone Granite Case Lapis Lazuli"},"content":{"rendered":"<div data-elementor-type=\"wp-post\" data-elementor-id=\"2984\" class=\"elementor elementor-2984\" data-elementor-post-type=\"product\">\n\t\t\t\t\t\t<section class=\"elementor-section elementor-top-section elementor-element elementor-element-4fad3d1 elementor-section-boxed elementor-section-height-default elementor-section-height-default\" data-id=\"4fad3d1\" data-element_type=\"section\" data-e-type=\"section\" data-settings=\"{&quot;background_background&quot;:&quot;classic&quot;}\">\n\t\t\t\t\t\t<div class=\"elementor-container elementor-column-gap-default\">\n\t\t\t\t\t<div class=\"elementor-column elementor-col-100 elementor-top-column elementor-element elementor-element-e551091\" data-id=\"e551091\" data-element_type=\"column\" data-e-type=\"column\">\n\t\t\t<div class=\"elementor-widget-wrap elementor-element-populated\">\n\t\t\t\t\t\t<div class=\"elementor-element elementor-element-56bab67 elementor-widget elementor-widget-video\" data-id=\"56bab67\" data-element_type=\"widget\" data-e-type=\"widget\" data-settings=\"{&quot;video_type&quot;:&quot;vimeo&quot;,&quot;autoplay&quot;:&quot;yes&quot;,&quot;play_on_mobile&quot;:&quot;yes&quot;,&quot;mute&quot;:&quot;yes&quot;}\" data-widget_type=\"video.default\">\n\t\t\t\t<div class=\"elementor-widget-container\">\n\t\t\t\t\t\t\t<div class=\"elementor-wrapper elementor-open-inline\">\n\t\t\t<iframe class=\"elementor-video-iframe\" allowfullscreen allow=\"autoplay\" title=\"vimeo \u0391\u03bd\u03b1\u03c0\u03b1\u03c1\u03b1\u03b3\u03c9\u03b3\u03cc\u03c2 \u03a0\u03bf\u03bb\u03c5\u03bc\u03ad\u03c3\u03c9\u03bd\" src=\"https:\/\/player.vimeo.com\/video\/486704204?autoplay=1&amp;playsinline=1&amp;color&amp;autopause=0&amp;loop=0&amp;muted=1&amp;title=1&amp;portrait=1&amp;byline=1#t=\" data-no-translation-title=\"\"><\/iframe>\t\t<\/div>\n\t\t\t\t\t\t<\/div>\n\t\t\t\t<\/div>\n\t\t\t\t<section class=\"elementor-section elementor-inner-section elementor-element elementor-element-c18f3bd elementor-section-boxed elementor-section-height-default elementor-section-height-default\" data-id=\"c18f3bd\" data-element_type=\"section\" data-e-type=\"section\">\n\t\t\t\t\t\t<div class=\"elementor-container elementor-column-gap-default\">\n\t\t\t\t\t<div class=\"elementor-column elementor-col-50 elementor-inner-column elementor-element elementor-element-d3dd10c\" data-id=\"d3dd10c\" data-element_type=\"column\" data-e-type=\"column\">\n\t\t\t<div class=\"elementor-widget-wrap elementor-element-populated\">\n\t\t\t\t\t\t<div class=\"elementor-element elementor-element-c4dfc94 elementor-widget elementor-widget-text-editor\" data-id=\"c4dfc94\" data-element_type=\"widget\" data-e-type=\"widget\" data-widget_type=\"text-editor.default\">\n\t\t\t\t<div class=\"elementor-widget-container\">\n\t\t\t\t\t\t\t\t\t<p>Bezdr\u00e1tov\u00e9 nab\u00edjen\u00ed stejn\u011b jako ostatn\u00ed frekvence jsou pln\u011b podporov\u00e1ny bez kompromis\u016f.<\/p>\t\t\t\t\t\t\t\t<\/div>\n\t\t\t\t<\/div>\n\t\t\t\t<div class=\"elementor-element elementor-element-e8328cd elementor-widget elementor-widget-text-editor\" data-id=\"e8328cd\" data-element_type=\"widget\" data-e-type=\"widget\" data-widget_type=\"text-editor.default\">\n\t\t\t\t<div class=\"elementor-widget-container\">\n\t\t\t\t\t\t\t\t\t<p>Samotn\u00e9 pouzdro je vyrobeno z termoplastick\u00e9ho polyuretanu a polykarbon\u00e1tu a je k dispozici v r\u016fzn\u00fdch povrchov\u00fdch \u00faprav\u00e1ch a barv\u00e1ch. Celkov\u00e1 hmotnost v\u00fdrobku je pouh\u00fdch 35 a\u017e 45 gram\u016f v z\u00e1vislosti na velikosti pouzdra. Stejn\u011b jako v\u0161echny na\u0161e v\u00fdrobky je i toto pouzdro jedine\u010dn\u00fdm kusem, kter\u00fd se li\u0161\u00ed svou unik\u00e1tn\u00ed strukturou horniny a zbarven\u00edm, ka\u017ed\u00e9 je jedine\u010dn\u00fdm kouskem p\u0159\u00edrody. \u00a0<\/p>\t\t\t\t\t\t\t\t<\/div>\n\t\t\t\t<\/div>\n\t\t\t\t\t<\/div>\n\t\t<\/div>\n\t\t\t\t<div class=\"elementor-column elementor-col-50 elementor-inner-column elementor-element elementor-element-7c0f8d7\" data-id=\"7c0f8d7\" data-element_type=\"column\" data-e-type=\"column\">\n\t\t\t<div class=\"elementor-widget-wrap elementor-element-populated\">\n\t\t\t\t\t\t<div class=\"elementor-element elementor-element-ca943b6 elementor-widget elementor-widget-text-editor\" data-id=\"ca943b6\" data-element_type=\"widget\" data-e-type=\"widget\" data-widget_type=\"text-editor.default\">\n\t\t\t\t<div class=\"elementor-widget-container\">\n\t\t\t\t\t\t\t\t\tK dispozici jsou magnety Magsafe, kter\u00e9 jsou dokonale integrovan\u00e9 pro plnou podporu origin\u00e1ln\u00edch bezdr\u00e1tov\u00fdch nab\u00edje\u010dek Apple a p\u0159\u00eddavn\u00fdch nab\u00edje\u010dek Roxxlyn.\u00a0\t\t\t\t\t\t\t\t<\/div>\n\t\t\t\t<\/div>\n\t\t\t\t<div class=\"elementor-element elementor-element-6793b6c elementor-widget elementor-widget-text-editor\" data-id=\"6793b6c\" data-element_type=\"widget\" data-e-type=\"widget\" data-widget_type=\"text-editor.default\">\n\t\t\t\t<div class=\"elementor-widget-container\">\n\t\t\t\t\t\t\t\t\t<p>D\u00edky na\u0161emu vlastn\u00edmu speci\u00e1ln\u00edmu v\u00fdvoji je vnit\u0159ek pouzdra vybaven nejjemn\u011bj\u0161\u00ed semi\u0161ovou\/zeleninovou k\u016f\u017e\u00ed a nab\u00edz\u00ed jedine\u010dnou polymerovou technologii, kter\u00e1 tlum\u00ed n\u00e1razy a umo\u017e\u0148uje bezdr\u00e1tov\u00e9 nab\u00edjen\u00ed bez jak\u00fdchkoli kompromis\u016f.\u00a0<\/p>\t\t\t\t\t\t\t\t<\/div>\n\t\t\t\t<\/div>\n\t\t\t\t<div class=\"elementor-element elementor-element-91f1315 elementor-widget elementor-widget-video\" data-id=\"91f1315\" data-element_type=\"widget\" data-e-type=\"widget\" data-settings=\"{&quot;video_type&quot;:&quot;hosted&quot;,&quot;controls&quot;:&quot;yes&quot;}\" data-widget_type=\"video.default\">\n\t\t\t\t<div class=\"elementor-widget-container\">\n\t\t\t\t\t\t\t<div class=\"e-hosted-video elementor-wrapper elementor-open-inline\">\n\t\t\t\t\t<video class=\"elementor-video\" src=\"https:\/\/roxxlyn.com\/wp-content\/uploads\/2020\/11\/iPhone-Skin-inkl-Zubehor.66.mp4\" controls=\"\" preload=\"metadata\" controlslist=\"nodownload\"><\/video>\n\t\t\t\t<\/div>\n\t\t\t\t\t\t<\/div>\n\t\t\t\t<\/div>\n\t\t\t\t\t<\/div>\n\t\t<\/div>\n\t\t\t\t\t<\/div>\n\t\t<\/section>\n\t\t\t\t<div class=\"elementor-element elementor-element-e7512c5 elementor-widget elementor-widget-video\" data-id=\"e7512c5\" data-element_type=\"widget\" data-e-type=\"widget\" data-settings=\"{&quot;video_type&quot;:&quot;vimeo&quot;}\" data-widget_type=\"video.default\">\n\t\t\t\t<div class=\"elementor-widget-container\">\n\t\t\t\t\t\t\t<div class=\"elementor-wrapper elementor-open-inline\">\n\t\t\t<iframe class=\"elementor-video-iframe\" allowfullscreen allow=\"clipboard-write\" title=\"vimeo \u0391\u03bd\u03b1\u03c0\u03b1\u03c1\u03b1\u03b3\u03c9\u03b3\u03cc\u03c2 \u03a0\u03bf\u03bb\u03c5\u03bc\u03ad\u03c3\u03c9\u03bd\" src=\"https:\/\/player.vimeo.com\/video\/290503829?color&amp;autopause=0&amp;loop=0&amp;muted=0&amp;title=1&amp;portrait=1&amp;byline=1#t=\" data-no-translation-title=\"\"><\/iframe>\t\t<\/div>\n\t\t\t\t\t\t<\/div>\n\t\t\t\t<\/div>\n\t\t\t\t\t<\/div>\n\t\t<\/div>\n\t\t\t\t\t<\/div>\n\t\t<\/section>\n\t\t\t\t<\/div>","protected":false},"excerpt":{"rendered":"<p data-start=\"328\" data-end=\"404\"><strong data-start=\"328\" data-end=\"402\">Lapis Lazuli Marble iPhone Case - ru\u010dn\u011b vyr\u00e1b\u011bn\u00e9 luxusn\u00ed pouzdro pro iPhone \u0159ady 17<\/strong><\/p>\n<p data-start=\"406\" data-end=\"681\">Vylep\u0161ete sv\u016fj iPhone 17, iPhone 17 Pro, iPhone 17 Pro Max nebo iPhone 17 Air nad\u010dasovou eleganc\u00ed pouzdra Lapis Lazuli Marble. V tomto mistrovsk\u00e9m d\u00edle se snoub\u00ed um\u011bn\u00ed p\u0159\u00edrody s precizn\u00edm n\u011bmeck\u00fdm \u0159emesln\u00fdm zpracov\u00e1n\u00edm a vznik\u00e1 tak p\u0159\u00edslu\u0161enstv\u00ed, kter\u00e9 je stejn\u011b vz\u00e1cn\u00e9 jako rafinovan\u00e9.<\/p>\n<p data-start=\"683\" data-end=\"999\">Ka\u017ed\u00e9 pouzdro je ru\u010dn\u011b vyrobeno z prav\u00e9ho mramoru Lapis Lazuli, kter\u00fd poch\u00e1z\u00ed z legend\u00e1rn\u00edho \u00fadol\u00ed Sar-e-Sang v afgh\u00e1nsk\u00e9m poho\u0159\u00ed Badach\u0161\u00e1n a je jedine\u010dn\u00e9. K\u00e1men je zpracov\u00e1v\u00e1n do podoby le\u0161t\u011bn\u00fdch desek v renomovan\u00fdch z\u00e1vodech Antolini v italsk\u00e9 Veron\u011b, kter\u00e9 jsou proslul\u00e9 sv\u00fdmi odborn\u00fdmi znalostmi v oblasti zpracov\u00e1n\u00ed p\u0159\u00edrodn\u00edho kamene.<\/p>\n<p data-start=\"1001\" data-end=\"1326\">Syt\u00e1 nebesk\u00e1 mod\u0159 Lapis Lazuli, zv\u00fdrazn\u011bn\u00e1 zlat\u00fdmi skvrnami, kter\u00e9 p\u0159ipom\u00ednaj\u00ed hv\u011bzdnou no\u010dn\u00ed oblohu, dod\u00e1v\u00e1 tomuto pouzdru nezam\u011bniteln\u00fd charakter. V N\u011bmecku je mramor zpracov\u00e1n do ultralehk\u00fdch, ale vysoce odoln\u00fdch le\u0161t\u011bn\u00fdch vrstev, kter\u00e9 va\u0161emu iPhonu poskytuj\u00ed jak vyt\u0159\u00edben\u00fd styl, tak spolehlivou ka\u017edodenn\u00ed ochranu.<\/p>\n<p data-start=\"1707\" data-end=\"1975\">Pouzdro na iPhone Lapis Lazuli Marble je v\u00edc ne\u017e jen dopln\u011bk - je to vyj\u00e1d\u0159en\u00ed luxusu a individuality. Je ur\u010deno pro ty, kdo oce\u0148uj\u00ed dokonalost, vz\u00e1cnost a \u0159emesln\u00e9 zpracov\u00e1n\u00ed, a prom\u011bn\u00ed v\u00e1\u0161 iPhone v um\u011bleck\u00e9 d\u00edlo, kter\u00e9 odr\u00e1\u017e\u00ed historii i inovace.<\/p>","protected":false},"featured_media":13049,"template":"","meta":{"inline_featured_image":false},"product_brand":[],"product_cat":[66],"product_tag":[147,146],"class_list":{"0":"post-2984","1":"product","2":"type-product","3":"status-publish","4":"has-post-thumbnail","6":"product_cat-iphone-cases","7":"product_tag-granite","8":"product_tag-iphone-case","10":"first","11":"instock","12":"taxable","13":"shipping-taxable","14":"purchasable","15":"product-type-variable","16":"has-default-attributes"},"exclude_global_add_ons":true,"addons":[{"name":"Zak\u00e1zkov\u00e9 krej\u010dovstv\u00ed","type":"checkbox","position":0,"required":false,"title_format":"label","default":"","description_enable":false,"description":"","placeholder_enable":false,"placeholder":"","display":"select","restrictions_type":"any_text","adjust_price":false,"price":"","price_type":"flat_fee","restrictions":false,"min":"0","max":"0","options":[{"label":"Upgrade your case with a super-strong N52 grade 1.55 mm MagSafe magnet for seamless attachment and faster, more stable wireless charging","price":"10","price_type":"flat_fee","image":0,"visibility":true},{"label":"Opt for a design featuring darker tones and minimal white veins for a sleek, uniform appearance.","price":"","price_type":"flat_fee","image":0,"visibility":true},{"label":"Opt for a design that emphasizes rich white veins for a touch of natural sophistication.","price":"15","price_type":"flat_fee","image":0,"visibility":true},{"label":"Reveal the iconic Apple logo with a precise cut-out on the stone surface, unveiling a sleek black satin-matte underside for a striking contrast and personal touch.","price":"15","price_type":"flat_fee","image":0,"visibility":true},{"label":"Enhance your device with a white engraved Apple logo, crafted over two days for elegance and sophistication.","price":"20","price_type":"flat_fee","image":0,"visibility":true},{"label":"Premium Liquid Care with dust-repellent, antistatic protection and a lasting matte effect. Specially designed to preserve and protect your case.","price":"5","price_type":"flat_fee","image":0,"visibility":false},{"label":"A premium marble liquid polish that enhances and protects the natural beauty of your marble surfaces, providing a lasting, brilliant shine.","price":"5","price_type":"flat_fee","image":0,"visibility":true},{"label":"Microfiber Polishing Cloth: A soft, high-quality microfiber cloth designed for polishing marble surfaces. It delivers a streak-free, brilliant shine without scratching, perfect for maintaining your marble's natural beauty.","price":"5","price_type":"flat_fee","image":0,"visibility":false}],"id":1758632800}],"_links":{"self":[{"href":"https:\/\/roxxlyn.com\/cs\/wp-json\/wp\/v2\/product\/2984","targetHints":{"allow":["GET"]}}],"collection":[{"href":"https:\/\/roxxlyn.com\/cs\/wp-json\/wp\/v2\/product"}],"about":[{"href":"https:\/\/roxxlyn.com\/cs\/wp-json\/wp\/v2\/types\/product"}],"version-history":[{"count":0,"href":"https:\/\/roxxlyn.com\/cs\/wp-json\/wp\/v2\/product\/2984\/revisions"}],"wp:featuredmedia":[{"embeddable":true,"href":"https:\/\/roxxlyn.com\/cs\/wp-json\/wp\/v2\/media\/13049"}],"wp:attachment":[{"href":"https:\/\/roxxlyn.com\/cs\/wp-json\/wp\/v2\/media?parent=2984"}],"wp:term":[{"taxonomy":"product_brand","embeddable":true,"href":"https:\/\/roxxlyn.com\/cs\/wp-json\/wp\/v2\/product_brand?post=2984"},{"taxonomy":"product_cat","embeddable":true,"href":"https:\/\/roxxlyn.com\/cs\/wp-json\/wp\/v2\/product_cat?post=2984"},{"taxonomy":"product_tag","embeddable":true,"href":"https:\/\/roxxlyn.com\/cs\/wp-json\/wp\/v2\/product_tag?post=2984"}],"curies":[{"name":"wp","href":"https:\/\/api.w.org\/{rel}","templated":true}]}}