{"id":1721,"date":"2020-11-12T15:39:53","date_gmt":"2020-11-12T15:39:53","guid":{"rendered":"https:\/\/roxxlyn.com\/?post_type=product&#038;p=1721"},"modified":"2025-09-23T13:26:22","modified_gmt":"2025-09-23T13:26:22","slug":"the-iphone-marble-case-rosso-levanto","status":"publish","type":"product","link":"https:\/\/roxxlyn.com\/cs\/shop\/the-iphone-marble-case-rosso-levanto\/","title":{"rendered":"Mramorov\u00e9 pouzdro na iPhone Rosso Levanto"},"content":{"rendered":"<div data-elementor-type=\"wp-post\" data-elementor-id=\"1721\" class=\"elementor elementor-1721\" data-elementor-post-type=\"product\">\n\t\t\t\t\t\t<section class=\"elementor-section elementor-top-section elementor-element elementor-element-174fe74 elementor-section-boxed elementor-section-height-default elementor-section-height-default\" data-id=\"174fe74\" data-element_type=\"section\" data-e-type=\"section\" data-settings=\"{&quot;background_background&quot;:&quot;classic&quot;}\">\n\t\t\t\t\t\t<div class=\"elementor-container elementor-column-gap-default\">\n\t\t\t\t\t<div class=\"elementor-column elementor-col-100 elementor-top-column elementor-element elementor-element-9557f36\" data-id=\"9557f36\" data-element_type=\"column\" data-e-type=\"column\">\n\t\t\t<div class=\"elementor-widget-wrap elementor-element-populated\">\n\t\t\t\t\t\t<div class=\"elementor-element elementor-element-4e541a3 elementor-widget elementor-widget-text-editor\" data-id=\"4e541a3\" data-element_type=\"widget\" data-e-type=\"widget\" data-widget_type=\"text-editor.default\">\n\t\t\t\t<div class=\"elementor-widget-container\">\n\t\t\t\t\t\t\t\t\t<p>Objevte jedine\u010dnou eleganci s na\u0161\u00edm pouzdrem na iPhone Rosso Levanto Marble, ve kter\u00e9m se snoub\u00ed luxus italsk\u00e9ho mramoru s n\u011bmeck\u00fdm \u0159emesln\u00fdm zpracov\u00e1n\u00edm.<\/p><p>Mramor Rosso Levanto poch\u00e1z\u00ed z malebn\u00e9 oblasti Bonassola v italsk\u00e9 Ligurii a je proslul\u00fd sv\u00fdmi z\u00e1\u0159iv\u011b \u010derven\u00fdmi odst\u00edny a slo\u017eit\u00fdm \u017eilkov\u00e1n\u00edm, kter\u00e9 z ka\u017ed\u00e9 sk\u0159\u00ed\u0148ky \u010din\u00ed mistrovsk\u00e9 d\u00edlo p\u0159\u00edrodn\u00ed kr\u00e1sy. Toto pouzdro, ru\u010dn\u011b vyroben\u00e9 v N\u011bmecku s pe\u010dlivou pozornost\u00ed k detailu, je d\u016fkazem um\u011bn\u00ed preciznosti a stylu.<\/p><p><strong>Kl\u00ed\u010dov\u00e9 vlastnosti:<\/strong><br \/>Autentick\u00fd mramor Rosso Levanto od spole\u010dnosti Bonassola: V ka\u017ed\u00e9 sk\u0159\u00edni je prav\u00fd mramor Rosso Levanto, kter\u00fd vynik\u00e1 jedine\u010dnou kr\u00e1sou a trvanlivost\u00ed kamene poch\u00e1zej\u00edc\u00edho z Bonassola v Ligurii.<br \/>Odborn\u011b ru\u010dn\u011b vyrobeno v N\u011bmecku: Na\u0161e kufry jsou ru\u010dn\u011b vyr\u00e1b\u011bny v N\u011bmecku a jsou zt\u011blesn\u011bn\u00edm precizn\u00edho in\u017een\u00fdrstv\u00ed a v\u00fdjime\u010dn\u00e9 kvality, kter\u00e1 zaji\u0161\u0165uje dokonal\u00e9 padnut\u00ed a povrchovou \u00fapravu.<\/p><p><strong>Pouzdro z TPU a pod\u0161\u00edvka z Alcantary: <\/strong><\/p><p>Pouzdro je navr\u017eeno s ochrann\u00fdm krytem z TPU, kter\u00fd tlum\u00ed n\u00e1razy, a luxusn\u00ed pod\u0161\u00edvkou z Alcantary, kter\u00e1 zabra\u0148uje po\u0161kr\u00e1b\u00e1n\u00ed, a nab\u00edz\u00ed tak vynikaj\u00edc\u00ed ochranu, ani\u017e by to bylo na \u00fakor elegance.<\/p><p><strong>Lehk\u00e1 elegance s hmotnost\u00ed pouh\u00fdch 35 g<\/strong><\/p><p>Pouzdro je vyrobeno tak, aby bylo stejn\u011b lehk\u00e9 jako luxusn\u00ed, v\u00e1\u017e\u00ed pouh\u00fdch 35 gram\u016f a zachov\u00e1v\u00e1 elegantn\u00ed profil iPhonu, p\u0159i\u010dem\u017e poskytuje robustn\u00ed ochranu a n\u00e1dech sofistikovanosti.<\/p><p><strong>Spojen\u00ed italsk\u00e9 elegance a n\u011bmeck\u00e9 techniky<\/strong><\/p><p>Toto pouzdro p\u0159edstavuje jedine\u010dnou kombinaci italsk\u00e9 elegance a n\u011bmeck\u00e9ho in\u017een\u00fdrstv\u00ed a nab\u00edz\u00ed p\u0159\u00edslu\u0161enstv\u00ed, kter\u00e9 je stejn\u011b tak n\u00e1dhern\u00e9 jako ochrann\u00e9. Pouzdro poch\u00e1z\u00ed z proslul\u00fdch lom\u016f Bonassola v Ligurii a je ru\u010dn\u011b vyr\u00e1b\u011bno v N\u011bmecku, tak\u017ee pov\u00fd\u0161\u00ed v\u00e1\u0161 iPhone na um\u011bleck\u00e9 a \u0159emesln\u00e9 d\u00edlo.<\/p><p><strong>Ide\u00e1ln\u00ed pro milovn\u00edky jemn\u00fdch materi\u00e1l\u016f a \u0159emesln\u00e9ho zpracov\u00e1n\u00ed<\/strong><\/p><p>Na\u0161e pouzdro na iPhone Rosso Levanto Marble je ide\u00e1ln\u00ed pro ty, kte\u0159\u00ed si cen\u00ed vz\u00e1cnosti a kr\u00e1sy p\u0159\u00edrodn\u00edho kamene v kombinaci s jedine\u010dn\u00fdm \u0159emesln\u00fdm zpracov\u00e1n\u00edm ru\u010dn\u011b vyr\u00e1b\u011bn\u00fdch produkt\u016f. Vychutnejte si luxus italsk\u00e9ho mramoru a preciznost n\u011bmeck\u00e9ho \u0159emesln\u00e9ho zpracov\u00e1n\u00ed, a to v\u0161e p\u0159i stylov\u00e9 ochran\u011b va\u0161eho iPhonu.<\/p>\t\t\t\t\t\t\t\t<\/div>\n\t\t\t\t<\/div>\n\t\t\t\t<section class=\"elementor-section elementor-inner-section elementor-element elementor-element-68d8ebf elementor-section-boxed elementor-section-height-default elementor-section-height-default\" data-id=\"68d8ebf\" data-element_type=\"section\" data-e-type=\"section\">\n\t\t\t\t\t\t<div class=\"elementor-container elementor-column-gap-default\">\n\t\t\t\t\t<div class=\"elementor-column elementor-col-50 elementor-inner-column elementor-element elementor-element-b3f3d66\" data-id=\"b3f3d66\" data-element_type=\"column\" data-e-type=\"column\">\n\t\t\t<div class=\"elementor-widget-wrap elementor-element-populated\">\n\t\t\t\t\t\t<div class=\"elementor-element elementor-element-48163bc elementor-widget elementor-widget-text-editor\" data-id=\"48163bc\" data-element_type=\"widget\" data-e-type=\"widget\" data-widget_type=\"text-editor.default\">\n\t\t\t\t<div class=\"elementor-widget-container\">\n\t\t\t\t\t\t\t\t\tMramor: Mramor: Rosso Levanto \t\t\t\t\t\t\t\t<\/div>\n\t\t\t\t<\/div>\n\t\t\t\t<div class=\"elementor-element elementor-element-8b2598f elementor-widget elementor-widget-text-editor\" data-id=\"8b2598f\" data-element_type=\"widget\" data-e-type=\"widget\" data-widget_type=\"text-editor.default\">\n\t\t\t\t<div class=\"elementor-widget-container\">\n\t\t\t\t\t\t\t\t\tRosso Levanto pat\u0159\u00ed k historicky v\u00fdznamn\u00fdm p\u0159\u00edrodn\u00edm kamen\u016fm. Jeho p\u016fvod le\u017e\u00ed asi p\u0159ed 160 miliony let v Ju\u0159e. K\u00e1men Rosso Levanto byl ji\u017e ve st\u0159edov\u011bku pou\u017e\u00edv\u00e1n v duchovn\u00edch a prof\u00e1nn\u00edch stavb\u00e1ch v cel\u00e9m St\u0159edomo\u0159\u00ed. Uvnit\u0159 t\u011bchto staveb se s n\u00edm navrhovaly sloupy, krby, obklady st\u011bn, balustr\u00e1dy a schody. Svou oblibu si k\u00e1men na\u0161el tak\u00e9 v \u0159emesln\u00e9 a socha\u0159sk\u00e9 tvorb\u011b a pou\u017e\u00edval se jako v\u00e1za, m\u00edsa a dal\u0161\u00ed designov\u00e9 n\u00e1dob\u00ed.  \t\t\t\t\t\t\t\t<\/div>\n\t\t\t\t<\/div>\n\t\t\t\t\t<\/div>\n\t\t<\/div>\n\t\t\t\t<div class=\"elementor-column elementor-col-50 elementor-inner-column elementor-element elementor-element-546300b\" data-id=\"546300b\" data-element_type=\"column\" data-e-type=\"column\">\n\t\t\t<div class=\"elementor-widget-wrap elementor-element-populated\">\n\t\t\t\t\t\t<div class=\"elementor-element elementor-element-4e14ac2 elementor-widget elementor-widget-text-editor\" data-id=\"4e14ac2\" data-element_type=\"widget\" data-e-type=\"widget\" data-widget_type=\"text-editor.default\">\n\t\t\t\t<div class=\"elementor-widget-container\">\n\t\t\t\t\t\t\t\t\tRosso Levanto je mramor t\u011b\u017een\u00fd v Bonassole v italsk\u00e9 Ligurii. Lom se nach\u00e1z\u00ed asi 10 km od La Spezie a je pojmenov\u00e1n podle Levanto, posledn\u00ed z p\u011bti vesnic Cinque Terre, kter\u00e1 se nach\u00e1z\u00ed hned vedle Bonassola. Rosso Levanto je ve sv\u00e9 na\u010dervenal\u00e9 a \u0161edozelen\u00e9 z\u00e1kladn\u00ed hmot\u011b strukturov\u00e1n \u010detn\u00fdmi b\u00edl\u00fdmi a b\u00edlo\u0161ed\u00fdmi kalcitov\u00fdmi pruhy. Barva Rosso Levanto se pohybuje od fialov\u00e9 p\u0159es krvav\u011b \u010dervenou a zelenkavou a\u017e po \u0161edozelenou. Pat\u0159\u00ed k jednomu ze vz\u00e1cn\u00fdch \u010derven\u00fdch serpentinit\u016f, kter\u00e9 maj\u00ed jinak zelenou barvu. \u010cerven\u00e9 zbarven\u00ed poch\u00e1z\u00ed z toho, \u017ee \u017eelezo obsa\u017een\u00e9 v p\u016fvodn\u00ed hornin\u011b zoxidovalo na hematit.\t\t\t\t\t\t\t\t<\/div>\n\t\t\t\t<\/div>\n\t\t\t\t\t<\/div>\n\t\t<\/div>\n\t\t\t\t\t<\/div>\n\t\t<\/section>\n\t\t\t\t<div class=\"elementor-element elementor-element-548d757 elementor-widget elementor-widget-video\" data-id=\"548d757\" data-element_type=\"widget\" data-e-type=\"widget\" data-settings=\"{&quot;video_type&quot;:&quot;vimeo&quot;}\" data-widget_type=\"video.default\">\n\t\t\t\t<div class=\"elementor-widget-container\">\n\t\t\t\t\t\t\t<div class=\"elementor-wrapper elementor-open-inline\">\n\t\t\t<iframe class=\"elementor-video-iframe\" allowfullscreen allow=\"clipboard-write\" title=\"vimeo videoafspiller\" src=\"https:\/\/player.vimeo.com\/video\/290503829?color&amp;autopause=0&amp;loop=0&amp;muted=0&amp;title=1&amp;portrait=1&amp;byline=1#t=\" data-no-translation-title=\"\"><\/iframe>\t\t<\/div>\n\t\t\t\t\t\t<\/div>\n\t\t\t\t<\/div>\n\t\t\t\t\t<\/div>\n\t\t<\/div>\n\t\t\t\t\t<\/div>\n\t\t<\/section>\n\t\t\t\t<\/div>","protected":false},"excerpt":{"rendered":"<p data-start=\"440\" data-end=\"791\">Objevte zt\u011blesn\u011bn\u00ed elegance v modelu <strong data-start=\"482\" data-end=\"518\">Mramorov\u00e9 pouzdro Rosso Levanto pro iPhone<\/strong>, kde se bohat\u00e9 d\u011bdictv\u00ed ligursk\u00e9ho mramoru snoub\u00ed s preciznost\u00ed n\u011bmeck\u00e9ho in\u017een\u00fdrstv\u00ed. Poch\u00e1z\u00ed z malebn\u00e9ho pob\u0159e\u017e\u00ed <strong data-start=\"645\" data-end=\"675\">Bonassola, Ligurie (It\u00e1lie)<\/strong>, tento autentick\u00fd mramor vynik\u00e1 z\u00e1\u0159iv\u00fdmi \u010derven\u00fdmi t\u00f3ny a dramatick\u00fdm p\u0159\u00edrodn\u00edm \u017eilkov\u00e1n\u00edm, tak\u017ee ka\u017ed\u00fd p\u0159\u00edpad je jedine\u010dn\u00fd sv\u00e9ho druhu. Pouzdro na iPhone Rosso Levanto, ru\u010dn\u011b vyroben\u00e9 v N\u011bmecku s pe\u010dlivou pozornost\u00ed v\u011bnovanou detail\u016fm, nab\u00edz\u00ed dokonalou kombinaci. <strong data-start=\"910\" data-end=\"935\">luxus a ochrana<\/strong>. V\u00e1\u017e\u00ed pouh\u00fdch 35 gram\u016f, tak\u017ee zachov\u00e1v\u00e1 \u0161t\u00edhl\u00fd profil iPhonu a z\u00e1rove\u0148 dod\u00e1v\u00e1 iPhonu odv\u00e1\u017en\u00fd styl. Navr\u017eeno pro <strong data-start=\"1061\" data-end=\"1127\">iPhone 17, iPhone 17 Pro, iPhone 17 Pro Max a iPhone 17 Air<\/strong>, toto pouzdro z prav\u00e9ho mramoru je v\u00edc ne\u017e jen dopln\u011bk - je to <strong data-start=\"1186\" data-end=\"1205\">prohl\u00e1\u0161en\u00ed kus<\/strong> kter\u00fd spojuje italskou eleganci s n\u011bmeck\u00fdm \u0159emesln\u00fdm zpracov\u00e1n\u00edm a chr\u00e1n\u00ed va\u0161e za\u0159\u00edzen\u00ed v opravdov\u00e9m luxusu.<\/p>","protected":false},"featured_media":13051,"template":"","meta":{"inline_featured_image":false},"product_brand":[],"product_cat":[66],"product_tag":[],"class_list":{"0":"post-1721","1":"product","2":"type-product","3":"status-publish","4":"has-post-thumbnail","6":"product_cat-iphone-cases","8":"first","9":"instock","10":"featured","11":"taxable","12":"shipping-taxable","13":"purchasable","14":"product-type-variable","15":"has-default-attributes"},"exclude_global_add_ons":true,"addons":[{"name":"Zak\u00e1zkov\u00e9 krej\u010dovstv\u00ed","type":"checkbox","position":0,"required":false,"title_format":"label","default":"","description_enable":false,"description":"","placeholder_enable":false,"placeholder":"","display":"select","restrictions_type":"any_text","adjust_price":false,"price":"","price_type":"flat_fee","restrictions":false,"min":"0","max":"0","options":[{"label":"Upgrade your case with a super-strong N52 grade 1.55 mm MagSafe magnet for seamless attachment and faster, more stable wireless charging","price":"10","price_type":"flat_fee","image":0,"visibility":true},{"label":"Select a design maximizing white veins for the most opulent appearance possible.","price":"","price_type":"flat_fee","image":0,"visibility":true},{"label":"Choose a design that reduces white veins for a sleek and refined appearance.","price":"","price_type":"flat_fee","image":0,"visibility":true},{"label":"Reveal the iconic Apple logo with a precise cut-out on the stone surface, unveiling a sleek black satin-matte underside for a striking contrast and personal touch.","price":"15","price_type":"flat_fee","image":0,"visibility":true},{"label":"Reveal the iconic Apple logo with a precise cut-out in the stone surface, unveiling a 24K gold satin-matte underside for a striking contrast and a truly luxurious personal touch.","price":"50","price_type":"flat_fee","image":0,"visibility":true},{"label":"Enhance your device with a white engraved Apple logo, crafted over two days for elegance and sophistication.","price":"20","price_type":"flat_fee","image":0,"visibility":true},{"label":"Premium Liquid Care with dust-repellent, antistatic protection and a lasting matte effect. Specially designed to preserve and protect your case.","price":"5","price_type":"flat_fee","image":0,"visibility":true},{"label":"A premium marble liquid polish that enhances and protects the natural beauty of your marble surfaces, providing a lasting, brilliant shine.","price":"5","price_type":"flat_fee","image":0,"visibility":true},{"label":"Microfiber Polishing Cloth: A soft, high-quality microfiber cloth designed for polishing marble surfaces. It delivers a streak-free, brilliant shine without scratching, perfect for maintaining your marble's natural beauty.","price":"5","price_type":"flat_fee","image":0,"visibility":false}],"id":1757683872}],"_links":{"self":[{"href":"https:\/\/roxxlyn.com\/cs\/wp-json\/wp\/v2\/product\/1721","targetHints":{"allow":["GET"]}}],"collection":[{"href":"https:\/\/roxxlyn.com\/cs\/wp-json\/wp\/v2\/product"}],"about":[{"href":"https:\/\/roxxlyn.com\/cs\/wp-json\/wp\/v2\/types\/product"}],"version-history":[{"count":0,"href":"https:\/\/roxxlyn.com\/cs\/wp-json\/wp\/v2\/product\/1721\/revisions"}],"wp:featuredmedia":[{"embeddable":true,"href":"https:\/\/roxxlyn.com\/cs\/wp-json\/wp\/v2\/media\/13051"}],"wp:attachment":[{"href":"https:\/\/roxxlyn.com\/cs\/wp-json\/wp\/v2\/media?parent=1721"}],"wp:term":[{"taxonomy":"product_brand","embeddable":true,"href":"https:\/\/roxxlyn.com\/cs\/wp-json\/wp\/v2\/product_brand?post=1721"},{"taxonomy":"product_cat","embeddable":true,"href":"https:\/\/roxxlyn.com\/cs\/wp-json\/wp\/v2\/product_cat?post=1721"},{"taxonomy":"product_tag","embeddable":true,"href":"https:\/\/roxxlyn.com\/cs\/wp-json\/wp\/v2\/product_tag?post=1721"}],"curies":[{"name":"wp","href":"https:\/\/api.w.org\/{rel}","templated":true}]}}