{"id":1711,"date":"2020-11-12T15:14:37","date_gmt":"2020-11-12T15:14:37","guid":{"rendered":"https:\/\/roxxlyn.com\/?post_type=product&#038;p=1711"},"modified":"2025-09-23T13:29:31","modified_gmt":"2025-09-23T13:29:31","slug":"the-iphone-marble-case-arabescato-orobico-grigio","status":"publish","type":"product","link":"https:\/\/roxxlyn.com\/cs\/shop\/the-iphone-marble-case-arabescato-orobico-grigio\/","title":{"rendered":"Mramorov\u00e9 pouzdro na iPhone Arabescato Orobico Grigio"},"content":{"rendered":"<div data-elementor-type=\"wp-post\" data-elementor-id=\"1711\" class=\"elementor elementor-1711\" data-elementor-post-type=\"product\">\n\t\t\t\t\t\t<section class=\"elementor-section elementor-top-section elementor-element elementor-element-7ebeb51 elementor-section-boxed elementor-section-height-default elementor-section-height-default\" data-id=\"7ebeb51\" data-element_type=\"section\" data-e-type=\"section\" data-settings=\"{&quot;background_background&quot;:&quot;classic&quot;}\">\n\t\t\t\t\t\t<div class=\"elementor-container elementor-column-gap-default\">\n\t\t\t\t\t<div class=\"elementor-column elementor-col-100 elementor-top-column elementor-element elementor-element-7e7ea85\" data-id=\"7e7ea85\" data-element_type=\"column\" data-e-type=\"column\">\n\t\t\t<div class=\"elementor-widget-wrap elementor-element-populated\">\n\t\t\t\t\t\t<div class=\"elementor-element elementor-element-0322000 elementor-widget elementor-widget-video\" data-id=\"0322000\" data-element_type=\"widget\" data-e-type=\"widget\" data-settings=\"{&quot;video_type&quot;:&quot;hosted&quot;,&quot;autoplay&quot;:&quot;yes&quot;,&quot;play_on_mobile&quot;:&quot;yes&quot;,&quot;loop&quot;:&quot;yes&quot;}\" data-widget_type=\"video.default\">\n\t\t\t\t<div class=\"elementor-widget-container\">\n\t\t\t\t\t\t\t<div class=\"e-hosted-video elementor-wrapper elementor-open-inline\">\n\t\t\t\t\t<video class=\"elementor-video\" src=\"https:\/\/roxxlyn.com\/wp-content\/uploads\/2020\/12\/iPhone_12_Pro_Max_Marble_Case_Roxxlyn_Arabescato_Grigio.mov\" autoplay=\"\" loop=\"\" playsinline=\"\" controlslist=\"nodownload\"><\/video>\n\t\t\t\t<\/div>\n\t\t\t\t\t\t<\/div>\n\t\t\t\t<\/div>\n\t\t\t\t<section class=\"elementor-section elementor-inner-section elementor-element elementor-element-e08b472 elementor-section-boxed elementor-section-height-default elementor-section-height-default\" data-id=\"e08b472\" data-element_type=\"section\" data-e-type=\"section\">\n\t\t\t\t\t\t<div class=\"elementor-container elementor-column-gap-default\">\n\t\t\t\t\t<div class=\"elementor-column elementor-col-50 elementor-inner-column elementor-element elementor-element-d8c3fec\" data-id=\"d8c3fec\" data-element_type=\"column\" data-e-type=\"column\">\n\t\t\t<div class=\"elementor-widget-wrap elementor-element-populated\">\n\t\t\t\t\t\t<div class=\"elementor-element elementor-element-1ff2ca4 elementor-widget elementor-widget-text-editor\" data-id=\"1ff2ca4\" data-element_type=\"widget\" data-e-type=\"widget\" data-widget_type=\"text-editor.default\">\n\t\t\t\t<div class=\"elementor-widget-container\">\n\t\t\t\t\t\t\t\t\tKuli\u010dka t\u0159\u00eddy nav\u00edc. T\u011b\u017e\u00ed se v lomu Cornalita ve vesnici Camerato Cornell v It\u00e1lii. Je to jeden z nejstar\u0161\u00edch materi\u00e1l\u016f lidstva a z\u00e1rove\u0148 jeden z neju\u0161lechtilej\u0161\u00edch, n\u00e1dhern\u00fd italsk\u00fd mramor.  V kombinaci s ultralehk\u00fdm pouzdrem p\u0159edstavuje jedine\u010dn\u00e9 mistrovsk\u00e9 d\u00edlo o hmotnosti pouh\u00fdch 35 gram\u016f. Sv\u00fdm le\u0161t\u011bn\u00fdm povrchem rozv\u00edj\u00ed exkluzivn\u00ed atmosf\u00e9ru a vyza\u0159uje luxus.\t\t\t\t\t\t\t\t<\/div>\n\t\t\t\t<\/div>\n\t\t\t\t<div class=\"elementor-element elementor-element-ed50165 elementor-widget elementor-widget-text-editor\" data-id=\"ed50165\" data-element_type=\"widget\" data-e-type=\"widget\" data-widget_type=\"text-editor.default\">\n\t\t\t\t<div class=\"elementor-widget-container\">\n\t\t\t\t\t\t\t\t\t<p>Bezdr\u00e1tov\u00e9 nab\u00edjen\u00ed stejn\u011b jako ostatn\u00ed frekvence jsou pln\u011b podporov\u00e1ny bez kompromis\u016f.<\/p>\t\t\t\t\t\t\t\t<\/div>\n\t\t\t\t<\/div>\n\t\t\t\t<div class=\"elementor-element elementor-element-ae1d268 elementor-widget elementor-widget-text-editor\" data-id=\"ae1d268\" data-element_type=\"widget\" data-e-type=\"widget\" data-widget_type=\"text-editor.default\">\n\t\t\t\t<div class=\"elementor-widget-container\">\n\t\t\t\t\t\t\t\t\t<p>Samotn\u00e9 pouzdro je vyrobeno z termoplastick\u00e9ho polyuretanu a polykarbon\u00e1tu a je k dispozici v r\u016fzn\u00fdch povrchov\u00fdch \u00faprav\u00e1ch a barv\u00e1ch. Celkov\u00e1 hmotnost v\u00fdrobku je pouh\u00fdch 35 a\u017e 45 gram\u016f v z\u00e1vislosti na velikosti pouzdra. Stejn\u011b jako v\u0161echny na\u0161e v\u00fdrobky je i toto pouzdro jedine\u010dn\u00fdm kusem, kter\u00fd se li\u0161\u00ed svou unik\u00e1tn\u00ed strukturou horniny a zbarven\u00edm, ka\u017ed\u00e9 je jedine\u010dn\u00fdm kouskem p\u0159\u00edrody. \u00a0<\/p>\t\t\t\t\t\t\t\t<\/div>\n\t\t\t\t<\/div>\n\t\t\t\t\t<\/div>\n\t\t<\/div>\n\t\t\t\t<div class=\"elementor-column elementor-col-50 elementor-inner-column elementor-element elementor-element-87769ac\" data-id=\"87769ac\" data-element_type=\"column\" data-e-type=\"column\">\n\t\t\t<div class=\"elementor-widget-wrap elementor-element-populated\">\n\t\t\t\t\t\t<div class=\"elementor-element elementor-element-a7c682a elementor-widget elementor-widget-text-editor\" data-id=\"a7c682a\" data-element_type=\"widget\" data-e-type=\"widget\" data-widget_type=\"text-editor.default\">\n\t\t\t\t<div class=\"elementor-widget-container\">\n\t\t\t\t\t\t\t\t\tK dispozici jsou magnety Magsafe, kter\u00e9 jsou dokonale integrovan\u00e9 pro plnou podporu origin\u00e1ln\u00edch bezdr\u00e1tov\u00fdch nab\u00edje\u010dek Apple a p\u0159\u00eddavn\u00fdch nab\u00edje\u010dek Roxxlyn.\u00a0\t\t\t\t\t\t\t\t<\/div>\n\t\t\t\t<\/div>\n\t\t\t\t<div class=\"elementor-element elementor-element-8a72333 elementor-widget elementor-widget-text-editor\" data-id=\"8a72333\" data-element_type=\"widget\" data-e-type=\"widget\" data-widget_type=\"text-editor.default\">\n\t\t\t\t<div class=\"elementor-widget-container\">\n\t\t\t\t\t\t\t\t\t<p>D\u00edky na\u0161emu vlastn\u00edmu speci\u00e1ln\u00edmu v\u00fdvoji je vnit\u0159ek pouzdra vybaven nejjemn\u011bj\u0161\u00ed semi\u0161ovou\/zeleninovou k\u016f\u017e\u00ed a nab\u00edz\u00ed jedine\u010dnou polymerovou technologii, kter\u00e1 tlum\u00ed n\u00e1razy a umo\u017e\u0148uje bezdr\u00e1tov\u00e9 nab\u00edjen\u00ed bez jak\u00fdchkoli kompromis\u016f.\u00a0<\/p>\t\t\t\t\t\t\t\t<\/div>\n\t\t\t\t<\/div>\n\t\t\t\t<div class=\"elementor-element elementor-element-91e517f elementor-widget elementor-widget-video\" data-id=\"91e517f\" data-element_type=\"widget\" data-e-type=\"widget\" data-settings=\"{&quot;video_type&quot;:&quot;hosted&quot;,&quot;controls&quot;:&quot;yes&quot;}\" data-widget_type=\"video.default\">\n\t\t\t\t<div class=\"elementor-widget-container\">\n\t\t\t\t\t\t\t<div class=\"e-hosted-video elementor-wrapper elementor-open-inline\">\n\t\t\t\t\t<video class=\"elementor-video\" src=\"https:\/\/roxxlyn.com\/wp-content\/uploads\/2020\/11\/iPhone-Skin-inkl-Zubehor.61.mp4\" controls=\"\" preload=\"metadata\" controlslist=\"nodownload\"><\/video>\n\t\t\t\t<\/div>\n\t\t\t\t\t\t<\/div>\n\t\t\t\t<\/div>\n\t\t\t\t\t<\/div>\n\t\t<\/div>\n\t\t\t\t\t<\/div>\n\t\t<\/section>\n\t\t\t\t<section class=\"elementor-section elementor-inner-section elementor-element elementor-element-e18afba elementor-section-boxed elementor-section-height-default elementor-section-height-default\" data-id=\"e18afba\" data-element_type=\"section\" data-e-type=\"section\">\n\t\t\t\t\t\t<div class=\"elementor-container elementor-column-gap-default\">\n\t\t\t\t\t<div class=\"elementor-column elementor-col-50 elementor-inner-column elementor-element elementor-element-4cf3622\" data-id=\"4cf3622\" data-element_type=\"column\" data-e-type=\"column\">\n\t\t\t<div class=\"elementor-widget-wrap elementor-element-populated\">\n\t\t\t\t\t\t<div class=\"elementor-element elementor-element-1aebfff elementor-widget elementor-widget-text-editor\" data-id=\"1aebfff\" data-element_type=\"widget\" data-e-type=\"widget\" data-widget_type=\"text-editor.default\">\n\t\t\t\t<div class=\"elementor-widget-container\">\n\t\t\t\t\t\t\t\t\tP\u0159edstavujeme mramor: Arabescato Grigio\t\t\t\t\t\t\t\t<\/div>\n\t\t\t\t<\/div>\n\t\t\t\t<div class=\"elementor-element elementor-element-7e2c260 elementor-widget elementor-widget-text-editor\" data-id=\"7e2c260\" data-element_type=\"widget\" data-e-type=\"widget\" data-widget_type=\"text-editor.default\">\n\t\t\t\t<div class=\"elementor-widget-container\">\n\t\t\t\t\t\t\t\t\tKuli\u010dka t\u0159\u00eddy nav\u00edc. T\u011b\u017e\u00ed se v lomu Cornalita ve vesnici Camerato Cornell v It\u00e1lii. Je to jeden z nejstar\u0161\u00edch materi\u00e1l\u016f lidstva a z\u00e1rove\u0148 jeden z neju\u0161lechtilej\u0161\u00edch, n\u00e1dhern\u00fd italsk\u00fd mramor. Arabescato vypad\u00e1 jako skute\u010dn\u00fd abstraktn\u00ed obraz zrozen\u00fd pod rukama mistra. V jeho barevn\u00e9 palet\u011b se harmonicky prol\u00ednaj\u00ed odst\u00edny tmav\u011b a sv\u011btle \u0161ed\u00e9 s b\u00edl\u00fdmi a zlat\u00fdmi \u017eilkami, tato zvl\u00e1\u0161tn\u00ed barevn\u00e1 variace jej \u010din\u00ed jedine\u010dn\u00fdm a n\u00e1dhern\u00fdm. \t\t\t\t\t\t\t\t<\/div>\n\t\t\t\t<\/div>\n\t\t\t\t\t<\/div>\n\t\t<\/div>\n\t\t\t\t<div class=\"elementor-column elementor-col-50 elementor-inner-column elementor-element elementor-element-c8b26b1\" data-id=\"c8b26b1\" data-element_type=\"column\" data-e-type=\"column\">\n\t\t\t<div class=\"elementor-widget-wrap elementor-element-populated\">\n\t\t\t\t\t\t<div class=\"elementor-element elementor-element-1c38061 elementor-widget elementor-widget-text-editor\" data-id=\"1c38061\" data-element_type=\"widget\" data-e-type=\"widget\" data-widget_type=\"text-editor.default\">\n\t\t\t\t<div class=\"elementor-widget-container\">\n\t\t\t\t\t\t\t\t\tMramor Arabescato se vyzna\u010duje u\u0161lechtilost\u00ed a vynikaj\u00edc\u00ed eleganc\u00ed a dlouhou histori\u00ed. D\u00edky sv\u00fdm robustn\u00edm vlastnostem byl tento k\u00e1men pou\u017e\u00edv\u00e1n jako n\u00e1hrada k\u0159emene ji\u017e v dob\u011b kamenn\u00e9. Ji\u017e ve st\u0159edov\u011bku se tento mramor pou\u017e\u00edval k v\u00fdrob\u011b n\u00e1stroj\u016f. V architektonick\u00fdch \u010di um\u011bleckohistorick\u00fdch d\u011bjin\u00e1ch Egypta byly z mramoru vytes\u00e1ny rakve a dal\u0161\u00ed um\u011bleck\u00e1 d\u00edla a Memnonovy kolosy v chr\u00e1mu Amenofise III. a rakve Tutanchamona a Hat\u0161epsut o tom dodnes sv\u011bd\u010d\u00ed.\t\t\t\t\t\t\t\t<\/div>\n\t\t\t\t<\/div>\n\t\t\t\t\t<\/div>\n\t\t<\/div>\n\t\t\t\t\t<\/div>\n\t\t<\/section>\n\t\t\t\t<div class=\"elementor-element elementor-element-ca3d1f4 elementor-widget elementor-widget-video\" data-id=\"ca3d1f4\" data-element_type=\"widget\" data-e-type=\"widget\" data-settings=\"{&quot;video_type&quot;:&quot;vimeo&quot;}\" data-widget_type=\"video.default\">\n\t\t\t\t<div class=\"elementor-widget-container\">\n\t\t\t\t\t\t\t<div class=\"elementor-wrapper elementor-open-inline\">\n\t\t\t<iframe class=\"elementor-video-iframe\" allowfullscreen allow=\"clipboard-write\" title=\"vimeo \u0391\u03bd\u03b1\u03c0\u03b1\u03c1\u03b1\u03b3\u03c9\u03b3\u03cc\u03c2 \u03a0\u03bf\u03bb\u03c5\u03bc\u03ad\u03c3\u03c9\u03bd\" src=\"https:\/\/player.vimeo.com\/video\/290503829?color&amp;autopause=0&amp;loop=0&amp;muted=0&amp;title=1&amp;portrait=1&amp;byline=1#t=\" data-no-translation-title=\"\"><\/iframe>\t\t<\/div>\n\t\t\t\t\t\t<\/div>\n\t\t\t\t<\/div>\n\t\t\t\t\t<\/div>\n\t\t<\/div>\n\t\t\t\t\t<\/div>\n\t\t<\/section>\n\t\t\t\t<\/div>","protected":false},"excerpt":{"rendered":"<p data-start=\"417\" data-end=\"842\"><strong data-start=\"417\" data-end=\"527\">P\u0159edstavujeme mramorov\u00e9 pouzdro Roxxlyn Arabescato Grigio pro iPhone 17, iPhone 17 Pro a iPhone 17 Pro Max.<\/strong><br data-start=\"527\" data-end=\"530\" \/>Tato sk\u0159\u00ed\u0148ka, ru\u010dn\u011b vyroben\u00e1 v Berl\u00edn\u011b z prav\u00e9ho italsk\u00e9ho mramoru Arabescato Grigio, je skute\u010dn\u00fdm projevem vyt\u0159\u00edben\u00e9ho vkusu a \u0159emesln\u00e9 dokonalosti. Ka\u017ed\u00fd kus mramoru, zn\u00e1m\u00fd pro svou luxusn\u00ed souhru jemn\u00fdch \u0161ed\u00fdch t\u00f3n\u016f a zlat\u00e9ho \u017eilkov\u00e1n\u00ed, je p\u0159irozen\u011b jedine\u010dn\u00fd a ka\u017ed\u00fd kufr Roxxlyn je jedine\u010dn\u00fdm mistrovsk\u00fdm d\u00edlem.<\/p>\n<p data-start=\"844\" data-end=\"1094\">Ultratenk\u00e9 a z\u00e1rove\u0148 odoln\u00e9 pouzdro Arabescato Grigio kombinuje nad\u010dasov\u00fd italsk\u00fd k\u00e1men s n\u011bmeck\u00fdm precizn\u00edm in\u017een\u00fdrstv\u00edm. V\u00fdsledkem je lehk\u00fd, ochrann\u00fd a sofistikovan\u00fd kryt, kter\u00fd povznese v\u00e1\u0161 iPhone a z\u00e1rove\u0148 zachov\u00e1 jeho \u0161t\u00edhlou siluetu.<\/p>\n<p data-start=\"1096\" data-end=\"1303\">Je to v\u00edc ne\u017e jen dopln\u011bk - je to spojen\u00ed p\u0159irozen\u00e9ho luxusu a pe\u010dliv\u00e9ho \u0159emesln\u00e9ho zpracov\u00e1n\u00ed, ur\u010den\u00e9 pro ty, kte\u0159\u00ed vy\u017eaduj\u00ed eleganci, individualitu a nekompromisn\u00ed kvalitu sv\u00fdch ka\u017edodenn\u00edch pot\u0159eb.<\/p>","protected":false},"featured_media":13052,"template":"","meta":{"inline_featured_image":false},"product_brand":[],"product_cat":[66],"product_tag":[],"class_list":{"0":"post-1711","1":"product","2":"type-product","3":"status-publish","4":"has-post-thumbnail","6":"product_cat-iphone-cases","8":"first","9":"instock","10":"featured","11":"taxable","12":"shipping-taxable","13":"purchasable","14":"product-type-variable","15":"has-default-attributes"},"exclude_global_add_ons":false,"addons":[{"name":"Zak\u00e1zkov\u00e9 krej\u010dovstv\u00ed","type":"checkbox","position":0,"required":false,"title_format":"label","default":"","description_enable":false,"description":"","placeholder_enable":false,"placeholder":"","display":"select","restrictions_type":"any_text","adjust_price":false,"price":"","price_type":"flat_fee","restrictions":false,"min":"0","max":"0","options":[{"label":"Upgrade your case with a super-strong N52 grade 1.55 mm MagSafe magnet for seamless attachment and faster, more stable wireless charging","price":"10","price_type":"flat_fee","image":0,"visibility":true},{"label":"Opt for a design with deeper grey tones and minimal white veining for a sleek, uniform, and understated marble appearance.","price":"","price_type":"flat_fee","image":0,"visibility":true},{"label":"Reveal the iconic Apple logo with a precise cut-out on the stone surface, unveiling a sleek black satin-matte underside for a striking contrast and personal touch.","price":"15","price_type":"flat_fee","image":0,"visibility":false},{"label":"Enhance your device with a white engraved Apple logo, crafted over two days for elegance and sophistication.","price":"20","price_type":"flat_fee","image":0,"visibility":true},{"label":"Premium Liquid Care with dust-repellent, antistatic protection and a lasting matte effect. Specially designed to preserve and protect your case.","price":"5","price_type":"flat_fee","image":0,"visibility":true},{"label":"A premium marble liquid polish that enhances and protects the natural beauty of your marble surfaces, providing a lasting, brilliant shine.","price":"5","price_type":"flat_fee","image":0,"visibility":true},{"label":"Microfiber Polishing Cloth: A soft, high-quality microfiber cloth designed for polishing marble surfaces. It delivers a streak-free, brilliant shine without scratching, perfect for maintaining your marble's natural beauty.","price":"5","price_type":"flat_fee","image":0,"visibility":true}],"id":1758631671}],"_links":{"self":[{"href":"https:\/\/roxxlyn.com\/cs\/wp-json\/wp\/v2\/product\/1711","targetHints":{"allow":["GET"]}}],"collection":[{"href":"https:\/\/roxxlyn.com\/cs\/wp-json\/wp\/v2\/product"}],"about":[{"href":"https:\/\/roxxlyn.com\/cs\/wp-json\/wp\/v2\/types\/product"}],"version-history":[{"count":0,"href":"https:\/\/roxxlyn.com\/cs\/wp-json\/wp\/v2\/product\/1711\/revisions"}],"wp:featuredmedia":[{"embeddable":true,"href":"https:\/\/roxxlyn.com\/cs\/wp-json\/wp\/v2\/media\/13052"}],"wp:attachment":[{"href":"https:\/\/roxxlyn.com\/cs\/wp-json\/wp\/v2\/media?parent=1711"}],"wp:term":[{"taxonomy":"product_brand","embeddable":true,"href":"https:\/\/roxxlyn.com\/cs\/wp-json\/wp\/v2\/product_brand?post=1711"},{"taxonomy":"product_cat","embeddable":true,"href":"https:\/\/roxxlyn.com\/cs\/wp-json\/wp\/v2\/product_cat?post=1711"},{"taxonomy":"product_tag","embeddable":true,"href":"https:\/\/roxxlyn.com\/cs\/wp-json\/wp\/v2\/product_tag?post=1711"}],"curies":[{"name":"wp","href":"https:\/\/api.w.org\/{rel}","templated":true}]}}