{"id":10473,"date":"2024-10-16T11:21:56","date_gmt":"2024-10-16T11:21:56","guid":{"rendered":"https:\/\/roxxlyn.com\/?post_type=product&#038;p=10473"},"modified":"2026-03-04T16:11:25","modified_gmt":"2026-03-04T16:11:25","slug":"the-ipad-slate-skin-black-rock","status":"publish","type":"product","link":"https:\/\/roxxlyn.com\/cs\/shop\/the-ipad-slate-skin-black-rock\/","title":{"rendered":"The iPad Slate Skin - Black Rock"},"content":{"rendered":"<div data-elementor-type=\"wp-post\" data-elementor-id=\"10473\" class=\"elementor elementor-10473\" data-elementor-post-type=\"product\">\n\t\t\t\t\t\t<section class=\"elementor-section elementor-top-section elementor-element elementor-element-415b4ae elementor-section-boxed elementor-section-height-default elementor-section-height-default\" data-id=\"415b4ae\" data-element_type=\"section\" data-e-type=\"section\" data-settings=\"{&quot;background_background&quot;:&quot;classic&quot;}\">\n\t\t\t\t\t\t<div class=\"elementor-container elementor-column-gap-default\">\n\t\t\t\t\t<div class=\"elementor-column elementor-col-100 elementor-top-column elementor-element elementor-element-597b156\" data-id=\"597b156\" data-element_type=\"column\" data-e-type=\"column\">\n\t\t\t<div class=\"elementor-widget-wrap elementor-element-populated\">\n\t\t\t\t\t\t<div class=\"elementor-element elementor-element-7be3c16 elementor-widget elementor-widget-video\" data-id=\"7be3c16\" data-element_type=\"widget\" data-e-type=\"widget\" data-settings=\"{&quot;video_type&quot;:&quot;vimeo&quot;,&quot;autoplay&quot;:&quot;yes&quot;,&quot;show_image_overlay&quot;:&quot;yes&quot;,&quot;image_overlay&quot;:{&quot;url&quot;:&quot;https:\\\/\\\/roxxlyn.com\\\/wp-content\\\/uploads\\\/2020\\\/08\\\/Black-Rock-Slate-Skin.508-1.jpg&quot;,&quot;id&quot;:10391,&quot;size&quot;:&quot;&quot;,&quot;alt&quot;:&quot;&quot;,&quot;source&quot;:&quot;library&quot;},&quot;lightbox&quot;:&quot;yes&quot;}\" data-widget_type=\"video.default\">\n\t\t\t\t<div class=\"elementor-widget-container\">\n\t\t\t\t\t\t\t<div class=\"elementor-wrapper elementor-open-lightbox\">\n\t\t\t\t\t\t\t<div class=\"elementor-custom-embed-image-overlay\" data-elementor-open-lightbox=\"yes\" data-elementor-lightbox=\"{&quot;type&quot;:&quot;video&quot;,&quot;videoType&quot;:&quot;vimeo&quot;,&quot;url&quot;:&quot;https:\\\/\\\/player.vimeo.com\\\/video\\\/1017613452?color&amp;autopause=0&amp;loop=0&amp;muted=0&amp;title=1&amp;portrait=1&amp;byline=1#t=&quot;,&quot;autoplay&quot;:&quot;yes&quot;,&quot;modalOptions&quot;:{&quot;id&quot;:&quot;elementor-lightbox-7be3c16&quot;,&quot;entranceAnimation&quot;:&quot;&quot;,&quot;entranceAnimation_tablet&quot;:&quot;&quot;,&quot;entranceAnimation_mobile&quot;:&quot;&quot;,&quot;videoAspectRatio&quot;:&quot;11&quot;}}\" data-e-action-hash=\"#elementor-action%3Aaction%3Dlightbox%26settings%3DeyJ0eXBlIjoidmlkZW8iLCJ2aWRlb1R5cGUiOiJ2aW1lbyIsInVybCI6Imh0dHBzOlwvXC9wbGF5ZXIudmltZW8uY29tXC92aWRlb1wvMTAxNzYxMzQ1Mj9jb2xvciZhdXRvcGF1c2U9MCZsb29wPTAmbXV0ZWQ9MCZ0aXRsZT0xJnBvcnRyYWl0PTEmYnlsaW5lPTEjdD0iLCJhdXRvcGxheSI6InllcyIsIm1vZGFsT3B0aW9ucyI6eyJpZCI6ImVsZW1lbnRvci1saWdodGJveC03YmUzYzE2IiwiZW50cmFuY2VBbmltYXRpb24iOiIiLCJlbnRyYW5jZUFuaW1hdGlvbl90YWJsZXQiOiIiLCJlbnRyYW5jZUFuaW1hdGlvbl9tb2JpbGUiOiIiLCJ2aWRlb0FzcGVjdFJhdGlvIjoiMTEifX0%3D\">\n\t\t\t\t\t\t\t\t\t\t\t<img fetchpriority=\"high\" decoding=\"async\" width=\"2560\" height=\"2560\" src=\"https:\/\/roxxlyn.com\/wp-content\/uploads\/2020\/08\/Black-Rock-Slate-Skin.508-1.jpg\" class=\"attachment-full size-full wp-image-10391\" alt=\"\" srcset=\"https:\/\/roxxlyn.com\/wp-content\/uploads\/2020\/08\/Black-Rock-Slate-Skin.508-1.jpg 2560w, https:\/\/roxxlyn.com\/wp-content\/uploads\/2020\/08\/Black-Rock-Slate-Skin.508-1-1800x1800.jpg 1800w, https:\/\/roxxlyn.com\/wp-content\/uploads\/2020\/08\/Black-Rock-Slate-Skin.508-1-300x300.jpg 300w, https:\/\/roxxlyn.com\/wp-content\/uploads\/2020\/08\/Black-Rock-Slate-Skin.508-1-1024x1024.jpg 1024w, https:\/\/roxxlyn.com\/wp-content\/uploads\/2020\/08\/Black-Rock-Slate-Skin.508-1-150x150.jpg 150w, https:\/\/roxxlyn.com\/wp-content\/uploads\/2020\/08\/Black-Rock-Slate-Skin.508-1-768x768.jpg 768w, https:\/\/roxxlyn.com\/wp-content\/uploads\/2020\/08\/Black-Rock-Slate-Skin.508-1-1536x1536.jpg 1536w, https:\/\/roxxlyn.com\/wp-content\/uploads\/2020\/08\/Black-Rock-Slate-Skin.508-1-2048x2048.jpg 2048w, https:\/\/roxxlyn.com\/wp-content\/uploads\/2020\/08\/Black-Rock-Slate-Skin.508-1-12x12.jpg 12w, https:\/\/roxxlyn.com\/wp-content\/uploads\/2020\/08\/Black-Rock-Slate-Skin.508-1-660x660.jpg 660w\" sizes=\"(max-width: 2560px) 100vw, 2560px\" \/>\t\t\t\t\t\t\t\t\t\t\t\t\t\t\t\t<div class=\"elementor-custom-embed-play\" role=\"button\" aria-label=\"\u52d5\u753b\u518d\u751f\" tabindex=\"0\" data-no-translation-aria-label=\"\">\n\t\t\t\t\t\t\t<i aria-hidden=\"true\" class=\"eicon-play\"><\/i>\t\t\t\t\t\t<\/div>\n\t\t\t\t\t\t\t\t\t<\/div>\n\t\t\t\t\t<\/div>\n\t\t\t\t\t\t<\/div>\n\t\t\t\t<\/div>\n\t\t\t\t<section class=\"elementor-section elementor-inner-section elementor-element elementor-element-d71c1e6 elementor-section-boxed elementor-section-height-default elementor-section-height-default\" data-id=\"d71c1e6\" data-element_type=\"section\" data-e-type=\"section\">\n\t\t\t\t\t\t<div class=\"elementor-container elementor-column-gap-default\">\n\t\t\t\t\t<div class=\"elementor-column elementor-col-100 elementor-inner-column elementor-element elementor-element-500ee0d\" data-id=\"500ee0d\" data-element_type=\"column\" data-e-type=\"column\">\n\t\t\t<div class=\"elementor-widget-wrap elementor-element-populated\">\n\t\t\t\t\t\t<div class=\"elementor-element elementor-element-9e0e074 elementor-widget elementor-widget-text-editor\" data-id=\"9e0e074\" data-element_type=\"widget\" data-e-type=\"widget\" data-widget_type=\"text-editor.default\">\n\t\t\t\t<div class=\"elementor-widget-container\">\n\t\t\t\t\t\t\t\t\t<p>Vylep\u0161ete sv\u016fj iPad s Roxxlyn Real Slate Skin Black Rock, ru\u010dn\u011b vyroben\u00fdm mistrovsk\u00fdm d\u00edlem z prav\u00e9ho kamene, kter\u00e9 va\u0161emu za\u0159\u00edzen\u00ed padne jako druh\u00e1 k\u016f\u017ee. D\u00edky syt\u00e9mu \u010derno\u0161ed\u00e9mu odst\u00ednu a struktu\u0159e p\u0159\u00edrodn\u00edho kamene je ka\u017ed\u00e1 k\u016f\u017ee skute\u010dn\u011b jedine\u010dn\u00e1 a dod\u00e1 va\u0161emu iPadu v\u00fdrazn\u00fd a rafinovan\u00fd vzhled. Tato ultratenk\u00e1 k\u016f\u017ee je tenk\u00e1 pouh\u00fd 1 mm a v\u00e1\u017e\u00ed p\u0159ibli\u017en\u011b 45 gram\u016f, tak\u017ee zachov\u00e1v\u00e1 elegantn\u00ed profil iPadu a z\u00e1rove\u0148 nab\u00edz\u00ed trvalou ochranu proti po\u0161kr\u00e1b\u00e1n\u00ed a ka\u017edodenn\u00edmu opot\u0159eben\u00ed.<\/p><p>K\u016f\u017ee Black Rock, vyroben\u00e1 z prav\u00e9ho b\u0159idlicov\u00e9ho kamene, v sob\u011b spojuje kr\u00e1su p\u0159\u00edrody s preciznost\u00ed modern\u00edho designu. Textura k\u016f\u017ee, z\u00edskan\u00e1 ze skute\u010dn\u00e9ho kamene, nab\u00edz\u00ed jedine\u010dn\u00fd hmatov\u00fd z\u00e1\u017eitek, kter\u00fd kontrastuje s hladkost\u00ed za\u0159\u00edzen\u00ed, tak\u017ee je stejn\u011b vizu\u00e1ln\u011b p\u016fsobiv\u00e1 jako funk\u010dn\u00ed. P\u0159esto\u017ee je k\u016f\u017ee vyrobena z p\u0159\u00edrodn\u00edho kamene, je neuv\u011b\u0159iteln\u011b flexibiln\u00ed a d\u00edky na\u0161emu n\u011bmeck\u00e9mu lepidlu ji lze snadno aplikovat nebo odstranit, ani\u017e by zanechala stopy.<\/p><h3>Pro\u010d si pro iPad vybrat Slate Skin Black Rock?<\/h3><ul><li><p><strong>Prav\u00fd b\u0159idlicov\u00fd k\u00e1men, skute\u010dn\u00e9 \u0159emesln\u00e9 zpracov\u00e1n\u00ed<\/strong>: Ka\u017ed\u00e1 k\u016f\u017ee je vyrobena ze skute\u010dn\u00e9ho b\u0159idlicov\u00e9ho kamene, co\u017e zaru\u010duje p\u0159irozenou strukturu a strukturu, d\u00edky n\u00ed\u017e je ka\u017ed\u00fd iPad jedine\u010dn\u00fd. \u017d\u00e1dn\u00e9 dv\u011b k\u016f\u017ee nejsou stejn\u00e9, tak\u017ee v\u00e1\u0161 iPad bude opravdu vynikat.<\/p><\/li><li><p><strong>Lehk\u00e9 a velmi tenk\u00e9<\/strong>: D\u00edky hmotnosti pouh\u00fdch 45 gram\u016f a tlou\u0161\u0165ce 1 mm poskytuje Slate Skin ochranu, ani\u017e by naru\u0161il elegantn\u00ed tvar iPadu. Je to minimalistick\u00e9, ale odv\u00e1\u017en\u00e9 prohl\u00e1\u0161en\u00ed.<\/p><\/li><li><p><strong>Snadn\u00e1 aplikace, odstran\u011bn\u00ed beze zbytk\u016f<\/strong>: D\u00edky vlastn\u00edmu lepic\u00edmu filmu 3M, pe\u010dliv\u011b vyvinut\u00e9mu v N\u011bmecku, lze k\u016f\u017ei hladce aplikovat a \u010dist\u011b odstranit bez lepiv\u00fdch zbytk\u016f, \u010d\u00edm\u017e se zachov\u00e1 nedot\u010den\u00fd povrch va\u0161eho za\u0159\u00edzen\u00ed.<\/p><\/li><li><p><strong>P\u0159izp\u016fsobiteln\u00e9 mo\u017enosti v\u00fd\u0159ezu<\/strong>: Vyberte si k\u016f\u017ei s p\u0159esn\u00fdm v\u00fd\u0159ezem loga Apple, kter\u00e1 v\u00e1m dod\u00e1 \u0161mrnc, nebo si zvolte celoplo\u0161n\u00fd design, kter\u00fd v\u00e1m zajist\u00ed bezprobl\u00e9mov\u00fd, nep\u0159eru\u0161ovan\u00fd povrch z kamene.<\/p><\/li><li><p><strong>Voliteln\u00e9 integrovan\u00e9 adapt\u00e9ry<\/strong>: Pro ty, kte\u0159\u00ed hledaj\u00ed formu i funkci, nab\u00edz\u00edme variantu se t\u0159emi integrovan\u00fdmi adapt\u00e9ry, kter\u00e9 zaji\u0161\u0165uj\u00ed kompatibilitu s p\u0159\u00edslu\u0161enstv\u00edm, jako je kl\u00e1vesnice Apple Magic Keyboard, tak\u017ee m\u016f\u017eete sv\u016fj iPad udr\u017eovat stylov\u00fd, ani\u017e byste museli ob\u011btovat jeho funk\u010dnost.<\/p><\/li><li><p><strong>Ru\u010dn\u00ed v\u00fdroba v N\u011bmecku<\/strong>: Ka\u017ed\u00fd Slate Skin je vyroben s pe\u010dlivost\u00ed a d\u016frazem na detail v N\u011bmecku, co\u017e zaru\u010duje prvot\u0159\u00eddn\u00ed kvalitu a dokonal\u00e9 p\u0159izp\u016fsoben\u00ed va\u0161emu za\u0159\u00edzen\u00ed.<\/p><\/li><\/ul><h3>Estetick\u00e1 a funk\u010dn\u00ed ochrana<\/h3><p>Roxxlyn Real Slate Skin Black Rock nejen\u017ee poskytuje ochrannou vrstvu proti ka\u017edodenn\u00edm od\u011brk\u00e1m a \u0161kr\u00e1banc\u016fm, ale tak\u00e9 prom\u011bn\u00ed v\u00e1\u0161 iPad v um\u011bleck\u00e9 d\u00edlo. Kombinuje rustik\u00e1ln\u00ed p\u016fvab s modern\u00ed eleganc\u00ed a p\u0159edstavuje dokonal\u00e9 spojen\u00ed formy a funkce, kter\u00e9 va\u0161emu za\u0159\u00edzen\u00ed p\u0159in\u00e1\u0161\u00ed hmatov\u00e9 i vizu\u00e1ln\u00ed vylep\u0161en\u00ed.<\/p><p>Nen\u00ed to jen k\u016f\u017ee - je to vyj\u00e1d\u0159en\u00ed individuality, \u0159emesln\u00e9ho zpracov\u00e1n\u00ed a nad\u010dasov\u00e9ho stylu. Chra\u0148te sv\u016fj iPad t\u011bmi nejkvalitn\u011bj\u0161\u00edmi p\u0159\u00edrodn\u00edmi materi\u00e1ly a obra\u0165te pozornost, kamkoli p\u016fjdete.<\/p><h3>D\u016fle\u017eit\u00e9 pozn\u00e1mky:<\/h3><p>Slate Skin je navr\u017een jako p\u0159ilnav\u00e1 k\u016f\u017ee, nikoli jako pevn\u00e9 pouzdro, a nab\u00edz\u00ed tak lehkou ochranu bez zbyte\u010dn\u011b velk\u00e9ho objemu.<\/p>\t\t\t\t\t\t\t\t<\/div>\n\t\t\t\t<\/div>\n\t\t\t\t<div class=\"elementor-element elementor-element-9a45c83 elementor-widget elementor-widget-text-editor\" data-id=\"9a45c83\" data-element_type=\"widget\" data-e-type=\"widget\" data-widget_type=\"text-editor.default\">\n\t\t\t\t<div class=\"elementor-widget-container\">\n\t\t\t\t\t\t\t\t\t<p><blockquote class=\"wp-embedded-content\" data-secret=\"8fLA6tCWCk\"><a href=\"https:\/\/roxxlyn.com\/cs\/instructions\/\">Pokyny<\/a><\/blockquote><iframe class=\"wp-embedded-content\" sandbox=\"allow-scripts\" security=\"restricted\" style=\"position: absolute; visibility: hidden;\" title=\"&quot;Instrukce&quot; - ROXXLYN\" src=\"https:\/\/roxxlyn.com\/instructions\/embed\/#?secret=apHpz3BNei#?secret=8fLA6tCWCk\" data-secret=\"8fLA6tCWCk\" width=\"600\" height=\"338\" frameborder=\"0\" marginwidth=\"0\" marginheight=\"0\" scrolling=\"no\"><\/iframe><\/p>\t\t\t\t\t\t\t\t<\/div>\n\t\t\t\t<\/div>\n\t\t\t\t\t<\/div>\n\t\t<\/div>\n\t\t\t\t\t<\/div>\n\t\t<\/section>\n\t\t\t\t<div class=\"elementor-element elementor-element-396757a elementor-widget elementor-widget-video\" data-id=\"396757a\" data-element_type=\"widget\" data-e-type=\"widget\" data-settings=\"{&quot;video_type&quot;:&quot;vimeo&quot;}\" data-widget_type=\"video.default\">\n\t\t\t\t<div class=\"elementor-widget-container\">\n\t\t\t\t\t\t\t<div class=\"elementor-wrapper elementor-open-inline\">\n\t\t\t<iframe class=\"elementor-video-iframe\" allowfullscreen allow=\"clipboard-write\" title=\"vimeo \u52d5\u753b\u30d7\u30ec\u30fc\u30e4\u30fc\" src=\"https:\/\/player.vimeo.com\/video\/135730659?color&amp;autopause=0&amp;loop=0&amp;muted=0&amp;title=1&amp;portrait=1&amp;byline=1#t=\" data-no-translation-title=\"\"><\/iframe>\t\t<\/div>\n\t\t\t\t\t\t<\/div>\n\t\t\t\t<\/div>\n\t\t\t\t<div class=\"elementor-element elementor-element-61b67c9 elementor-widget elementor-widget-video\" data-id=\"61b67c9\" data-element_type=\"widget\" data-e-type=\"widget\" data-settings=\"{&quot;video_type&quot;:&quot;vimeo&quot;}\" data-widget_type=\"video.default\">\n\t\t\t\t<div class=\"elementor-widget-container\">\n\t\t\t\t\t\t\t<div class=\"elementor-wrapper elementor-open-inline\">\n\t\t\t<iframe class=\"elementor-video-iframe\" allowfullscreen allow=\"clipboard-write\" title=\"vimeo \u52d5\u753b\u30d7\u30ec\u30fc\u30e4\u30fc\" src=\"https:\/\/player.vimeo.com\/video\/290503829?color&amp;autopause=0&amp;loop=0&amp;muted=0&amp;title=1&amp;portrait=1&amp;byline=1#t=\" data-no-translation-title=\"\"><\/iframe>\t\t<\/div>\n\t\t\t\t\t\t<\/div>\n\t\t\t\t<\/div>\n\t\t\t\t\t<\/div>\n\t\t<\/div>\n\t\t\t\t\t<\/div>\n\t\t<\/section>\n\t\t\t\t<\/div>","protected":false},"excerpt":{"rendered":"<p>Dodejte sv\u00e9mu iPadu jedine\u010dn\u00fd vzhled s k\u016f\u017e\u00ed Slate Skin Black Rock. Tato ru\u010dn\u011b vyroben\u00e1, velmi tenk\u00e1 (1 mm) a lehk\u00e1 (35 g) k\u016f\u017ee z prav\u00e9ho kamene m\u00e1 v\u00fdraznou \u010derno\u0161edou strukturu kamene a n\u011bmecky vyvinut\u00e9 lepidlo pro snadnou aplikaci, stylovou ochranu a odstran\u011bn\u00ed beze zbytk\u016f. \u017d\u00e1dn\u00e9 pouzdro - tohle je skute\u010dn\u00e9 \u0159emesln\u00e9 zpracov\u00e1n\u00ed.<\/p>","protected":false},"featured_media":10532,"template":"","meta":{"inline_featured_image":false},"product_brand":[],"product_cat":[163],"product_tag":[],"class_list":{"0":"post-10473","1":"product","2":"type-product","3":"status-publish","4":"has-post-thumbnail","6":"product_cat-ipad-skin","8":"first","9":"instock","10":"featured","11":"taxable","12":"shipping-taxable","13":"purchasable","14":"product-type-variable","15":"has-default-attributes"},"exclude_global_add_ons":[],"addons":[],"_links":{"self":[{"href":"https:\/\/roxxlyn.com\/cs\/wp-json\/wp\/v2\/product\/10473","targetHints":{"allow":["GET"]}}],"collection":[{"href":"https:\/\/roxxlyn.com\/cs\/wp-json\/wp\/v2\/product"}],"about":[{"href":"https:\/\/roxxlyn.com\/cs\/wp-json\/wp\/v2\/types\/product"}],"version-history":[{"count":1,"href":"https:\/\/roxxlyn.com\/cs\/wp-json\/wp\/v2\/product\/10473\/revisions"}],"predecessor-version":[{"id":14875,"href":"https:\/\/roxxlyn.com\/cs\/wp-json\/wp\/v2\/product\/10473\/revisions\/14875"}],"wp:featuredmedia":[{"embeddable":true,"href":"https:\/\/roxxlyn.com\/cs\/wp-json\/wp\/v2\/media\/10532"}],"wp:attachment":[{"href":"https:\/\/roxxlyn.com\/cs\/wp-json\/wp\/v2\/media?parent=10473"}],"wp:term":[{"taxonomy":"product_brand","embeddable":true,"href":"https:\/\/roxxlyn.com\/cs\/wp-json\/wp\/v2\/product_brand?post=10473"},{"taxonomy":"product_cat","embeddable":true,"href":"https:\/\/roxxlyn.com\/cs\/wp-json\/wp\/v2\/product_cat?post=10473"},{"taxonomy":"product_tag","embeddable":true,"href":"https:\/\/roxxlyn.com\/cs\/wp-json\/wp\/v2\/product_tag?post=10473"}],"curies":[{"name":"wp","href":"https:\/\/api.w.org\/{rel}","templated":true}]}}