{"id":10017,"date":"2024-08-14T11:34:35","date_gmt":"2024-08-14T11:34:35","guid":{"rendered":"https:\/\/roxxlyn.com\/?post_type=product&#038;p=10017"},"modified":"2025-09-14T13:35:44","modified_gmt":"2025-09-14T13:35:44","slug":"artisan-marble-elegance-cnc-aluminum-airtag-masterpiece-lapis-lazuli","status":"publish","type":"product","link":"https:\/\/roxxlyn.com\/cs\/shop\/artisan-marble-elegance-cnc-aluminum-airtag-masterpiece-lapis-lazuli\/","title":{"rendered":"\u0158emesln\u00e1 mramorov\u00e1 elegance: CNC hlin\u00edkov\u00e9 mistrovsk\u00e9 d\u00edlo AirTag - Lapis Lazuli"},"content":{"rendered":"<div data-elementor-type=\"wp-post\" data-elementor-id=\"10017\" class=\"elementor elementor-10017\" data-elementor-post-type=\"product\">\n\t\t\t\t\t\t<section class=\"elementor-section elementor-top-section elementor-element elementor-element-1761437 elementor-section-boxed elementor-section-height-default elementor-section-height-default\" data-id=\"1761437\" data-element_type=\"section\" data-e-type=\"section\" data-settings=\"{&quot;background_background&quot;:&quot;classic&quot;}\">\n\t\t\t\t\t\t<div class=\"elementor-container elementor-column-gap-default\">\n\t\t\t\t\t<div class=\"elementor-column elementor-col-100 elementor-top-column elementor-element elementor-element-686c732\" data-id=\"686c732\" data-element_type=\"column\" data-e-type=\"column\">\n\t\t\t<div class=\"elementor-widget-wrap elementor-element-populated\">\n\t\t\t\t\t\t<div class=\"elementor-element elementor-element-18411c7 elementor-widget elementor-widget-video\" data-id=\"18411c7\" data-element_type=\"widget\" data-e-type=\"widget\" data-settings=\"{&quot;video_type&quot;:&quot;hosted&quot;,&quot;autoplay&quot;:&quot;yes&quot;,&quot;loop&quot;:&quot;yes&quot;,&quot;play_on_mobile&quot;:&quot;yes&quot;,&quot;mute&quot;:&quot;yes&quot;,&quot;controls&quot;:&quot;yes&quot;}\" data-widget_type=\"video.default\">\n\t\t\t\t<div class=\"elementor-widget-container\">\n\t\t\t\t\t\t\t<div class=\"e-hosted-video elementor-wrapper elementor-open-inline\">\n\t\t\t\t\t<video class=\"elementor-video\" src=\"https:\/\/roxxlyn.com\/wp-content\/uploads\/2022\/08\/airtag-metal-roxxlyn.mp4\" autoplay=\"\" loop=\"\" controls=\"\" muted=\"muted\" playsinline=\"\" controlslist=\"nodownload\"><\/video>\n\t\t\t\t<\/div>\n\t\t\t\t\t\t<\/div>\n\t\t\t\t<\/div>\n\t\t\t\t<div class=\"elementor-element elementor-element-7a894e0 elementor-widget elementor-widget-text-editor\" data-id=\"7a894e0\" data-element_type=\"widget\" data-e-type=\"widget\" data-widget_type=\"text-editor.default\">\n\t\t\t\t<div class=\"elementor-widget-container\">\n\t\t\t\t\t\t\t\t\t<h2><span style=\"color: #ffffff;\">Co je v krabici:<\/span><\/h2><p>1 x \u010cern\u00e9 eloxovan\u00e9 hlin\u00edkov\u00e9 pouzdro s magnetick\u00fdm uz\u00e1v\u011brem pro Apple AirTags<br \/>1 x \u0161ed\u00e1 karabina ze slitiny zinku<br \/>1 x kryt z prav\u00e9 \u017euly Lapis Lazuli<br \/>1 x samolepka z vegansk\u00e9 k\u016f\u017ee (s logem nebo bez loga podle va\u0161eho v\u00fdb\u011bru) pro v\u011bt\u0161\u00ed styl<br \/>6 x vysoce kvalitn\u00ed matn\u00e9 \u010dern\u00e9 samolepky ORAFOL pro v\u011bt\u0161\u00ed ochranu a kontrast<br \/>1 x d\u011bkovn\u00e1 karti\u010dka s odkazem na na\u0161eho jednoduch\u00e9ho pr\u016fvodce nastaven\u00edm<br \/>1x \u010dern\u00e9 pouzdro<\/p><p>Upozorn\u011bn\u00ed:<br \/>Ka\u017ed\u00e1 sk\u0159\u00ed\u0148ka je vyrobena z prav\u00e9ho mramoru Nero Marquina, tak\u017ee ka\u017ed\u00e1 je jedine\u010dn\u00e1. Mramorov\u00e1 d\u00fdha se m\u016f\u017ee m\u00edrn\u011b li\u0161it od obr\u00e1zk\u016f, co\u017e p\u0159isp\u00edv\u00e1 k individualit\u011b va\u0161eho n\u00e1kupu.<\/p><p><blockquote class=\"wp-embedded-content\" data-secret=\"lZpEPVjbOK\"><a href=\"https:\/\/roxxlyn.com\/cs\/instructions\/\">Pokyny<\/a><\/blockquote><iframe class=\"wp-embedded-content\" sandbox=\"allow-scripts\" security=\"restricted\" style=\"position: absolute; visibility: hidden;\" title=\"&quot;Instrukce&quot; - ROXXLYN\" src=\"https:\/\/roxxlyn.com\/instructions\/embed\/#?secret=nKcrhTtLGQ#?secret=lZpEPVjbOK\" data-secret=\"lZpEPVjbOK\" width=\"600\" height=\"338\" frameborder=\"0\" marginwidth=\"0\" marginheight=\"0\" scrolling=\"no\"><\/iframe><\/p><p>Zbo\u017e\u00ed je odes\u00edl\u00e1no z N\u011bmecka.<\/p>\t\t\t\t\t\t\t\t<\/div>\n\t\t\t\t<\/div>\n\t\t\t\t\t<\/div>\n\t\t<\/div>\n\t\t\t\t\t<\/div>\n\t\t<\/section>\n\t\t\t\t<section class=\"elementor-section elementor-top-section elementor-element elementor-element-4fad3d1 elementor-section-boxed elementor-section-height-default elementor-section-height-default\" data-id=\"4fad3d1\" data-element_type=\"section\" data-e-type=\"section\" data-settings=\"{&quot;background_background&quot;:&quot;classic&quot;}\">\n\t\t\t\t\t\t<div class=\"elementor-container elementor-column-gap-default\">\n\t\t\t\t\t<div class=\"elementor-column elementor-col-100 elementor-top-column elementor-element elementor-element-e551091\" data-id=\"e551091\" data-element_type=\"column\" data-e-type=\"column\">\n\t\t\t<div class=\"elementor-widget-wrap elementor-element-populated\">\n\t\t\t\t\t\t<div class=\"elementor-element elementor-element-e7512c5 elementor-widget elementor-widget-video\" data-id=\"e7512c5\" data-element_type=\"widget\" data-e-type=\"widget\" data-settings=\"{&quot;video_type&quot;:&quot;vimeo&quot;}\" data-widget_type=\"video.default\">\n\t\t\t\t<div class=\"elementor-widget-container\">\n\t\t\t\t\t\t\t<div class=\"elementor-wrapper elementor-open-inline\">\n\t\t\t<iframe class=\"elementor-video-iframe\" allowfullscreen allow=\"clipboard-write\" title=\"vimeo \u0391\u03bd\u03b1\u03c0\u03b1\u03c1\u03b1\u03b3\u03c9\u03b3\u03cc\u03c2 \u03a0\u03bf\u03bb\u03c5\u03bc\u03ad\u03c3\u03c9\u03bd\" src=\"https:\/\/player.vimeo.com\/video\/290503829?color&amp;autopause=0&amp;loop=0&amp;muted=0&amp;title=1&amp;portrait=1&amp;byline=1#t=\" data-no-translation-title=\"\"><\/iframe>\t\t<\/div>\n\t\t\t\t\t\t<\/div>\n\t\t\t\t<\/div>\n\t\t\t\t\t<\/div>\n\t\t<\/div>\n\t\t\t\t\t<\/div>\n\t\t<\/section>\n\t\t\t\t<\/div>","protected":false},"excerpt":{"rendered":"<p>Vylep\u0161ete sv\u016fj AirTag na\u0161\u00edm pouzdrem vyroben\u00fdm technologi\u00ed CNC, kde se modern\u00ed technologie snoub\u00ed s nad\u010dasovou kr\u00e1sou \u017euly Lapis Lazuli.<\/p>\n<p>Matn\u00fd \u010dern\u00fd eloxovan\u00fd hlin\u00edk a luxusn\u00ed vegansk\u00e1 k\u016f\u017ee vytv\u00e1\u0159ej\u00ed elegantn\u00ed a odoln\u00fd design. Prav\u00e1 \u017eula Lapis Lazuli, proslul\u00e1 sv\u00fdmi tmav\u011b modr\u00fdmi odst\u00edny a p\u0159\u00edrodn\u00edmi zlat\u00fdmi skvrnami, dod\u00e1v\u00e1 jedine\u010dnou eleganci. Matn\u011b \u0161ed\u00e1 zinkov\u00e1 karabina nab\u00edz\u00ed bezpe\u010dn\u00e9 a stylov\u00e9 uchycen\u00ed.<\/p>\n<p>Integrovan\u00e9 magnety zaji\u0161\u0165uj\u00ed bezprobl\u00e9mov\u00e9 uchycen\u00ed, tak\u017ee toto pouzdro je dokonalou kombinac\u00ed sofistikovanosti a funk\u010dnosti - skute\u010dn\u00fdm um\u011bleck\u00fdm d\u00edlem. Vyrobeno v N\u011bmecku.<\/p>","protected":false},"featured_media":10246,"template":"","meta":{"inline_featured_image":false},"product_brand":[],"product_cat":[92],"product_tag":[],"class_list":{"0":"post-10017","1":"product","2":"type-product","3":"status-publish","4":"has-post-thumbnail","6":"product_cat-airtag","8":"first","9":"instock","10":"taxable","11":"shipping-taxable","12":"purchasable","13":"product-type-variable"},"exclude_global_add_ons":[],"addons":[],"_links":{"self":[{"href":"https:\/\/roxxlyn.com\/cs\/wp-json\/wp\/v2\/product\/10017","targetHints":{"allow":["GET"]}}],"collection":[{"href":"https:\/\/roxxlyn.com\/cs\/wp-json\/wp\/v2\/product"}],"about":[{"href":"https:\/\/roxxlyn.com\/cs\/wp-json\/wp\/v2\/types\/product"}],"version-history":[{"count":0,"href":"https:\/\/roxxlyn.com\/cs\/wp-json\/wp\/v2\/product\/10017\/revisions"}],"wp:featuredmedia":[{"embeddable":true,"href":"https:\/\/roxxlyn.com\/cs\/wp-json\/wp\/v2\/media\/10246"}],"wp:attachment":[{"href":"https:\/\/roxxlyn.com\/cs\/wp-json\/wp\/v2\/media?parent=10017"}],"wp:term":[{"taxonomy":"product_brand","embeddable":true,"href":"https:\/\/roxxlyn.com\/cs\/wp-json\/wp\/v2\/product_brand?post=10017"},{"taxonomy":"product_cat","embeddable":true,"href":"https:\/\/roxxlyn.com\/cs\/wp-json\/wp\/v2\/product_cat?post=10017"},{"taxonomy":"product_tag","embeddable":true,"href":"https:\/\/roxxlyn.com\/cs\/wp-json\/wp\/v2\/product_tag?post=10017"}],"curies":[{"name":"wp","href":"https:\/\/api.w.org\/{rel}","templated":true}]}}