{"id":8648,"date":"2024-01-18T14:48:55","date_gmt":"2024-01-18T14:48:55","guid":{"rendered":"https:\/\/roxxlyn.com\/?page_id=8648"},"modified":"2024-01-18T15:12:06","modified_gmt":"2024-01-18T15:12:06","slug":"made","status":"publish","type":"page","link":"https:\/\/roxxlyn.com\/cs\/made\/","title":{"rendered":"Vyrobeno"},"content":{"rendered":"<div data-elementor-type=\"wp-page\" data-elementor-id=\"8648\" class=\"elementor elementor-8648\" data-elementor-post-type=\"page\">\n\t\t\t\t\t\t<section class=\"elementor-section elementor-top-section elementor-element elementor-element-87b5fa2 elementor-section-full_width elementor-section-height-default elementor-section-height-default\" data-id=\"87b5fa2\" data-element_type=\"section\" data-e-type=\"section\">\n\t\t\t\t\t\t<div class=\"elementor-container elementor-column-gap-default\">\n\t\t\t\t\t<div class=\"elementor-column elementor-col-100 elementor-top-column elementor-element elementor-element-3bd6c4c\" data-id=\"3bd6c4c\" data-element_type=\"column\" data-e-type=\"column\">\n\t\t\t<div class=\"elementor-widget-wrap elementor-element-populated\">\n\t\t\t\t\t\t<div class=\"elementor-element elementor-element-08b67f6 elementor-widget elementor-widget-text-editor\" data-id=\"08b67f6\" data-element_type=\"widget\" data-e-type=\"widget\" data-widget_type=\"text-editor.default\">\n\t\t\t\t<div class=\"elementor-widget-container\">\n\t\t\t\t\t\t\t\t\t<p>&nbsp;Zvl\u00e1dnut\u00ed t\u00e9to technologie trvalo t\u00e9m\u011b\u0159 dva roky koncepce a v\u00fdvoje. Proces, kter\u00fd umo\u017e\u0148uje vytv\u00e1\u0159et tenk\u00e9, ultralehk\u00e9 a jedine\u010dn\u00e9 kamenn\u00e9 d\u00fdhy z miliardy let star\u00e9ho p\u0159\u00edrodn\u00edho kamene \u2192<\/p>\t\t\t\t\t\t\t\t<\/div>\n\t\t\t\t<\/div>\n\t\t\t\t<div class=\"elementor-element elementor-element-18dd901 elementor-widget elementor-widget-video\" data-id=\"18dd901\" data-element_type=\"widget\" data-e-type=\"widget\" data-settings=\"{&quot;video_type&quot;:&quot;vimeo&quot;,&quot;autoplay&quot;:&quot;yes&quot;,&quot;loop&quot;:&quot;yes&quot;,&quot;play_on_mobile&quot;:&quot;yes&quot;,&quot;mute&quot;:&quot;yes&quot;}\" data-widget_type=\"video.default\">\n\t\t\t\t<div class=\"elementor-widget-container\">\n\t\t\t\t\t\t\t<div class=\"elementor-wrapper elementor-open-inline\">\n\t\t\t<iframe class=\"elementor-video-iframe\" allowfullscreen allow=\"autoplay\" title=\"P\u0159ehr\u00e1va\u010d videa vimeo\" src=\"https:\/\/player.vimeo.com\/video\/290503829?autoplay=1&amp;playsinline=1&amp;color=FFFFFF&amp;autopause=0&amp;loop=1&amp;muted=1&amp;title=0&amp;portrait=1&amp;byline=0#t=\"><\/iframe>\t\t<\/div>\n\t\t\t\t\t\t<\/div>\n\t\t\t\t<\/div>\n\t\t\t\t\t<\/div>\n\t\t<\/div>\n\t\t\t\t\t<\/div>\n\t\t<\/section>\n\t\t\t\t<section class=\"elementor-section elementor-top-section elementor-element elementor-element-7b44f3a elementor-section-boxed elementor-section-height-default elementor-section-height-default\" data-id=\"7b44f3a\" data-element_type=\"section\" data-e-type=\"section\">\n\t\t\t\t\t\t<div class=\"elementor-container elementor-column-gap-default\">\n\t\t\t\t\t<div class=\"elementor-column elementor-col-100 elementor-top-column elementor-element elementor-element-d21da6b\" data-id=\"d21da6b\" data-element_type=\"column\" data-e-type=\"column\">\n\t\t\t<div class=\"elementor-widget-wrap elementor-element-populated\">\n\t\t\t\t\t\t<div class=\"elementor-element elementor-element-de41964 elementor-widget elementor-widget-text-editor\" data-id=\"de41964\" data-element_type=\"widget\" data-e-type=\"widget\" data-widget_type=\"text-editor.default\">\n\t\t\t\t<div class=\"elementor-widget-container\">\n\t\t\t\t\t\t\t\t\t<p>V\u00edtejte ve sv\u011bt\u011b Roxxlyn, kde se um\u011bn\u00ed setk\u00e1v\u00e1 s inovacemi ve v\u00fdrob\u011b v\u00fdjime\u010dn\u00fdch kamenn\u00fdch v\u00fdrobk\u016f a dopl\u0148k\u016f. Pod\u00edvejte se na \u201eVyrobeno\u201c, na\u0161e nejnov\u011bj\u0161\u00ed odhalen\u00ed a sv\u011bdectv\u00ed o na\u0161em neochv\u011bjn\u00e9m odhodl\u00e1n\u00ed p\u0159edefinovat dokonalost v \u0159emesln\u00e9m zpracov\u00e1n\u00ed kamene. P\u0159i odhalov\u00e1n\u00ed \u201eMade\u201c se pono\u0159te do hladk\u00e9ho spojen\u00ed nad\u010dasov\u00e9 tradice a \u0161pi\u010dkov\u00e9 technologie, kter\u00e1 definuje jedine\u010dn\u00fd p\u0159\u00edstup Roxxlyn. \u201eVyrobeno\u201c je v\u00edce ne\u017e v\u00fdtvor; je to vypr\u00e1v\u011bn\u00ed utkan\u00e9 s v\u00e1\u0161n\u00ed, p\u0159esnost\u00ed a bezkonkuren\u010dn\u00edm um\u011bn\u00edm v kameni. P\u0159ipojte se k n\u00e1m na t\u00e9to cest\u011b a hrd\u011b p\u0159edstavujeme \u201eMade\u201c, symbol na\u0161eho odhodl\u00e1n\u00ed stanovit nov\u00e1 m\u011b\u0159\u00edtka v luxusu a designu v oblasti kamenn\u00fdch dopl\u0148k\u016f.<\/p>\t\t\t\t\t\t\t\t<\/div>\n\t\t\t\t<\/div>\n\t\t\t\t\t<\/div>\n\t\t<\/div>\n\t\t\t\t\t<\/div>\n\t\t<\/section>\n\t\t\t\t<\/div>","protected":false},"excerpt":{"rendered":"<p>&nbsp;Zvl\u00e1dnut\u00ed t\u00e9to technologie trvalo t\u00e9m\u011b\u0159 dva roky koncepce a v\u00fdvoje. Proces, kter\u00fd umo\u017e\u0148uje vytv\u00e1\u0159et tenk\u00e9, ultralehk\u00e9 a jedine\u010dn\u00e9 kamenn\u00e9 d\u00fdhy z jedn\u00e9 miliardy...<\/p>","protected":false},"author":2904,"featured_media":0,"parent":0,"menu_order":0,"comment_status":"closed","ping_status":"closed","template":"","meta":{"inline_featured_image":false,"footnotes":""},"class_list":["post-8648","page","type-page","status-publish","hentry"],"_links":{"self":[{"href":"https:\/\/roxxlyn.com\/cs\/wp-json\/wp\/v2\/pages\/8648","targetHints":{"allow":["GET"]}}],"collection":[{"href":"https:\/\/roxxlyn.com\/cs\/wp-json\/wp\/v2\/pages"}],"about":[{"href":"https:\/\/roxxlyn.com\/cs\/wp-json\/wp\/v2\/types\/page"}],"author":[{"embeddable":true,"href":"https:\/\/roxxlyn.com\/cs\/wp-json\/wp\/v2\/users\/2904"}],"replies":[{"embeddable":true,"href":"https:\/\/roxxlyn.com\/cs\/wp-json\/wp\/v2\/comments?post=8648"}],"version-history":[{"count":0,"href":"https:\/\/roxxlyn.com\/cs\/wp-json\/wp\/v2\/pages\/8648\/revisions"}],"wp:attachment":[{"href":"https:\/\/roxxlyn.com\/cs\/wp-json\/wp\/v2\/media?parent=8648"}],"curies":[{"name":"wp","href":"https:\/\/api.w.org\/{rel}","templated":true}]}}