{"id":679,"date":"2020-10-05T16:13:19","date_gmt":"2020-10-05T16:13:19","guid":{"rendered":"https:\/\/roxxlyn.com\/?page_id=679"},"modified":"2025-09-21T17:59:35","modified_gmt":"2025-09-21T17:59:35","slug":"studio","status":"publish","type":"page","link":"https:\/\/roxxlyn.com\/cs\/studio\/","title":{"rendered":"Studio"},"content":{"rendered":"<div data-elementor-type=\"wp-page\" data-elementor-id=\"679\" class=\"elementor elementor-679\" data-elementor-post-type=\"page\">\n\t\t\t\t\t\t<section class=\"elementor-section elementor-top-section elementor-element elementor-element-f1b80b9 elementor-section-boxed elementor-section-height-default elementor-section-height-default\" data-id=\"f1b80b9\" data-element_type=\"section\" data-e-type=\"section\">\n\t\t\t\t\t\t<div class=\"elementor-container elementor-column-gap-default\">\n\t\t\t\t\t<div class=\"elementor-column elementor-col-100 elementor-top-column elementor-element elementor-element-2b6a05e\" data-id=\"2b6a05e\" data-element_type=\"column\" data-e-type=\"column\">\n\t\t\t<div class=\"elementor-widget-wrap elementor-element-populated\">\n\t\t\t\t\t\t<div class=\"elementor-element elementor-element-7651fd4 elementor-widget elementor-widget-text-editor\" data-id=\"7651fd4\" data-element_type=\"widget\" data-e-type=\"widget\" data-widget_type=\"text-editor.default\">\n\t\t\t\t<div class=\"elementor-widget-container\">\n\t\t\t\t\t\t\t\t\t<p>Studio<\/p>\t\t\t\t\t\t\t\t<\/div>\n\t\t\t\t<\/div>\n\t\t\t\t\t<\/div>\n\t\t<\/div>\n\t\t\t\t\t<\/div>\n\t\t<\/section>\n\t\t\t\t<section class=\"elementor-section elementor-top-section elementor-element elementor-element-63cd26d elementor-section-boxed elementor-section-height-default elementor-section-height-default\" data-id=\"63cd26d\" data-element_type=\"section\" data-e-type=\"section\">\n\t\t\t\t\t\t<div class=\"elementor-container elementor-column-gap-default\">\n\t\t\t\t\t<div class=\"elementor-column elementor-col-100 elementor-top-column elementor-element elementor-element-6c18f1f\" data-id=\"6c18f1f\" data-element_type=\"column\" data-e-type=\"column\">\n\t\t\t<div class=\"elementor-widget-wrap elementor-element-populated\">\n\t\t\t\t\t\t<div class=\"elementor-element elementor-element-8783bb4 elementor-widget elementor-widget-text-editor\" data-id=\"8783bb4\" data-element_type=\"widget\" data-e-type=\"widget\" data-widget_type=\"text-editor.default\">\n\t\t\t\t<div class=\"elementor-widget-container\">\n\t\t\t\t\t\t\t\t\t<p>Design a interi\u00e9r na\u0161eho studia Berlin Mitte je v\u00fdsledkem t\u00fdmov\u00e9 pr\u00e1ce. N\u00e1pady a p\u0159\u00e1n\u00ed ka\u017ed\u00e9ho \u010dlena t\u00fdmu Roxxlyn byly zapracov\u00e1ny do nejmen\u0161\u00edho detailu. K\u00e1men tvo\u0159\u00ed z\u00e1klad vybaven\u00ed a lze jej nal\u00e9zt v mnoha prvc\u00edch. U\u0161lechtil\u00e9 materi\u00e1ly, jako je mosaz, tento kontrast zjem\u0148uj\u00ed a vytv\u00e1\u0159ej\u00ed jedine\u010dnost mezi jednotliv\u00fdmi prvky. Berl\u00edn\u00a0<\/p>\t\t\t\t\t\t\t\t<\/div>\n\t\t\t\t<\/div>\n\t\t\t\t\t<\/div>\n\t\t<\/div>\n\t\t\t\t\t<\/div>\n\t\t<\/section>\n\t\t\t\t<section class=\"elementor-section elementor-top-section elementor-element elementor-element-2f8b739 elementor-section-full_width elementor-section-stretched elementor-section-height-default elementor-section-height-default\" data-id=\"2f8b739\" data-element_type=\"section\" data-e-type=\"section\" data-settings=\"{&quot;stretch_section&quot;:&quot;section-stretched&quot;}\">\n\t\t\t\t\t\t<div class=\"elementor-container elementor-column-gap-default\">\n\t\t\t\t\t<div class=\"elementor-column elementor-col-100 elementor-top-column elementor-element elementor-element-cb10e57\" data-id=\"cb10e57\" data-element_type=\"column\" data-e-type=\"column\">\n\t\t\t<div class=\"elementor-widget-wrap elementor-element-populated\">\n\t\t\t\t\t\t<div class=\"elementor-element elementor-element-e261489 elementor-widget elementor-widget-image\" data-id=\"e261489\" data-element_type=\"widget\" data-e-type=\"widget\" data-widget_type=\"image.default\">\n\t\t\t\t<div class=\"elementor-widget-container\">\n\t\t\t\t\t\t\t\t\t\t\t\t\t\t\t<img fetchpriority=\"high\" decoding=\"async\" width=\"1024\" height=\"683\" src=\"https:\/\/roxxlyn.com\/wp-content\/uploads\/2020\/10\/Shop-2-new-1024x683.jpg\" class=\"attachment-large size-large wp-image-683\" alt=\"\" srcset=\"https:\/\/roxxlyn.com\/wp-content\/uploads\/2020\/10\/Shop-2-new-1024x683.jpg 1024w, https:\/\/roxxlyn.com\/wp-content\/uploads\/2020\/10\/Shop-2-new-1800x1200.jpg 1800w, https:\/\/roxxlyn.com\/wp-content\/uploads\/2020\/10\/Shop-2-new-300x200.jpg 300w, https:\/\/roxxlyn.com\/wp-content\/uploads\/2020\/10\/Shop-2-new-768x512.jpg 768w, https:\/\/roxxlyn.com\/wp-content\/uploads\/2020\/10\/Shop-2-new-1536x1024.jpg 1536w, https:\/\/roxxlyn.com\/wp-content\/uploads\/2020\/10\/Shop-2-new-2048x1366.jpg 2048w, https:\/\/roxxlyn.com\/wp-content\/uploads\/2020\/10\/Shop-2-new-100x68.jpg 100w, https:\/\/roxxlyn.com\/wp-content\/uploads\/2020\/10\/Shop-2-new-450x300.jpg 450w, https:\/\/roxxlyn.com\/wp-content\/uploads\/2020\/10\/Shop-2-new-660x440.jpg 660w\" sizes=\"(max-width: 1024px) 100vw, 1024px\" \/>\t\t\t\t\t\t\t\t\t\t\t\t\t\t\t<\/div>\n\t\t\t\t<\/div>\n\t\t\t\t\t<\/div>\n\t\t<\/div>\n\t\t\t\t\t<\/div>\n\t\t<\/section>\n\t\t\t\t<section class=\"elementor-section elementor-top-section elementor-element elementor-element-fa8d4c2 elementor-section-boxed elementor-section-height-default elementor-section-height-default\" data-id=\"fa8d4c2\" data-element_type=\"section\" data-e-type=\"section\">\n\t\t\t\t\t\t<div class=\"elementor-container elementor-column-gap-default\">\n\t\t\t\t\t<div class=\"elementor-column elementor-col-100 elementor-top-column elementor-element elementor-element-2c2cab5\" data-id=\"2c2cab5\" data-element_type=\"column\" data-e-type=\"column\">\n\t\t\t<div class=\"elementor-widget-wrap elementor-element-populated\">\n\t\t\t\t\t\t<div class=\"elementor-element elementor-element-1334eb8 elementor-widget elementor-widget-text-editor\" data-id=\"1334eb8\" data-element_type=\"widget\" data-e-type=\"widget\" data-widget_type=\"text-editor.default\">\n\t\t\t\t<div class=\"elementor-widget-container\">\n\t\t\t\t\t\t\t\t\t<p>Minimalistick\u00fd styl interi\u00e9ru odr\u00e1\u017e\u00ed design v\u00fdrobk\u016f Roxxlyn a dod\u00e1v\u00e1 studiu jasn\u00e9 linie.&nbsp;<span style=\"letter-spacing: var( --e-global-typography-text-letter-spacing ); text-transform: var( --e-global-typography-text-text-transform ); text-decoration: var( --e-global-typography-text-text-decoration );\">Symetrie a jednotn\u00e9 barvy se zam\u011b\u0159uj\u00ed na v\u00fdrobky a p\u0159itahuj\u00ed pozornost n\u00e1v\u0161t\u011bvn\u00edk\u016f.&nbsp;<\/span><span style=\"letter-spacing: var( --e-global-typography-text-letter-spacing ); text-transform: var( --e-global-typography-text-text-transform ); text-decoration: var( --e-global-typography-text-text-decoration );\">Na\u0161e studio je mnohem v\u00edc ne\u017e jen oby\u010dejn\u00fd obchod, je to m\u00edsto setk\u00e1v\u00e1n\u00ed a interakce. Vedle hlavn\u00edho v\u00fdstavn\u00edho prostoru zahrnuje tak\u00e9 kancel\u00e1\u0159sk\u00e9 pracovi\u0161t\u011b, prostor pro tvorbu prototyp\u016f a v\u00fdvoj.<\/span><\/p>\t\t\t\t\t\t\t\t<\/div>\n\t\t\t\t<\/div>\n\t\t\t\t\t<\/div>\n\t\t<\/div>\n\t\t\t\t\t<\/div>\n\t\t<\/section>\n\t\t\t\t<section class=\"elementor-section elementor-top-section elementor-element elementor-element-cbc856e elementor-section-full_width elementor-section-stretched elementor-section-height-default elementor-section-height-default\" data-id=\"cbc856e\" data-element_type=\"section\" data-e-type=\"section\" data-settings=\"{&quot;stretch_section&quot;:&quot;section-stretched&quot;}\">\n\t\t\t\t\t\t<div class=\"elementor-container elementor-column-gap-default\">\n\t\t\t\t\t<div class=\"elementor-column elementor-col-100 elementor-top-column elementor-element elementor-element-4d3d373\" data-id=\"4d3d373\" data-element_type=\"column\" data-e-type=\"column\">\n\t\t\t<div class=\"elementor-widget-wrap elementor-element-populated\">\n\t\t\t\t\t\t<div class=\"elementor-element elementor-element-a87432f elementor-widget elementor-widget-image\" data-id=\"a87432f\" data-element_type=\"widget\" data-e-type=\"widget\" data-widget_type=\"image.default\">\n\t\t\t\t<div class=\"elementor-widget-container\">\n\t\t\t\t\t\t\t\t\t\t\t\t\t\t\t<img decoding=\"async\" width=\"1024\" height=\"683\" src=\"https:\/\/roxxlyn.com\/wp-content\/uploads\/2020\/10\/Shop-1-low-new-1024x683.jpg\" class=\"attachment-large size-large wp-image-690\" alt=\"\" srcset=\"https:\/\/roxxlyn.com\/wp-content\/uploads\/2020\/10\/Shop-1-low-new-1024x683.jpg 1024w, https:\/\/roxxlyn.com\/wp-content\/uploads\/2020\/10\/Shop-1-low-new-1800x1201.jpg 1800w, https:\/\/roxxlyn.com\/wp-content\/uploads\/2020\/10\/Shop-1-low-new-300x200.jpg 300w, https:\/\/roxxlyn.com\/wp-content\/uploads\/2020\/10\/Shop-1-low-new-768x512.jpg 768w, https:\/\/roxxlyn.com\/wp-content\/uploads\/2020\/10\/Shop-1-low-new-1536x1025.jpg 1536w, https:\/\/roxxlyn.com\/wp-content\/uploads\/2020\/10\/Shop-1-low-new-100x68.jpg 100w, https:\/\/roxxlyn.com\/wp-content\/uploads\/2020\/10\/Shop-1-low-new-450x300.jpg 450w, https:\/\/roxxlyn.com\/wp-content\/uploads\/2020\/10\/Shop-1-low-new-660x440.jpg 660w, https:\/\/roxxlyn.com\/wp-content\/uploads\/2020\/10\/Shop-1-low-new.jpg 2000w\" sizes=\"(max-width: 1024px) 100vw, 1024px\" \/>\t\t\t\t\t\t\t\t\t\t\t\t\t\t\t<\/div>\n\t\t\t\t<\/div>\n\t\t\t\t\t<\/div>\n\t\t<\/div>\n\t\t\t\t\t<\/div>\n\t\t<\/section>\n\t\t\t\t<\/div>","protected":false},"excerpt":{"rendered":"<p>Studio Design a interi\u00e9r na\u0161eho studia Berlin Mitte je v\u00fdsledkem t\u00fdmov\u00e9 pr\u00e1ce. N\u00e1pady a p\u0159\u00e1n\u00ed ka\u017ed\u00e9ho \u010dlena t\u00fdmu Roxxlyn byly zapracov\u00e1ny a\u017e do...<\/p>","protected":false},"author":2904,"featured_media":0,"parent":0,"menu_order":0,"comment_status":"closed","ping_status":"closed","template":"","meta":{"inline_featured_image":false,"footnotes":""},"class_list":["post-679","page","type-page","status-publish","hentry"],"_links":{"self":[{"href":"https:\/\/roxxlyn.com\/cs\/wp-json\/wp\/v2\/pages\/679","targetHints":{"allow":["GET"]}}],"collection":[{"href":"https:\/\/roxxlyn.com\/cs\/wp-json\/wp\/v2\/pages"}],"about":[{"href":"https:\/\/roxxlyn.com\/cs\/wp-json\/wp\/v2\/types\/page"}],"author":[{"embeddable":true,"href":"https:\/\/roxxlyn.com\/cs\/wp-json\/wp\/v2\/users\/2904"}],"replies":[{"embeddable":true,"href":"https:\/\/roxxlyn.com\/cs\/wp-json\/wp\/v2\/comments?post=679"}],"version-history":[{"count":0,"href":"https:\/\/roxxlyn.com\/cs\/wp-json\/wp\/v2\/pages\/679\/revisions"}],"wp:attachment":[{"href":"https:\/\/roxxlyn.com\/cs\/wp-json\/wp\/v2\/media?parent=679"}],"curies":[{"name":"wp","href":"https:\/\/api.w.org\/{rel}","templated":true}]}}