{"id":35,"date":"2020-08-11T16:11:57","date_gmt":"2020-08-11T16:11:57","guid":{"rendered":"https:\/\/roxxlyn.com\/?page_id=35"},"modified":"2022-09-15T17:55:39","modified_gmt":"2022-09-15T17:55:39","slug":"custom","status":"publish","type":"page","link":"https:\/\/roxxlyn.com\/cs\/custom\/","title":{"rendered":"Vlastn\u00ed"},"content":{"rendered":"<div data-elementor-type=\"wp-page\" data-elementor-id=\"35\" class=\"elementor elementor-35\" data-elementor-post-type=\"page\">\n\t\t\t\t\t\t<section class=\"elementor-section elementor-top-section elementor-element elementor-element-67f9157 elementor-section-boxed elementor-section-height-default elementor-section-height-default\" data-id=\"67f9157\" data-element_type=\"section\" data-e-type=\"section\" tester2=\"\">\n\t\t\t\t\t\t<div class=\"elementor-container elementor-column-gap-default\">\n\t\t\t\t\t<div class=\"elementor-column elementor-col-100 elementor-top-column elementor-element elementor-element-2efb169\" data-id=\"2efb169\" data-element_type=\"column\" data-e-type=\"column\">\n\t\t\t<div class=\"elementor-widget-wrap elementor-element-populated\">\n\t\t\t\t\t\t<div class=\"elementor-element elementor-element-a8e8938 elementor-widget elementor-widget-text-editor\" data-id=\"a8e8938\" data-element_type=\"widget\" data-e-type=\"widget\" data-widget_type=\"text-editor.default\">\n\t\t\t\t<div class=\"elementor-widget-container\">\n\t\t\t\t\t\t\t\t\t<p>Jak\u00fdkoli k\u00e1men. Jak\u00e1koli barva. Jak\u00e9koli logo. Jak\u00fdkoli styl.<\/p>\t\t\t\t\t\t\t\t<\/div>\n\t\t\t\t<\/div>\n\t\t\t\t\t<\/div>\n\t\t<\/div>\n\t\t\t\t\t<\/div>\n\t\t<\/section>\n\t\t\t\t<section class=\"elementor-section elementor-top-section elementor-element elementor-element-c5e28cd elementor-section-boxed elementor-section-height-default elementor-section-height-default\" data-id=\"c5e28cd\" data-element_type=\"section\" data-e-type=\"section\">\n\t\t\t\t\t\t<div class=\"elementor-container elementor-column-gap-default\">\n\t\t\t\t\t<div class=\"elementor-column elementor-col-100 elementor-top-column elementor-element elementor-element-b271ed6\" data-id=\"b271ed6\" data-element_type=\"column\" data-e-type=\"column\">\n\t\t\t<div class=\"elementor-widget-wrap elementor-element-populated\">\n\t\t\t\t\t\t<div class=\"elementor-element elementor-element-dc63f35 elementor-widget elementor-widget-text-editor\" data-id=\"dc63f35\" data-element_type=\"widget\" data-e-type=\"widget\" data-widget_type=\"text-editor.default\">\n\t\t\t\t<div class=\"elementor-widget-container\">\n\t\t\t\t\t\t\t\t\t<p><strong>Z\u00e1m\u011br a \u010din utv\u00e1\u0159ej\u00ed budoucnost. To, na \u010dem z\u00e1le\u017e\u00ed dnes, ovliv\u0148uje z\u00edt\u0159ek. To plat\u00ed jak pro jednotlivce, tak pro organizaci.<\/strong><\/p>\t\t\t\t\t\t\t\t<\/div>\n\t\t\t\t<\/div>\n\t\t\t\t\t<\/div>\n\t\t<\/div>\n\t\t\t\t\t<\/div>\n\t\t<\/section>\n\t\t\t\t<section class=\"elementor-section elementor-top-section elementor-element elementor-element-a8522ad elementor-section-boxed elementor-section-height-default elementor-section-height-default\" data-id=\"a8522ad\" data-element_type=\"section\" data-e-type=\"section\">\n\t\t\t\t\t\t<div class=\"elementor-container elementor-column-gap-default\">\n\t\t\t\t\t<div class=\"elementor-column elementor-col-100 elementor-top-column elementor-element elementor-element-ed5181f\" data-id=\"ed5181f\" data-element_type=\"column\" data-e-type=\"column\">\n\t\t\t<div class=\"elementor-widget-wrap elementor-element-populated\">\n\t\t\t\t\t\t<div class=\"elementor-element elementor-element-6bf8e05 elementor-widget elementor-widget-text-editor\" data-id=\"6bf8e05\" data-element_type=\"widget\" data-e-type=\"widget\" data-widget_type=\"text-editor.default\">\n\t\t\t\t<div class=\"elementor-widget-container\">\n\t\t\t\t\t\t\t\t\t<p>Na\u0161e p\u0159izp\u016fsobiteln\u00e9 individu\u00e1ln\u00ed a firemn\u00ed produkty jsou navr\u017eeny tak, aby zachycovaly my\u0161lenky, n\u00e1pady a post\u0159ehy, kter\u00e9 budou slou\u017eit jako inspirace pro z\u00edt\u0159ek, a \u00fakoly a \u00fakoly, kter\u00e9 budou utv\u00e1\u0159et dne\u0161ek.<\/p><p>A\u0165 u\u017e chcete oslavit uveden\u00ed nov\u00e9ho produktu na trh, poskytnout d\u00e1rky na ve\u010d\u00edrky a \u0161kolen\u00ed nebo d\u00e1rky na konci roku pro sv\u00e9 partnery a klienty, vlastn\u00ed a zna\u010dkov\u00e9 produkty jsou vynikaj\u00edc\u00edm zp\u016fsobem, jak pos\u00edlit identitu va\u0161\u00ed zna\u010dky.<\/p><p>Sni\u017ete uhl\u00edkovou stopu sv\u00e9 firmy a odm\u011b\u0148te sv\u00e9 t\u00fdmy, sebe i klienty vlastn\u00edmi zna\u010dkov\u00fdmi kamenn\u00fdmi v\u00fdrobky - ru\u010dn\u011b vyroben\u00fdmi spole\u010dnost\u00ed Roxxlyn. Kontaktujte n\u00e1s a my v\u00e1m vypracujeme cenovou nab\u00eddku, a\u0165 u\u017e je v\u00e1\u0161 n\u00e1pad jak\u00fdkoli.\u00a0<\/p>\t\t\t\t\t\t\t\t<\/div>\n\t\t\t\t<\/div>\n\t\t\t\t\t<\/div>\n\t\t<\/div>\n\t\t\t\t\t<\/div>\n\t\t<\/section>\n\t\t\t\t<\/div>","protected":false},"excerpt":{"rendered":"<p>Jak\u00fdkoli k\u00e1men. Jak\u00e1koli barva. Jak\u00e9koli logo. Jak\u00fdkoli styl. Z\u00e1m\u011br a akce utv\u00e1\u0159ej\u00ed budoucnost. To, na \u010dem z\u00e1le\u017e\u00ed dnes, utv\u00e1\u0159\u00ed z\u00edt\u0159ek. To plat\u00ed jak pro jednotlivce, tak pro...<\/p>","protected":false},"author":2904,"featured_media":0,"parent":0,"menu_order":0,"comment_status":"closed","ping_status":"closed","template":"","meta":{"inline_featured_image":false,"footnotes":""},"class_list":["post-35","page","type-page","status-publish","hentry"],"_links":{"self":[{"href":"https:\/\/roxxlyn.com\/cs\/wp-json\/wp\/v2\/pages\/35","targetHints":{"allow":["GET"]}}],"collection":[{"href":"https:\/\/roxxlyn.com\/cs\/wp-json\/wp\/v2\/pages"}],"about":[{"href":"https:\/\/roxxlyn.com\/cs\/wp-json\/wp\/v2\/types\/page"}],"author":[{"embeddable":true,"href":"https:\/\/roxxlyn.com\/cs\/wp-json\/wp\/v2\/users\/2904"}],"replies":[{"embeddable":true,"href":"https:\/\/roxxlyn.com\/cs\/wp-json\/wp\/v2\/comments?post=35"}],"version-history":[{"count":0,"href":"https:\/\/roxxlyn.com\/cs\/wp-json\/wp\/v2\/pages\/35\/revisions"}],"wp:attachment":[{"href":"https:\/\/roxxlyn.com\/cs\/wp-json\/wp\/v2\/media?parent=35"}],"curies":[{"name":"wp","href":"https:\/\/api.w.org\/{rel}","templated":true}]}}