{"id":129,"date":"2020-08-13T16:25:06","date_gmt":"2020-08-13T16:25:06","guid":{"rendered":"https:\/\/roxxlyn.com\/?page_id=129"},"modified":"2024-11-14T17:45:38","modified_gmt":"2024-11-14T17:45:38","slug":"faq","status":"publish","type":"page","link":"https:\/\/roxxlyn.com\/cs\/faq\/","title":{"rendered":"\u010cASTO KLADEN\u00c9 DOTAZY"},"content":{"rendered":"<div data-elementor-type=\"wp-page\" data-elementor-id=\"129\" class=\"elementor elementor-129\" data-elementor-post-type=\"page\">\n\t\t\t\t\t\t<section class=\"elementor-section elementor-top-section elementor-element elementor-element-3564859 elementor-section-boxed elementor-section-height-default elementor-section-height-default\" data-id=\"3564859\" data-element_type=\"section\" data-e-type=\"section\">\n\t\t\t\t\t\t<div class=\"elementor-container elementor-column-gap-default\">\n\t\t\t\t\t<div class=\"elementor-column elementor-col-100 elementor-top-column elementor-element elementor-element-4998c23\" data-id=\"4998c23\" data-element_type=\"column\" data-e-type=\"column\">\n\t\t\t<div class=\"elementor-widget-wrap elementor-element-populated\">\n\t\t\t\t\t\t<div class=\"elementor-element elementor-element-07c9ff0 elementor-widget elementor-widget-text-editor\" data-id=\"07c9ff0\" data-element_type=\"widget\" data-e-type=\"widget\" data-widget_type=\"text-editor.default\">\n\t\t\t\t<div class=\"elementor-widget-container\">\n\t\t\t\t\t\t\t\t\t<p><strong>1. Jsou v\u00fdrobky Roxxlyn skute\u010dn\u011b vyrobeny ze skute\u010dn\u00e9ho kamene?<\/strong><br \/>Ano, spole\u010dnost Roxxlyn pou\u017e\u00edv\u00e1 pouze prav\u00fd p\u0159\u00edrodn\u00ed k\u00e1men, jako je mramor a b\u0159idlice. Ka\u017ed\u00fd k\u00e1men je pe\u010dliv\u011b vyb\u00edr\u00e1n, aby byla zaji\u0161t\u011bna nejvy\u0161\u0161\u00ed kvalita a aby vynikla jedine\u010dn\u00e1 struktura a kr\u00e1sa, kterou m\u016f\u017ee nab\u00eddnout pouze prav\u00fd k\u00e1men.<\/p><p><strong>2. Kde se v\u00fdrobky Roxxlyn vyr\u00e1b\u011bj\u00ed?<\/strong><br \/>V\u0161echny na\u0161e v\u00fdrobky jsou vyr\u00e1b\u011bny v N\u011bmecku. M\u00edstn\u00ed v\u00fdroba n\u00e1m umo\u017e\u0148uje zachovat nejvy\u0161\u0161\u00ed standardy designu, kvality a udr\u017eitelnosti. Ka\u017ed\u00fd v\u00fdrobek je pe\u010dliv\u011b a zru\u010dn\u011b ru\u010dn\u011b vyroben.<\/p><p><strong>3. V \u010dem je b\u0159idlice tak jedine\u010dn\u00e1?<\/strong><br \/>B\u0159idlice m\u00e1 v\u00fdraznou vrstvenou strukturu s jemn\u011b drsn\u00fdm povrchem, kter\u00fd j\u00ed dod\u00e1v\u00e1 modern\u00ed, organick\u00fd vzhled. \u010casem b\u0159idlice z\u00edsk\u00e1 matnou patinu, kter\u00e1 umoc\u0148uje jej\u00ed p\u0159irozen\u00fd p\u016fvab. Na\u0161e v\u00fdrobky z b\u0159idlice jsou lehk\u00e9, odoln\u00e9 a nab\u00edzej\u00ed p\u0159\u00edjemn\u00fd hmatov\u00fd, p\u0159ilnav\u00fd pocit.<\/p><p><strong>4. Jak\u00e9 jsou vlastnosti mramoru a jak se m\u011bn\u00ed v \u010dase?<\/strong><br \/>Mramor se vyzna\u010duje le\u0161t\u011bn\u00fdm povrchem s vysok\u00fdm leskem a charakteristick\u00fdm \u017eilkov\u00e1n\u00edm. Jeho povrch m\u016f\u017ee \u010dasem ztratit lesk v d\u016fsledku opot\u0159eben\u00ed. Jeho p\u016fvodn\u00ed lesk v\u0161ak lze snadno obnovit jednoduch\u00fdm vyle\u0161t\u011bn\u00edm. Mramor je ide\u00e1ln\u00ed pro ty, kte\u0159\u00ed oce\u0148uj\u00ed luxusn\u00ed a dlouhotrvaj\u00edc\u00ed estetiku.<\/p><p><strong>5. Jak se starat o mramor a b\u0159idlici?<\/strong><\/p><p><strong>Mramor:<\/strong> Mramorov\u00fd povrch jednodu\u0161e o\u010dist\u011bte m\u011bkk\u00fdm vlhk\u00fdm had\u0159\u00edkem. Pokud je povrch matn\u00fd, m\u016f\u017eete mu vr\u00e1tit lesk pomoc\u00ed le\u0161tidla. V na\u0161\u00ed sekci \"N\u00e1vody\" nab\u00edz\u00edme kompatibiln\u00ed produkty pro p\u00e9\u010di a p\u0159\u00edslu\u0161enstv\u00ed, kter\u00e9 usnad\u0148uj\u00ed le\u0161t\u011bn\u00ed a \u00fadr\u017ebu.<br \/><strong>B\u0159idlice<\/strong>: Na b\u0159idlici pou\u017eijte trochu \u010distic\u00edho prost\u0159edku na sklo a m\u011bkk\u00fd had\u0159\u00edk, kter\u00fdm jemn\u011b ot\u0159ete povrch. Tato jednoduch\u00e1 p\u00e9\u010de zachov\u00e1v\u00e1 p\u0159irozenou strukturu a b\u0159idlice \u010dasem z\u00edsk\u00e1 atraktivn\u00ed patinu.<\/p><p><strong>6. Jsou b\u0159idlice a mramor odoln\u00e9 proti po\u0161kr\u00e1b\u00e1n\u00ed?<\/strong><br \/>P\u0159\u00edrodn\u00ed kameny, jako je b\u0159idlice a mramor, nejsou zcela odoln\u00e9 proti po\u0161kr\u00e1b\u00e1n\u00ed, proto se doporu\u010duje opatrn\u00e9 zach\u00e1zen\u00ed. B\u0159idlice \u010dasem z\u00edsk\u00e1 p\u0159irozenou patinu, kter\u00e1 pom\u00e1h\u00e1 maskovat drobn\u00e9 stopy. Mramor lze podle pot\u0159eby le\u0161tit, aby se odstranily lehk\u00e9 \u0161kr\u00e1bance a obnovil jeho leskl\u00fd povrch.<\/p><p><strong>7. Jak\u00fd je pocit z b\u0159idlice a mramoru?<\/strong><br \/>B\u0159idlice m\u00e1 p\u0159irozen\u011b strukturovan\u00fd matn\u00fd povrch, kter\u00fd p\u016fsob\u00ed modern\u00edm, zemit\u00fdm dojmem a pohodln\u011b se dr\u017e\u00ed. Mramor je naopak hladk\u00fd, chladn\u00fd a vysoce leskl\u00fd - ide\u00e1ln\u00ed pro ty, kte\u0159\u00ed d\u00e1vaj\u00ed p\u0159ednost elegantn\u00edmu, le\u0161t\u011bn\u00e9mu vzhledu. Oba materi\u00e1ly nab\u00edzej\u00ed jedine\u010dn\u00fd hmatov\u00fd z\u00e1\u017eitek.<\/p><p><strong>8. M\u011bn\u00ed se barva kamene v pr\u016fb\u011bhu \u010dasu?<\/strong><br \/>Na\u0161e p\u0159\u00edrodn\u00ed kameny si zachov\u00e1vaj\u00ed svou barvu a strukturu po mnoho let. B\u0159idlice z\u00edsk\u00e1v\u00e1 kr\u00e1snou matnou patinu, zat\u00edmco lesk mramoru lze udr\u017eet ob\u010dasn\u00fdm le\u0161t\u011bn\u00edm. Oba materi\u00e1ly jsou odoln\u00e9 v\u016f\u010di UV z\u00e1\u0159en\u00ed a nevyblednou ani p\u0159i pravideln\u00e9m vystavov\u00e1n\u00ed slunci.<\/p><p><strong>9. Je b\u0159idlicov\u00e1 deska vhodn\u00e1 pro p\u0159\u00edslu\u0161enstv\u00ed, jako jsou pouzdra na telefony?<\/strong><br \/>Rozhodn\u011b! D\u00edky inovativn\u00edm technologi\u00edm zpracov\u00e1n\u00ed je na\u0161e b\u0159idlicov\u00e1 deska velmi tenk\u00e1 a z\u00e1rove\u0148 pevn\u00e1, tak\u017ee je ide\u00e1ln\u00ed pro p\u0159\u00edslu\u0161enstv\u00ed pro ka\u017edodenn\u00ed pou\u017eit\u00ed, jako jsou pouzdra na telefony. Jedine\u010dn\u00e1 textura kamene p\u016fsob\u00ed v ruce bezpe\u010dn\u011b a p\u0159\u00edjemn\u011b.<\/p><p><strong>10. Kde spole\u010dnost Roxxlyn z\u00edsk\u00e1v\u00e1 sv\u00e9 kameny?<\/strong><br \/>Na\u0161e p\u0159\u00edrodn\u00ed kameny z\u00edsk\u00e1v\u00e1me z lom\u016f spravovan\u00fdch udr\u017eiteln\u00fdm zp\u016fsobem a klademe d\u016fraz na zodpov\u011bdn\u00e9 z\u00edsk\u00e1v\u00e1n\u00ed materi\u00e1l\u016f. Ka\u017ed\u00fd kus proch\u00e1z\u00ed d\u016fkladnou kontrolou kvality, aby spl\u0148oval na\u0161e nejvy\u0161\u0161\u00ed standardy a vynikla p\u0159irozen\u00e1 kr\u00e1sa kamene.<\/p>\t\t\t\t\t\t\t\t<\/div>\n\t\t\t\t<\/div>\n\t\t\t\t\t<\/div>\n\t\t<\/div>\n\t\t\t\t\t<\/div>\n\t\t<\/section>\n\t\t\t\t<\/div>","protected":false},"excerpt":{"rendered":"<p>1. Jsou v\u00fdrobky Roxxlyn skute\u010dn\u011b vyrobeny z prav\u00e9ho kamene?Ano, Roxxlyn pou\u017e\u00edv\u00e1 pouze prav\u00fd p\u0159\u00edrodn\u00ed k\u00e1men, jako je mramor a b\u0159idlice. Ka\u017ed\u00fd k\u00e1men je pe\u010dliv\u011b vyb\u00edr\u00e1n, aby byla zaji\u0161t\u011bna nejvy\u0161\u0161\u00ed kvalita...<\/p>","protected":false},"author":2904,"featured_media":0,"parent":0,"menu_order":0,"comment_status":"closed","ping_status":"closed","template":"","meta":{"inline_featured_image":false,"footnotes":""},"class_list":["post-129","page","type-page","status-publish","hentry"],"_links":{"self":[{"href":"https:\/\/roxxlyn.com\/cs\/wp-json\/wp\/v2\/pages\/129","targetHints":{"allow":["GET"]}}],"collection":[{"href":"https:\/\/roxxlyn.com\/cs\/wp-json\/wp\/v2\/pages"}],"about":[{"href":"https:\/\/roxxlyn.com\/cs\/wp-json\/wp\/v2\/types\/page"}],"author":[{"embeddable":true,"href":"https:\/\/roxxlyn.com\/cs\/wp-json\/wp\/v2\/users\/2904"}],"replies":[{"embeddable":true,"href":"https:\/\/roxxlyn.com\/cs\/wp-json\/wp\/v2\/comments?post=129"}],"version-history":[{"count":0,"href":"https:\/\/roxxlyn.com\/cs\/wp-json\/wp\/v2\/pages\/129\/revisions"}],"wp:attachment":[{"href":"https:\/\/roxxlyn.com\/cs\/wp-json\/wp\/v2\/media?parent=129"}],"curies":[{"name":"wp","href":"https:\/\/api.w.org\/{rel}","templated":true}]}}