{"id":12302,"date":"2025-09-05T14:17:02","date_gmt":"2025-09-05T14:17:02","guid":{"rendered":"https:\/\/roxxlyn.com\/?page_id=12302"},"modified":"2025-10-15T11:24:51","modified_gmt":"2025-10-15T11:24:51","slug":"shipping-and-duties","status":"publish","type":"page","link":"https:\/\/roxxlyn.com\/cs\/shipping-and-duties\/","title":{"rendered":"Doprava zdarma po cel\u00e9m sv\u011bt\u011b - jednoduch\u00e9. Transparentn\u00ed. Roxxlyn."},"content":{"rendered":"<div data-elementor-type=\"wp-page\" data-elementor-id=\"12302\" class=\"elementor elementor-12302\" data-elementor-post-type=\"page\">\n\t\t\t\t\t\t<section class=\"elementor-section elementor-top-section elementor-element elementor-element-06a08f9 elementor-section-boxed elementor-section-height-default elementor-section-height-default\" data-id=\"06a08f9\" data-element_type=\"section\" data-e-type=\"section\">\n\t\t\t\t\t\t<div class=\"elementor-container elementor-column-gap-default\">\n\t\t\t\t\t<div class=\"elementor-column elementor-col-100 elementor-top-column elementor-element elementor-element-90e7b84\" data-id=\"90e7b84\" data-element_type=\"column\" data-e-type=\"column\">\n\t\t\t<div class=\"elementor-widget-wrap elementor-element-populated\">\n\t\t\t\t\t\t<div class=\"elementor-element elementor-element-3e1c834 elementor-widget elementor-widget-text-editor\" data-id=\"3e1c834\" data-element_type=\"widget\" data-e-type=\"widget\" data-widget_type=\"text-editor.default\">\n\t\t\t\t<div class=\"elementor-widget-container\">\n\t\t\t\t\t\t\t\t\t<p data-start=\"494\" data-end=\"580\">Ve spole\u010dnosti Roxxlyn v\u011b\u0159\u00edme v jednoduchost a transparentnost - \u017e\u00e1dn\u00e1 p\u0159ekvapen\u00ed, \u017e\u00e1dn\u00e9 skryt\u00e9 n\u00e1klady.<\/p><p data-start=\"582\" data-end=\"758\">Ka\u017ed\u00fd kus Roxxlyn je ru\u010dn\u011b vyroben v N\u011bmecku a odesl\u00e1n. <strong data-start=\"640\" data-end=\"668\">zdarma po cel\u00e9m sv\u011bt\u011b<\/strong>.<br data-start=\"669\" data-end=\"672\" \/>V\u0161echny ceny, kter\u00e9 vid\u00edte u pokladny, jsou <strong data-start=\"707\" data-end=\"730\">kone\u010dn\u00fd a souhrnn\u00fd<\/strong> - v z\u00e1vislosti na regionu:<\/p><ul data-start=\"760\" data-end=\"1272\"><li data-start=\"760\" data-end=\"877\"><p data-start=\"762\" data-end=\"877\"><strong data-start=\"762\" data-end=\"781\">Evropsk\u00e1 unie:<\/strong> V\u0161echny ceny ji\u017e zahrnuj\u00ed DPH platnou ve va\u0161\u00ed zemi. \u017d\u00e1dn\u00e9 dal\u0161\u00ed dan\u011b ani dovozn\u00ed poplatky.<\/p><\/li><li data-start=\"878\" data-end=\"1117\"><p data-start=\"880\" data-end=\"1117\"><strong data-start=\"880\" data-end=\"898\">Spojen\u00e9 st\u00e1ty americk\u00e9:<\/strong> Ka\u017ed\u00e1 objedn\u00e1vka se odes\u00edl\u00e1 <strong data-start=\"917\" data-end=\"948\">Dodan\u00e9 placen\u00e9 clo (DDP)<\/strong>. To znamen\u00e1, \u017ee v\u0161echny <strong data-start=\"965\" data-end=\"1019\">dovozn\u00ed cla, celn\u00ed poplatky a st\u00e1tn\u00ed dan\u011b z prodeje.<\/strong> jsou pln\u011b hrazeny z na\u0161\u00ed strany. P\u0159i doru\u010den\u00ed neplat\u00edte nic nav\u00edc - \u017e\u00e1dn\u00e9 pap\u00edrov\u00e1n\u00ed, \u017e\u00e1dn\u00e9 skryt\u00e9 poplatky.<\/p><\/li><li data-start=\"1118\" data-end=\"1272\"><p data-start=\"1120\" data-end=\"1272\"><strong data-start=\"1120\" data-end=\"1142\">Zbytek sv\u011bta:<\/strong> Nab\u00edz\u00edme bezplatnou dopravu, ale m\u00edstn\u00ed celn\u00ed poplatky nebo dan\u011b (pokud se na n\u011b vztahuje) mohou b\u00fdt vyb\u00edr\u00e1ny m\u00edstn\u00edmi \u00fa\u0159ady p\u0159i dovozu.<\/p><\/li><\/ul><p data-start=\"1274\" data-end=\"1392\">Na\u0161\u00edm c\u00edlem je, aby ka\u017ed\u00e1 dod\u00e1vka Roxxlyn byla bezprobl\u00e9mov\u00e1, transparentn\u00ed a prvot\u0159\u00eddn\u00ed - stejn\u011b rafinovan\u00e1 jako kus uvnit\u0159.<\/p>\t\t\t\t\t\t\t\t<\/div>\n\t\t\t\t<\/div>\n\t\t\t\t\t<\/div>\n\t\t<\/div>\n\t\t\t\t\t<\/div>\n\t\t<\/section>\n\t\t\t\t<\/div>","protected":false},"excerpt":{"rendered":"<p>Ve spole\u010dnosti Roxxlyn v\u011b\u0159\u00edme v jednoduchost a transparentnost - \u017e\u00e1dn\u00e1 p\u0159ekvapen\u00ed, \u017e\u00e1dn\u00e9 skryt\u00e9 n\u00e1klady. Ka\u017ed\u00fd kousek Roxxlyn je ru\u010dn\u011b vyroben v N\u011bmecku a zas\u00edl\u00e1n zdarma po cel\u00e9m sv\u011bt\u011b.V\u0161echny ceny, kter\u00e9 vid\u00edte, jsou...<\/p>","protected":false},"author":2904,"featured_media":0,"parent":0,"menu_order":0,"comment_status":"closed","ping_status":"closed","template":"","meta":{"inline_featured_image":false,"footnotes":""},"class_list":["post-12302","page","type-page","status-publish","hentry"],"_links":{"self":[{"href":"https:\/\/roxxlyn.com\/cs\/wp-json\/wp\/v2\/pages\/12302","targetHints":{"allow":["GET"]}}],"collection":[{"href":"https:\/\/roxxlyn.com\/cs\/wp-json\/wp\/v2\/pages"}],"about":[{"href":"https:\/\/roxxlyn.com\/cs\/wp-json\/wp\/v2\/types\/page"}],"author":[{"embeddable":true,"href":"https:\/\/roxxlyn.com\/cs\/wp-json\/wp\/v2\/users\/2904"}],"replies":[{"embeddable":true,"href":"https:\/\/roxxlyn.com\/cs\/wp-json\/wp\/v2\/comments?post=12302"}],"version-history":[{"count":0,"href":"https:\/\/roxxlyn.com\/cs\/wp-json\/wp\/v2\/pages\/12302\/revisions"}],"wp:attachment":[{"href":"https:\/\/roxxlyn.com\/cs\/wp-json\/wp\/v2\/media?parent=12302"}],"curies":[{"name":"wp","href":"https:\/\/api.w.org\/{rel}","templated":true}]}}